{"id":8226,"date":"2023-12-05T16:27:59","date_gmt":"2023-12-05T14:28:00","guid":{"rendered":"https:\/\/lakaluk.com\/?post_type=product&#038;p=8226"},"modified":"2025-02-26T15:07:53","modified_gmt":"2025-02-26T13:07:53","slug":"ohuke-volditav-torntool","status":"publish","type":"product","link":"https:\/\/lakaluk.com\/et\/toode\/ohuke-volditav-torntool\/","title":{"rendered":"\u00d5HUKE KOKKUPANDAV MUUTUVA K\u00d5RGUSEGA TORNTOOL"},"content":{"rendered":"<p>Ronimispukk, k\u00f6\u00f6gipukk, astmelaud, k\u00f6\u00f6gitorn, laste torntool, valditav torntool\u00a0 v\u00f5i montessori pukk. Jah, torntoolide nimetusi ja stiile on erinevaid, aga k\u00f5iki neid \u00fchendab \u00fcks eesm\u00e4rk \u2013 toetada v\u00e4ikelast andes talle v\u00f5imaluse mugavalt ja turvaliselt k\u00f5rgematele tasapindadele j\u00f5udmiseks, et ka tema saaks igap\u00e4eva asjatustest osa v\u00f5tta. Turvalisuse tagamiseks on volditav torntool \u00e4\u00e4ristatud k\u00f5ikidelt k\u00fclgedelt, mis toetavad last p\u00fcstiseismisel ning kaitsevad kukkumisest.<\/p>\n<p>K\u00f6\u00f6gipukid on populaarsed Montessori kogukonnas, mille meetodiks on lapsest l\u00e4htuvad tegevused, eesm\u00e4rgiga toetada ja arendada laste iseseisvust. Lapsest l\u00e4htuvad tegevused ei t\u00e4henda siinkohal seda, et laps v\u00f5ib teha, mida iganes tahab, vaid seda, et kasvukeskkond vastab tema arenguvajadustele ning tal on selle raames vabadus iseseisvalt tegutseda. Ja siin tulevadki m\u00e4ngu k\u00f6\u00f6gipukid, mille abil ronida k\u00f5\u00f6gi tasapinnani end abikokaks pakkudes v\u00f5i kraanikausini oma esimesi kikusid harjama. Sealjuures seda tehes turvalises ja hoitud keskkonnas.<\/p>\n<p>LAKALUKi uusim kokkupandav torntool on k\u00f5ige v\u00e4hem ruumi v\u00f5ttev volditav torntool, mis kunagi loodud!<\/p>\n<p>Parim valik kui ruumi on pigem v\u00e4he v\u00f5i soov torntool mitte kasutades see eest \u00e4ra panna. Volditav torntool aitab turvaliselt p\u00fcrgida k\u00f6\u00f6gikapini, kus lapsevanem toimetab v\u00f5i kapipealselt ihaldatud m\u00e4nguasja haarama.<\/p>\n<p>Paari imelihtsa liigutusega, sh \u00fche k\u00e4ega, saab puki kokku panna v\u00f5i lapse jaoks lahti v\u00f5tta.<\/p>\n<p>Kindlasti soovime t\u00e4helepanu p\u00f6\u00f6rata meie kasutatavale materjalile. Melamiin kattega vineer on h\u00fcgieeniline, veekindel ja nii lihtsasti puhastatav, et vaid vee ja lapiga puhastades on pind ikka ja alati nagu uus. Tavalisse lakitud v\u00f5i v\u00e4rvitud vineeri imendub aja jooksul niiskus ja mustus, mis muudab teda raskesti puhastavaks. Melamiin kattega vineer on h\u00fcgieeniline, lihtsasti puhastatav, vastupidav kriimustustele, niiskusele ja hallitusele.<\/p>\n<p>&nbsp;<\/p>\n<p>Torntool on disainitud toetudes Montessori\u00a0 pedagoogikale \u2013 kaasata laps oma igap\u00e4evategevustesse ning seel\u00e4bi toetada tema arengut. V\u00f5it k\u00f5igi \u2013 lapse kui ja lapsevanema jaoks.<\/p>\n<p>Torntool on v\u00e4ljat\u00f6\u00f6datud toetudes Euroopa standardimisorganisatsiooni standardile EN 71:M\u00e4nguasjade ohutus.<\/p>\n<p>Soovitame torntooli kasuatada alates lapse esimesest eluaastast.<br \/>\nToote kokkupanemine j\u00e4\u00e4b lapsevanema ja lapse tegemiseks. Kokkupanemisel l\u00e4heb tarvis ristpea kruvikeerajat.<\/p>\n<p>Materjal:\u00a0 Melamiinkattega kasevineer<\/p>\n<p>&nbsp;<\/p>\n<p>V\u00c4RVID\ud83c\udfa8<br \/>\n\u2501\u2501\u2501\u2501\u2501\u2501\u2501\u2501\u2501\u2501\u2501\u2501\u2501\u2501\u2501\u2501\u2501<br \/>\nBLACK &#8211; Melamiinkate<br \/>\nWHITE &#8211; Melamiinkate<br \/>\nGREY &#8211; Melamiinkate<br \/>\nVINEER &#8211; Hoolikalt lihvitud vineer, mida on v\u00f5imalik t\u00f6\u00f6delda endale sobiva vahendiga.<br \/>\n\u00d5LITATUD VINEER &#8211; Hoolikalt \u00f5litatud linaseemne\u00f5liga. \u00d5litatud pukk on niiskukindel, aga v\u00e4hem vastupidav kui melamiinkattega pukid.<\/p>\n<p>&nbsp;<\/p>\n<p><strong>M\u00d5\u00d5DUD:<\/strong><\/p>\n<p>K\u00f5rgus: 90cm<br \/>\nLaius: 42cm (59cm k\u00fclgmiste tugedega)<br \/>\nS\u00fcgavus: 40 cm<\/p>\n<p>Esimese astme k\u00f5rgus: 23 cm<br \/>\nSeisuplaadi k\u00f5rgused:<\/p>\n<ul>\n<li>38cm<\/li>\n<li>45cm<\/li>\n<li>52cm<\/li>\n<\/ul>\n<p>Seisuplaadi m\u00f5\u00f5dud: 30x40cm<\/p>\n<p><strong>M\u00d5\u00d5DUD KOKKUPANDUNA:<\/strong><\/p>\n<p>K\u00f5rgus: 102 cm<br \/>\nLaius: 42 cm<br \/>\nS\u00fcgavus: 8 cm<\/p>\n<p>LAKALUKi torntool on loodud armastusega meie Tallinnas asuvas t\u00f6\u00f6kojas.<\/p>\n<p>Kuidas ja millal sa oma paki k\u00e4tte saad v\u00f5id lugeda <a href=\"https:\/\/lakaluk.com\/et\/tarneviisid\/\">siit<\/a>.<\/p>\n<p>LAKALUK on kodumaine loovstuudi, kelle jaoks on oluline lapse loomingulisuse areng ja maailma avastamamine l\u00e4bi naturaalsete materjalide. K\u00f5ik LAKALUKi tooted on k\u00e4sitsi toodetud Eestis.<\/p>\n<p>Leia meid<a href=\"https:\/\/www.facebook.com\/lakaluklakaluk\"> facebookis<\/a> ja <a href=\"http:\/\/www.instagram.com\/lakalukshop\">instagrammis<\/a>!<\/p>\n<section class=\"related products\"><\/section>\n<section class=\"related products\"><\/section>\n","protected":false},"excerpt":{"rendered":"<p><strong>K\u00d5IGE TURVALISEM JA PARIMA KATTEMATERJALIGA PUKK EESTIS, MIS KA P\u00c4RAST SINU LAPSE KASUTAMIST N\u00c4EB IKKA JA J\u00c4LLE V\u00c4LJA NAGU UUS!<\/strong><\/p>\n<p>&nbsp;<\/p>\n<p>&nbsp;<\/p>\n<p>&nbsp;<\/p>\n<p>LAKALUKi uusim kokkupandav torntool on k\u00f5ige v\u00e4hem ruumi v\u00f5ttev k\u00f6\u00f6gipukk, mis kunagi loodud! Kokkupanduna on puki paksus ainult 8cm!<\/p>\n<p>&nbsp;<\/p>\n<p>LAKALUKi kokkupandav ronimispukk on parim valik kui ruumi on pigem v\u00e4he v\u00f5i soov pukki mitte kasutades see eest \u00e4ra panna. Kokkupandav pukk aitab turvaliselt p\u00fcrgida k\u00f6\u00f6gikapini, kus lapsevanem toimetab v\u00f5i kapipealselt ihaldatud m\u00e4nguasja haarama.<\/p>\n<p>&nbsp;<\/p>\n<p>Toodet on t\u00e4iustatud innovaatiliste k\u00fclgmiste tugedega, mis muudab torntooli k\u00fclgmise stabiilsuse veelgi turvalisemaks.<\/p>\n<p>&nbsp;<\/p>\n<p>Paari imelihtsa liigutusega, sh \u00fche k\u00e4ega, saab puki kokku panna v\u00f5i lapse jaoks lahti v\u00f5tta.<\/p>\n<p>&nbsp;<\/p>\n[video width=\"1744\" height=\"1036\" mp4=\"https:\/\/lakaluk.com\/wp-content\/uploads\/2023\/12\/VID_20231006_0947064.mp4\"][\/video]\n<p>&nbsp;<\/p>\n<p>&nbsp;<\/p>\n<p>&nbsp;<\/p>\n<p>Kindlasti soovime t\u00e4helepanu p\u00f6\u00f6rata meie kasutatavale materjalile. Melamiin kattega vineer on h\u00fcgieeniline, veekindel ja nii lihtsasti puhastatav, et vaid vee ja lapiga puhastades on pind ikka ja alati nagu uus. Tavalisse lakitud v\u00f5i v\u00e4rvitud vineeri imendub aja jooksul niiskus ja mustus, mis muudab teda raskesti puhastavaks. Melamiin kattega vineer on h\u00fcgieeniline, lihtsasti puhastatav, vastupidav kriimustustele, niiskusele ja hallitusele.<\/p>\n<p>&nbsp;<\/p>\n<p>LAKALUKi ronimispukk on loodud armastusega meie Tallinnas asuvas t\u00f6\u00f6kojas.<\/p>\n<p>&nbsp;<\/p>\n<p>Loe rohkem\u00a0<a href=\"https:\/\/lakaluk.com\/laste-torntool-kuidas-valida-abc\/\"><strong>siit<\/strong>,<\/a>\u00a0milline pukk oleks just teie pere jaoks parim valik.<\/p>\n","protected":false},"featured_media":8286,"template":"","meta":[],"product_cat":[99,92,71],"product_tag":[97],"class_list":{"0":"post-8226","1":"product","2":"type-product","3":"status-publish","4":"has-post-thumbnail","6":"product_cat-torntool","7":"product_cat-lastetoa-sisustus","8":"product_cat-manguaeg","9":"product_tag-ronimispukk","11":"first","12":"instock","13":"taxable","14":"shipping-taxable","15":"purchasable","16":"product-type-variable","17":"has-default-attributes","18":"add-to-wishlist-after_add_to_cart"},"yoast_head":"<!-- This site is optimized with the Yoast SEO plugin v24.3 - https:\/\/yoast.com\/wordpress\/plugins\/seo\/ -->\n<title>VOLDITAV TORNTOOL - KOKKUPANDAV K\u00d6\u00d6GIPUKK- LAKALUK<\/title>\n<meta name=\"description\" content=\"Volditav torntool on parim valik kui ruumi on pigem v\u00e4he. Paari imelihtsa liigutusega saab puki kokku panna v\u00f5i lapse jaoks lahti v\u00f5tta.\" \/>\n<meta name=\"robots\" content=\"index, follow, max-snippet:-1, max-image-preview:large, max-video-preview:-1\" \/>\n<link rel=\"canonical\" href=\"https:\/\/lakaluk.com\/et\/toode\/ohuke-volditav-torntool\/\" \/>\n<meta property=\"og:locale\" content=\"et_EE\" \/>\n<meta property=\"og:type\" content=\"article\" \/>\n<meta property=\"og:title\" content=\"Panda K\u00f6\u00f6gipukk\" \/>\n<meta property=\"og:description\" content=\"Volditav torntool on parim valik kui ruumi on pigem v\u00e4he. Paari imelihtsa liigutusega saab puki kokku panna v\u00f5i lapse jaoks lahti v\u00f5tta.\" \/>\n<meta property=\"og:url\" content=\"https:\/\/lakaluk.com\/et\/toode\/ohuke-volditav-torntool\/\" \/>\n<meta property=\"og:site_name\" content=\"LAKALUK\" \/>\n<meta property=\"article:modified_time\" content=\"2025-02-26T13:07:53+00:00\" \/>\n<meta property=\"og:image\" content=\"https:\/\/lakaluk.com\/wp-content\/uploads\/2023\/12\/20230927_110733-1.jpg\" \/>\n\t<meta property=\"og:image:width\" content=\"979\" \/>\n\t<meta property=\"og:image:height\" content=\"969\" \/>\n\t<meta property=\"og:image:type\" content=\"image\/jpeg\" \/>\n<meta name=\"twitter:card\" content=\"summary_large_image\" \/>\n<meta name=\"twitter:label1\" content=\"Est. reading time\" \/>\n\t<meta name=\"twitter:data1\" content=\"3 minutit\" \/>\n<script type=\"application\/ld+json\" class=\"yoast-schema-graph\">{\"@context\":\"https:\/\/schema.org\",\"@graph\":[{\"@type\":\"WebPage\",\"@id\":\"https:\/\/lakaluk.com\/et\/toode\/ohuke-volditav-torntool\/\",\"url\":\"https:\/\/lakaluk.com\/et\/toode\/ohuke-volditav-torntool\/\",\"name\":\"VOLDITAV TORNTOOL - KOKKUPANDAV K\u00d6\u00d6GIPUKK- LAKALUK\",\"isPartOf\":{\"@id\":\"https:\/\/lakaluk.com\/et\/#website\"},\"primaryImageOfPage\":{\"@id\":\"https:\/\/lakaluk.com\/et\/toode\/ohuke-volditav-torntool\/#primaryimage\"},\"image\":{\"@id\":\"https:\/\/lakaluk.com\/et\/toode\/ohuke-volditav-torntool\/#primaryimage\"},\"thumbnailUrl\":\"https:\/\/lakaluk.com\/wp-content\/uploads\/2023\/12\/20230927_110733-1.jpg\",\"datePublished\":\"2023-12-05T14:28:00+00:00\",\"dateModified\":\"2025-02-26T13:07:53+00:00\",\"description\":\"Volditav torntool on parim valik kui ruumi on pigem v\u00e4he. Paari imelihtsa liigutusega saab puki kokku panna v\u00f5i lapse jaoks lahti v\u00f5tta.\",\"breadcrumb\":{\"@id\":\"https:\/\/lakaluk.com\/et\/toode\/ohuke-volditav-torntool\/#breadcrumb\"},\"inLanguage\":\"et\",\"potentialAction\":[{\"@type\":\"ReadAction\",\"target\":[\"https:\/\/lakaluk.com\/et\/toode\/ohuke-volditav-torntool\/\"]}]},{\"@type\":\"ImageObject\",\"inLanguage\":\"et\",\"@id\":\"https:\/\/lakaluk.com\/et\/toode\/ohuke-volditav-torntool\/#primaryimage\",\"url\":\"https:\/\/lakaluk.com\/wp-content\/uploads\/2023\/12\/20230927_110733-1.jpg\",\"contentUrl\":\"https:\/\/lakaluk.com\/wp-content\/uploads\/2023\/12\/20230927_110733-1.jpg\",\"width\":979,\"height\":969,\"caption\":\"ADjustable height folding learning tower foldable helper tower toddler step stool kitchen tower\"},{\"@type\":\"BreadcrumbList\",\"@id\":\"https:\/\/lakaluk.com\/et\/toode\/ohuke-volditav-torntool\/#breadcrumb\",\"itemListElement\":[{\"@type\":\"ListItem\",\"position\":1,\"name\":\"Esileht\",\"item\":\"https:\/\/lakaluk.com\/et\/\"},{\"@type\":\"ListItem\",\"position\":2,\"name\":\"Shop\",\"item\":\"https:\/\/lakaluk.com\/\"},{\"@type\":\"ListItem\",\"position\":3,\"name\":\"\u00d5HUKE KOKKUPANDAV MUUTUVA K\u00d5RGUSEGA TORNTOOL\"}]},{\"@type\":\"WebSite\",\"@id\":\"https:\/\/lakaluk.com\/et\/#website\",\"url\":\"https:\/\/lakaluk.com\/et\/\",\"name\":\"LAKALUK\",\"description\":\"\",\"publisher\":{\"@id\":\"https:\/\/lakaluk.com\/et\/#organization\"},\"potentialAction\":[{\"@type\":\"SearchAction\",\"target\":{\"@type\":\"EntryPoint\",\"urlTemplate\":\"https:\/\/lakaluk.com\/et\/?s={search_term_string}\"},\"query-input\":{\"@type\":\"PropertyValueSpecification\",\"valueRequired\":true,\"valueName\":\"search_term_string\"}}],\"inLanguage\":\"et\"},{\"@type\":\"Organization\",\"@id\":\"https:\/\/lakaluk.com\/et\/#organization\",\"name\":\"LAKALUK O\u00dc\",\"url\":\"https:\/\/lakaluk.com\/et\/\",\"logo\":{\"@type\":\"ImageObject\",\"inLanguage\":\"et\",\"@id\":\"https:\/\/lakaluk.com\/et\/#\/schema\/logo\/image\/\",\"url\":\"https:\/\/lakaluk.com\/wp-content\/uploads\/2020\/02\/LAKALUK-1-1-1.png\",\"contentUrl\":\"https:\/\/lakaluk.com\/wp-content\/uploads\/2020\/02\/LAKALUK-1-1-1.png\",\"width\":324,\"height\":324,\"caption\":\"LAKALUK O\u00dc\"},\"image\":{\"@id\":\"https:\/\/lakaluk.com\/et\/#\/schema\/logo\/image\/\"},\"sameAs\":[\"https:\/\/www.instagram.com\/kekonigram\/\"]}]}<\/script>\n<!-- \/ Yoast SEO plugin. -->","yoast_head_json":{"title":"VOLDITAV TORNTOOL - KOKKUPANDAV K\u00d6\u00d6GIPUKK- LAKALUK","description":"Volditav torntool on parim valik kui ruumi on pigem v\u00e4he. Paari imelihtsa liigutusega saab puki kokku panna v\u00f5i lapse jaoks lahti v\u00f5tta.","robots":{"index":"index","follow":"follow","max-snippet":"max-snippet:-1","max-image-preview":"max-image-preview:large","max-video-preview":"max-video-preview:-1"},"canonical":"https:\/\/lakaluk.com\/et\/toode\/ohuke-volditav-torntool\/","og_locale":"et_EE","og_type":"article","og_title":"Panda K\u00f6\u00f6gipukk","og_description":"Volditav torntool on parim valik kui ruumi on pigem v\u00e4he. Paari imelihtsa liigutusega saab puki kokku panna v\u00f5i lapse jaoks lahti v\u00f5tta.","og_url":"https:\/\/lakaluk.com\/et\/toode\/ohuke-volditav-torntool\/","og_site_name":"LAKALUK","article_modified_time":"2025-02-26T13:07:53+00:00","og_image":[{"width":979,"height":969,"url":"https:\/\/lakaluk.com\/wp-content\/uploads\/2023\/12\/20230927_110733-1.jpg","type":"image\/jpeg"}],"twitter_card":"summary_large_image","twitter_misc":{"Est. reading time":"3 minutit"},"schema":{"@context":"https:\/\/schema.org","@graph":[{"@type":"WebPage","@id":"https:\/\/lakaluk.com\/et\/toode\/ohuke-volditav-torntool\/","url":"https:\/\/lakaluk.com\/et\/toode\/ohuke-volditav-torntool\/","name":"VOLDITAV TORNTOOL - KOKKUPANDAV K\u00d6\u00d6GIPUKK- LAKALUK","isPartOf":{"@id":"https:\/\/lakaluk.com\/et\/#website"},"primaryImageOfPage":{"@id":"https:\/\/lakaluk.com\/et\/toode\/ohuke-volditav-torntool\/#primaryimage"},"image":{"@id":"https:\/\/lakaluk.com\/et\/toode\/ohuke-volditav-torntool\/#primaryimage"},"thumbnailUrl":"https:\/\/lakaluk.com\/wp-content\/uploads\/2023\/12\/20230927_110733-1.jpg","datePublished":"2023-12-05T14:28:00+00:00","dateModified":"2025-02-26T13:07:53+00:00","description":"Volditav torntool on parim valik kui ruumi on pigem v\u00e4he. Paari imelihtsa liigutusega saab puki kokku panna v\u00f5i lapse jaoks lahti v\u00f5tta.","breadcrumb":{"@id":"https:\/\/lakaluk.com\/et\/toode\/ohuke-volditav-torntool\/#breadcrumb"},"inLanguage":"et","potentialAction":[{"@type":"ReadAction","target":["https:\/\/lakaluk.com\/et\/toode\/ohuke-volditav-torntool\/"]}]},{"@type":"ImageObject","inLanguage":"et","@id":"https:\/\/lakaluk.com\/et\/toode\/ohuke-volditav-torntool\/#primaryimage","url":"https:\/\/lakaluk.com\/wp-content\/uploads\/2023\/12\/20230927_110733-1.jpg","contentUrl":"https:\/\/lakaluk.com\/wp-content\/uploads\/2023\/12\/20230927_110733-1.jpg","width":979,"height":969,"caption":"ADjustable height folding learning tower foldable helper tower toddler step stool kitchen tower"},{"@type":"BreadcrumbList","@id":"https:\/\/lakaluk.com\/et\/toode\/ohuke-volditav-torntool\/#breadcrumb","itemListElement":[{"@type":"ListItem","position":1,"name":"Esileht","item":"https:\/\/lakaluk.com\/et\/"},{"@type":"ListItem","position":2,"name":"Shop","item":"https:\/\/lakaluk.com\/"},{"@type":"ListItem","position":3,"name":"\u00d5HUKE KOKKUPANDAV MUUTUVA K\u00d5RGUSEGA TORNTOOL"}]},{"@type":"WebSite","@id":"https:\/\/lakaluk.com\/et\/#website","url":"https:\/\/lakaluk.com\/et\/","name":"LAKALUK","description":"","publisher":{"@id":"https:\/\/lakaluk.com\/et\/#organization"},"potentialAction":[{"@type":"SearchAction","target":{"@type":"EntryPoint","urlTemplate":"https:\/\/lakaluk.com\/et\/?s={search_term_string}"},"query-input":{"@type":"PropertyValueSpecification","valueRequired":true,"valueName":"search_term_string"}}],"inLanguage":"et"},{"@type":"Organization","@id":"https:\/\/lakaluk.com\/et\/#organization","name":"LAKALUK O\u00dc","url":"https:\/\/lakaluk.com\/et\/","logo":{"@type":"ImageObject","inLanguage":"et","@id":"https:\/\/lakaluk.com\/et\/#\/schema\/logo\/image\/","url":"https:\/\/lakaluk.com\/wp-content\/uploads\/2020\/02\/LAKALUK-1-1-1.png","contentUrl":"https:\/\/lakaluk.com\/wp-content\/uploads\/2020\/02\/LAKALUK-1-1-1.png","width":324,"height":324,"caption":"LAKALUK O\u00dc"},"image":{"@id":"https:\/\/lakaluk.com\/et\/#\/schema\/logo\/image\/"},"sameAs":["https:\/\/www.instagram.com\/kekonigram\/"]}]}},"_links":{"self":[{"href":"https:\/\/lakaluk.com\/et\/wp-json\/wp\/v2\/product\/8226","targetHints":{"allow":["GET"]}}],"collection":[{"href":"https:\/\/lakaluk.com\/et\/wp-json\/wp\/v2\/product"}],"about":[{"href":"https:\/\/lakaluk.com\/et\/wp-json\/wp\/v2\/types\/product"}],"wp:featuredmedia":[{"embeddable":true,"href":"https:\/\/lakaluk.com\/et\/wp-json\/wp\/v2\/media\/8286"}],"wp:attachment":[{"href":"https:\/\/lakaluk.com\/et\/wp-json\/wp\/v2\/media?parent=8226"}],"wp:term":[{"taxonomy":"product_cat","embeddable":true,"href":"https:\/\/lakaluk.com\/et\/wp-json\/wp\/v2\/product_cat?post=8226"},{"taxonomy":"product_tag","embeddable":true,"href":"https:\/\/lakaluk.com\/et\/wp-json\/wp\/v2\/product_tag?post=8226"}],"curies":[{"name":"wp","href":"https:\/\/api.w.org\/{rel}","templated":true}]}}