{"id":5638,"date":"2020-09-30T15:14:09","date_gmt":"2020-09-30T12:14:09","guid":{"rendered":"https:\/\/lakaluk.com\/?post_type=product&#038;p=5638"},"modified":"2020-10-01T10:15:33","modified_gmt":"2020-10-01T07:15:33","slug":"kuubiktool","status":"publish","type":"product","link":"https:\/\/lakaluk.com\/et\/toode\/kuubiktool\/","title":{"rendered":"M\u00f5mmi Kuubiktool"},"content":{"rendered":"<div class=\"kvgmc6g5 cxmmr5t8 oygrvhab hcukyx3x c1et5uql\">LAKALUKi kuubiktool pole pelgalt tool &#8211; teda saab lisaks kasutada ka lauana.<\/div>\n<div class=\"o9v6fnle cxmmr5t8 oygrvhab hcukyx3x c1et5uql\">M\u00f5mmi kuubiktool on disainitud toetudes Montessori pedagoogikale ja praktilise kuubiktooli ideele. \u00dchtepidi tooli kasutades on see laud, teistpidi tool ja kolmandat pidi k\u00f5rgem tool.<\/div>\n<div><\/div>\n<div>\n<p>M\u00d5\u00d5DUD<\/p>\n<ul>\n<li>LAIUS: 32 cm<\/li>\n<li>K\u00d5RGUS: 29 cm<\/li>\n<li>S\u00dcGAVUS: 28 cm<\/li>\n<li>ISTME K\u00d5RGUS: 12\u00a0 v\u00f5i 17 cm<\/li>\n<\/ul>\n<p>MATERJAL:<\/p>\n<p>Kergelt puhastav filmi kattega kasevineer<\/p>\n<p>&nbsp;<\/p>\n<p>Tarneajad on n\u00e4htavad\u00a0<a href=\"https:\/\/lakaluk.com\/et?page_id=3900\">siin!<\/a><\/p>\n<p>J\u00e4lgi meid ka\u00a0<a href=\"https:\/\/www.facebook.com\/lakaluklakaluk\">facebookis<\/a>\u00a0v\u00f5i\u00a0<a href=\"http:\/\/www.instagram.com\/lakalukshop\">instagrammis<\/a>!<\/p>\n<p>&nbsp;<\/p>\n<p>Lakaluk on tilluke loovstuudio, mis on keskendunud k\u00e4sitsi tootmisele \u2013 lastetoa aksessuaaridele ja m\u00e4nguasjadele, disainiteadlikele perekondadele. Lakaluki br\u00e4nd on Kertu tegu ja n\u00e4gu, kes on ka peamiseks disaineriks ja toodete valmistajaks. Kertu suurimaks inspiratsiooniks oli tema poja s\u00fcnd 2017. aasta septembris, kui ta avastas enda jaoks t\u00e4iesti uue maailma \u2013 mis on t\u00e4is m\u00e4nguasju ja lastetoa ilu. Inspiratsiooni pakub talle Sknadinaavia disaini lihtsus, minimalism, geomeetria ja loodus. Lakaluki missioon on luua unikaalsust, kvalteeti ja lapses\u00f5bralikke tooteid just k\u00f5ige pisematele, mis pakuks silmailu ja naudingut ka t\u00e4iskasvanutele. Lakaluki jaoks on oluline, et lapse loomingulisuse areng ja maailma avastamamine k\u00e4iks l\u00e4bi naturaalsete materjalide. K\u00f5ik Lakaluki tooted on k\u00e4sitsi toodetud ja k\u00e4sitsi v\u00e4rvitud Eestis.<\/p>\n<\/div>\n","protected":false},"excerpt":{"rendered":"<div>\n<div class=\"kvgmc6g5 cxmmr5t8 oygrvhab hcukyx3x c1et5uql\">LAKALUKi M\u00f5mmi kuubiktool pole pelgalt tool &#8211; teda saab lisaks kasutada ka lauana.<\/div>\n<div><\/div>\n<div><\/div>\n<div><\/div>\n<div class=\"o9v6fnle cxmmr5t8 oygrvhab hcukyx3x c1et5uql\">M\u00f5mmi kuubiktool on disainitud toetudes Montessori pedagoogikale ja praktilise kuubiktooli ideele. \u00dchtepidi tooli kasutades on see laud, teistpidi tool ja kolmandat pidi k\u00f5rgem tool.<\/div>\n<\/div>\n<div><\/div>\n<div><\/div>\n<div>\n<div>\n<p>Kindlasti soovime t\u00e4helepanu p\u00f6\u00f6rata meie kasutatavale materjalile. Filmi kattega vineer on h\u00fcgieeniline ja nii lihtsasti puhastatav, et vaid vee ja lapiga puhastades on pind ikka ja alati nagu uus.<\/p>\n<\/div>\n<\/div>\n<div>\n<p>&nbsp;<\/p>\n<\/div>\n","protected":false},"featured_media":5648,"template":"","meta":[],"product_cat":[92,71],"product_tag":[79,82,80],"class_list":{"0":"post-5638","1":"product","2":"type-product","3":"status-publish","4":"has-post-thumbnail","6":"product_cat-lastetoa-sisustus","7":"product_cat-manguaeg","8":"product_tag-nukumaja","9":"product_tag-riiul","10":"product_tag-tool","12":"first","13":"instock","14":"taxable","15":"shipping-taxable","16":"purchasable","17":"product-type-simple","18":"add-to-wishlist-after_add_to_cart"},"yoast_head":"<!-- This site is optimized with the Yoast SEO plugin v24.3 - https:\/\/yoast.com\/wordpress\/plugins\/seo\/ -->\n<title>KUUBIKTOOL - MONTESSORI TOOL - LASTE LAUD &amp; TOOL - LAKALUK<\/title>\n<meta name=\"description\" content=\"M\u00f5mmi kuubiktool on disainitud toetudes Montessori pedagoogikale. \u00dchtepidi tooli kasutades on see laud, teistpidi tool ja kolmandat pidi k\u00f5rgem tool.\" \/>\n<meta name=\"robots\" content=\"index, follow, max-snippet:-1, max-image-preview:large, max-video-preview:-1\" \/>\n<link rel=\"canonical\" href=\"https:\/\/lakaluk.com\/toode\/montessori_cube_chair\/\" \/>\n<meta property=\"og:locale\" content=\"et_EE\" \/>\n<meta property=\"og:type\" content=\"article\" \/>\n<meta property=\"og:title\" content=\"KUUBIKTOOL - MONTESSORI TOOL - LASTE LAUD &amp; TOOL - LAKALUK\" \/>\n<meta property=\"og:description\" content=\"M\u00f5mmi kuubiktool on disainitud toetudes Montessori pedagoogikale. \u00dchtepidi tooli kasutades on see laud, teistpidi tool ja kolmandat pidi k\u00f5rgem tool.\" \/>\n<meta property=\"og:url\" content=\"https:\/\/lakaluk.com\/toode\/montessori_cube_chair\/\" \/>\n<meta property=\"og:site_name\" content=\"LAKALUK\" \/>\n<meta property=\"article:modified_time\" content=\"2020-10-01T07:15:33+00:00\" \/>\n<meta property=\"og:image\" content=\"https:\/\/lakaluk.com\/wp-content\/uploads\/2020\/09\/square.jpg\" \/>\n\t<meta property=\"og:image:width\" content=\"1005\" \/>\n\t<meta property=\"og:image:height\" content=\"975\" \/>\n\t<meta property=\"og:image:type\" content=\"image\/jpeg\" \/>\n<meta name=\"twitter:card\" content=\"summary_large_image\" \/>\n<meta name=\"twitter:label1\" content=\"Est. reading time\" \/>\n\t<meta name=\"twitter:data1\" content=\"1 minut\" \/>\n<script type=\"application\/ld+json\" class=\"yoast-schema-graph\">{\"@context\":\"https:\/\/schema.org\",\"@graph\":[{\"@type\":\"WebPage\",\"@id\":\"https:\/\/lakaluk.com\/toode\/montessori_cube_chair\/\",\"url\":\"https:\/\/lakaluk.com\/toode\/montessori_cube_chair\/\",\"name\":\"KUUBIKTOOL - MONTESSORI TOOL - LASTE LAUD & TOOL - LAKALUK\",\"isPartOf\":{\"@id\":\"https:\/\/lakaluk.com\/et\/#website\"},\"primaryImageOfPage\":{\"@id\":\"https:\/\/lakaluk.com\/toode\/montessori_cube_chair\/#primaryimage\"},\"image\":{\"@id\":\"https:\/\/lakaluk.com\/toode\/montessori_cube_chair\/#primaryimage\"},\"thumbnailUrl\":\"https:\/\/lakaluk.com\/wp-content\/uploads\/2020\/09\/square.jpg\",\"datePublished\":\"2020-09-30T12:14:09+00:00\",\"dateModified\":\"2020-10-01T07:15:33+00:00\",\"description\":\"M\u00f5mmi kuubiktool on disainitud toetudes Montessori pedagoogikale. \u00dchtepidi tooli kasutades on see laud, teistpidi tool ja kolmandat pidi k\u00f5rgem tool.\",\"breadcrumb\":{\"@id\":\"https:\/\/lakaluk.com\/toode\/montessori_cube_chair\/#breadcrumb\"},\"inLanguage\":\"et\",\"potentialAction\":[{\"@type\":\"ReadAction\",\"target\":[\"https:\/\/lakaluk.com\/toode\/montessori_cube_chair\/\"]}]},{\"@type\":\"ImageObject\",\"inLanguage\":\"et\",\"@id\":\"https:\/\/lakaluk.com\/toode\/montessori_cube_chair\/#primaryimage\",\"url\":\"https:\/\/lakaluk.com\/wp-content\/uploads\/2020\/09\/square.jpg\",\"contentUrl\":\"https:\/\/lakaluk.com\/wp-content\/uploads\/2020\/09\/square.jpg\",\"width\":1005,\"height\":975,\"caption\":\"Montessori kuubiktool laste tool laste laud vineerist lakaluk\"},{\"@type\":\"BreadcrumbList\",\"@id\":\"https:\/\/lakaluk.com\/toode\/montessori_cube_chair\/#breadcrumb\",\"itemListElement\":[{\"@type\":\"ListItem\",\"position\":1,\"name\":\"Esileht\",\"item\":\"https:\/\/lakaluk.com\/et\/\"},{\"@type\":\"ListItem\",\"position\":2,\"name\":\"Shop\",\"item\":\"https:\/\/lakaluk.com\/\"},{\"@type\":\"ListItem\",\"position\":3,\"name\":\"M\u00f5mmi Kuubiktool\"}]},{\"@type\":\"WebSite\",\"@id\":\"https:\/\/lakaluk.com\/et\/#website\",\"url\":\"https:\/\/lakaluk.com\/et\/\",\"name\":\"LAKALUK\",\"description\":\"\",\"publisher\":{\"@id\":\"https:\/\/lakaluk.com\/et\/#organization\"},\"potentialAction\":[{\"@type\":\"SearchAction\",\"target\":{\"@type\":\"EntryPoint\",\"urlTemplate\":\"https:\/\/lakaluk.com\/et\/?s={search_term_string}\"},\"query-input\":{\"@type\":\"PropertyValueSpecification\",\"valueRequired\":true,\"valueName\":\"search_term_string\"}}],\"inLanguage\":\"et\"},{\"@type\":\"Organization\",\"@id\":\"https:\/\/lakaluk.com\/et\/#organization\",\"name\":\"LAKALUK O\u00dc\",\"url\":\"https:\/\/lakaluk.com\/et\/\",\"logo\":{\"@type\":\"ImageObject\",\"inLanguage\":\"et\",\"@id\":\"https:\/\/lakaluk.com\/et\/#\/schema\/logo\/image\/\",\"url\":\"https:\/\/lakaluk.com\/wp-content\/uploads\/2020\/02\/LAKALUK-1-1-1.png\",\"contentUrl\":\"https:\/\/lakaluk.com\/wp-content\/uploads\/2020\/02\/LAKALUK-1-1-1.png\",\"width\":324,\"height\":324,\"caption\":\"LAKALUK O\u00dc\"},\"image\":{\"@id\":\"https:\/\/lakaluk.com\/et\/#\/schema\/logo\/image\/\"},\"sameAs\":[\"https:\/\/www.instagram.com\/kekonigram\/\"]}]}<\/script>\n<!-- \/ Yoast SEO plugin. -->","yoast_head_json":{"title":"KUUBIKTOOL - MONTESSORI TOOL - LASTE LAUD & TOOL - LAKALUK","description":"M\u00f5mmi kuubiktool on disainitud toetudes Montessori pedagoogikale. \u00dchtepidi tooli kasutades on see laud, teistpidi tool ja kolmandat pidi k\u00f5rgem tool.","robots":{"index":"index","follow":"follow","max-snippet":"max-snippet:-1","max-image-preview":"max-image-preview:large","max-video-preview":"max-video-preview:-1"},"canonical":"https:\/\/lakaluk.com\/toode\/montessori_cube_chair\/","og_locale":"et_EE","og_type":"article","og_title":"KUUBIKTOOL - MONTESSORI TOOL - LASTE LAUD & TOOL - LAKALUK","og_description":"M\u00f5mmi kuubiktool on disainitud toetudes Montessori pedagoogikale. \u00dchtepidi tooli kasutades on see laud, teistpidi tool ja kolmandat pidi k\u00f5rgem tool.","og_url":"https:\/\/lakaluk.com\/toode\/montessori_cube_chair\/","og_site_name":"LAKALUK","article_modified_time":"2020-10-01T07:15:33+00:00","og_image":[{"width":1005,"height":975,"url":"https:\/\/lakaluk.com\/wp-content\/uploads\/2020\/09\/square.jpg","type":"image\/jpeg"}],"twitter_card":"summary_large_image","twitter_misc":{"Est. reading time":"1 minut"},"schema":{"@context":"https:\/\/schema.org","@graph":[{"@type":"WebPage","@id":"https:\/\/lakaluk.com\/toode\/montessori_cube_chair\/","url":"https:\/\/lakaluk.com\/toode\/montessori_cube_chair\/","name":"KUUBIKTOOL - MONTESSORI TOOL - LASTE LAUD & TOOL - LAKALUK","isPartOf":{"@id":"https:\/\/lakaluk.com\/et\/#website"},"primaryImageOfPage":{"@id":"https:\/\/lakaluk.com\/toode\/montessori_cube_chair\/#primaryimage"},"image":{"@id":"https:\/\/lakaluk.com\/toode\/montessori_cube_chair\/#primaryimage"},"thumbnailUrl":"https:\/\/lakaluk.com\/wp-content\/uploads\/2020\/09\/square.jpg","datePublished":"2020-09-30T12:14:09+00:00","dateModified":"2020-10-01T07:15:33+00:00","description":"M\u00f5mmi kuubiktool on disainitud toetudes Montessori pedagoogikale. \u00dchtepidi tooli kasutades on see laud, teistpidi tool ja kolmandat pidi k\u00f5rgem tool.","breadcrumb":{"@id":"https:\/\/lakaluk.com\/toode\/montessori_cube_chair\/#breadcrumb"},"inLanguage":"et","potentialAction":[{"@type":"ReadAction","target":["https:\/\/lakaluk.com\/toode\/montessori_cube_chair\/"]}]},{"@type":"ImageObject","inLanguage":"et","@id":"https:\/\/lakaluk.com\/toode\/montessori_cube_chair\/#primaryimage","url":"https:\/\/lakaluk.com\/wp-content\/uploads\/2020\/09\/square.jpg","contentUrl":"https:\/\/lakaluk.com\/wp-content\/uploads\/2020\/09\/square.jpg","width":1005,"height":975,"caption":"Montessori kuubiktool laste tool laste laud vineerist lakaluk"},{"@type":"BreadcrumbList","@id":"https:\/\/lakaluk.com\/toode\/montessori_cube_chair\/#breadcrumb","itemListElement":[{"@type":"ListItem","position":1,"name":"Esileht","item":"https:\/\/lakaluk.com\/et\/"},{"@type":"ListItem","position":2,"name":"Shop","item":"https:\/\/lakaluk.com\/"},{"@type":"ListItem","position":3,"name":"M\u00f5mmi Kuubiktool"}]},{"@type":"WebSite","@id":"https:\/\/lakaluk.com\/et\/#website","url":"https:\/\/lakaluk.com\/et\/","name":"LAKALUK","description":"","publisher":{"@id":"https:\/\/lakaluk.com\/et\/#organization"},"potentialAction":[{"@type":"SearchAction","target":{"@type":"EntryPoint","urlTemplate":"https:\/\/lakaluk.com\/et\/?s={search_term_string}"},"query-input":{"@type":"PropertyValueSpecification","valueRequired":true,"valueName":"search_term_string"}}],"inLanguage":"et"},{"@type":"Organization","@id":"https:\/\/lakaluk.com\/et\/#organization","name":"LAKALUK O\u00dc","url":"https:\/\/lakaluk.com\/et\/","logo":{"@type":"ImageObject","inLanguage":"et","@id":"https:\/\/lakaluk.com\/et\/#\/schema\/logo\/image\/","url":"https:\/\/lakaluk.com\/wp-content\/uploads\/2020\/02\/LAKALUK-1-1-1.png","contentUrl":"https:\/\/lakaluk.com\/wp-content\/uploads\/2020\/02\/LAKALUK-1-1-1.png","width":324,"height":324,"caption":"LAKALUK O\u00dc"},"image":{"@id":"https:\/\/lakaluk.com\/et\/#\/schema\/logo\/image\/"},"sameAs":["https:\/\/www.instagram.com\/kekonigram\/"]}]}},"_links":{"self":[{"href":"https:\/\/lakaluk.com\/et\/wp-json\/wp\/v2\/product\/5638","targetHints":{"allow":["GET"]}}],"collection":[{"href":"https:\/\/lakaluk.com\/et\/wp-json\/wp\/v2\/product"}],"about":[{"href":"https:\/\/lakaluk.com\/et\/wp-json\/wp\/v2\/types\/product"}],"wp:featuredmedia":[{"embeddable":true,"href":"https:\/\/lakaluk.com\/et\/wp-json\/wp\/v2\/media\/5648"}],"wp:attachment":[{"href":"https:\/\/lakaluk.com\/et\/wp-json\/wp\/v2\/media?parent=5638"}],"wp:term":[{"taxonomy":"product_cat","embeddable":true,"href":"https:\/\/lakaluk.com\/et\/wp-json\/wp\/v2\/product_cat?post=5638"},{"taxonomy":"product_tag","embeddable":true,"href":"https:\/\/lakaluk.com\/et\/wp-json\/wp\/v2\/product_tag?post=5638"}],"curies":[{"name":"wp","href":"https:\/\/api.w.org\/{rel}","templated":true}]}}