{"id":5609,"date":"2020-09-25T14:09:26","date_gmt":"2020-09-25T11:09:27","guid":{"rendered":"https:\/\/lakaluk.com\/?post_type=product&#038;p=5609"},"modified":"2020-09-25T15:47:35","modified_gmt":"2020-09-25T12:47:35","slug":"tuulelohe-lastetoa-lamp","status":"publish","type":"product","link":"https:\/\/lakaluk.com\/et\/toode\/tuulelohe-lastetoa-lamp\/","title":{"rendered":"Tuulelohe Seinalamp"},"content":{"rendered":"<p>LAKALUKi lastetoa lamp valgustab toa nii erilisel moel, ilutsedes seinal nagu tuba dekoreeriv element. Lisaks tekitab ta seintele t\u00f5elise varjude m\u00e4ngu ja m\u00f5judes nii rahustavana oma maheda valgusena.<\/p>\n<p>&nbsp;<\/p>\n<p>M\u00d5\u00d5DUD<\/p>\n<p>K\u00d5RGUS: 70 cm<br \/>\nLAIUS: 50 cm<br \/>\nS\u00dcGAVUS: 8 cm<\/p>\n<p>Materjal: 9mm kasevineer<br \/>\nPirn: E27 &#8211; 75W max<br \/>\nJuhtme pikkus: 200 \u0441m.<\/p>\n<p>Soovi korral on v\u00f5imalik ka pikem juhe.<\/p>\n<p>&nbsp;<\/p>\n<p>Kuidas ja millal sa oma paki k\u00e4tte saad v\u00f5id lugeda <a href=\"https:\/\/lakaluk.com\/et\/tarneviisid\/\">siit<\/a>.<\/p>\n<p>LAKALUK on kodumaine loovstuudi, kelle jaoks on oluline lapse loomingulisuse areng ja maailma avastamamine l\u00e4bi naturaalsete materjalide. K\u00f5ik LAKALUKi tooted on k\u00e4sitsi toodetud ja k\u00e4sitsi v\u00e4rvitud Eestis.<\/p>\n<p>Leia meid<a href=\"https:\/\/www.facebook.com\/lakaluklakaluk\"> facebookis<\/a> ja <a href=\"http:\/\/www.instagram.com\/lakalukshop\">instagrammis<\/a>!<\/p>\n","protected":false},"excerpt":{"rendered":"<p>LAKALUKi tuulelohe lamp valgustab toa nii erilisel moel, ilutsedes seinal nagu tuba dekoreeriv element. Lisaks tekitab ta seintele t\u00f5elise varjude m\u00e4ngu ja m\u00f5judes nii rahustavana oma maheda valgusena.<\/p>\n<p>&nbsp;<\/p>\n<p>M\u00d5\u00d5DUD<\/p>\n<p>K\u00d5RGUS: 40 cm<br \/>\nLAIUS: 62 cm<br \/>\nS\u00dcGAVUS: 8 cm<\/p>\n<p>&nbsp;<\/p>\n","protected":false},"featured_media":5617,"template":"","meta":[],"product_cat":[105],"product_tag":[],"class_list":{"0":"post-5609","1":"product","2":"type-product","3":"status-publish","4":"has-post-thumbnail","6":"product_cat-seinalambid","8":"first","9":"instock","10":"taxable","11":"shipping-taxable","12":"purchasable","13":"product-type-variable","14":"add-to-wishlist-after_add_to_cart"},"yoast_head":"<!-- This site is optimized with the Yoast SEO plugin v24.3 - https:\/\/yoast.com\/wordpress\/plugins\/seo\/ -->\n<title>LASTETOA LAMP - TUULELOHE LAMP - VINEERIST LAMP - LAKALUK<\/title>\n<meta name=\"description\" content=\"LAKALUKi lastetoa lamp valgustab toa erilisel moel, ilutsedes seinal nagu tuba dekoreeriv element. Lisaks tekitab ta seintele t\u00f5elise varjude m\u00e4ngu.\" \/>\n<meta name=\"robots\" content=\"index, follow, max-snippet:-1, max-image-preview:large, max-video-preview:-1\" \/>\n<link rel=\"canonical\" href=\"https:\/\/lakaluk.com\/et\/toode\/tuulelohe-lastetoa-lamp\/\" \/>\n<meta property=\"og:locale\" content=\"et_EE\" \/>\n<meta property=\"og:type\" content=\"article\" \/>\n<meta property=\"og:title\" content=\"LASTETOA LAMP - TUULELOHE LAMP - VINEERIST LAMP - LAKALUK\" \/>\n<meta property=\"og:description\" content=\"LAKALUKi lastetoa lamp valgustab toa erilisel moel, ilutsedes seinal nagu tuba dekoreeriv element. Lisaks tekitab ta seintele t\u00f5elise varjude m\u00e4ngu.\" \/>\n<meta property=\"og:url\" content=\"https:\/\/lakaluk.com\/et\/toode\/tuulelohe-lastetoa-lamp\/\" \/>\n<meta property=\"og:site_name\" content=\"LAKALUK\" \/>\n<meta property=\"article:modified_time\" content=\"2020-09-25T12:47:35+00:00\" \/>\n<meta property=\"og:image\" content=\"https:\/\/lakaluk.com\/wp-content\/uploads\/2020\/09\/DSCF7434-square.jpg\" \/>\n\t<meta property=\"og:image:width\" content=\"1140\" \/>\n\t<meta property=\"og:image:height\" content=\"1143\" \/>\n\t<meta property=\"og:image:type\" content=\"image\/jpeg\" \/>\n<meta name=\"twitter:card\" content=\"summary_large_image\" \/>\n<meta name=\"twitter:label1\" content=\"Est. reading time\" \/>\n\t<meta name=\"twitter:data1\" content=\"1 minut\" \/>\n<script type=\"application\/ld+json\" class=\"yoast-schema-graph\">{\"@context\":\"https:\/\/schema.org\",\"@graph\":[{\"@type\":\"WebPage\",\"@id\":\"https:\/\/lakaluk.com\/et\/toode\/tuulelohe-lastetoa-lamp\/\",\"url\":\"https:\/\/lakaluk.com\/et\/toode\/tuulelohe-lastetoa-lamp\/\",\"name\":\"LASTETOA LAMP - TUULELOHE LAMP - VINEERIST LAMP - LAKALUK\",\"isPartOf\":{\"@id\":\"https:\/\/lakaluk.com\/et\/#website\"},\"primaryImageOfPage\":{\"@id\":\"https:\/\/lakaluk.com\/et\/toode\/tuulelohe-lastetoa-lamp\/#primaryimage\"},\"image\":{\"@id\":\"https:\/\/lakaluk.com\/et\/toode\/tuulelohe-lastetoa-lamp\/#primaryimage\"},\"thumbnailUrl\":\"https:\/\/lakaluk.com\/wp-content\/uploads\/2020\/09\/DSCF7434-square.jpg\",\"datePublished\":\"2020-09-25T11:09:27+00:00\",\"dateModified\":\"2020-09-25T12:47:35+00:00\",\"description\":\"LAKALUKi lastetoa lamp valgustab toa erilisel moel, ilutsedes seinal nagu tuba dekoreeriv element. Lisaks tekitab ta seintele t\u00f5elise varjude m\u00e4ngu.\",\"breadcrumb\":{\"@id\":\"https:\/\/lakaluk.com\/et\/toode\/tuulelohe-lastetoa-lamp\/#breadcrumb\"},\"inLanguage\":\"et\",\"potentialAction\":[{\"@type\":\"ReadAction\",\"target\":[\"https:\/\/lakaluk.com\/et\/toode\/tuulelohe-lastetoa-lamp\/\"]}]},{\"@type\":\"ImageObject\",\"inLanguage\":\"et\",\"@id\":\"https:\/\/lakaluk.com\/et\/toode\/tuulelohe-lastetoa-lamp\/#primaryimage\",\"url\":\"https:\/\/lakaluk.com\/wp-content\/uploads\/2020\/09\/DSCF7434-square.jpg\",\"contentUrl\":\"https:\/\/lakaluk.com\/wp-content\/uploads\/2020\/09\/DSCF7434-square.jpg\",\"width\":1140,\"height\":1143,\"caption\":\"lastetoa lamp tuulelohe lamp vineerist lamp seinalamp lakaluk\"},{\"@type\":\"BreadcrumbList\",\"@id\":\"https:\/\/lakaluk.com\/et\/toode\/tuulelohe-lastetoa-lamp\/#breadcrumb\",\"itemListElement\":[{\"@type\":\"ListItem\",\"position\":1,\"name\":\"Esileht\",\"item\":\"https:\/\/lakaluk.com\/et\/\"},{\"@type\":\"ListItem\",\"position\":2,\"name\":\"Shop\",\"item\":\"https:\/\/lakaluk.com\/\"},{\"@type\":\"ListItem\",\"position\":3,\"name\":\"Tuulelohe Seinalamp\"}]},{\"@type\":\"WebSite\",\"@id\":\"https:\/\/lakaluk.com\/et\/#website\",\"url\":\"https:\/\/lakaluk.com\/et\/\",\"name\":\"LAKALUK\",\"description\":\"\",\"publisher\":{\"@id\":\"https:\/\/lakaluk.com\/et\/#organization\"},\"potentialAction\":[{\"@type\":\"SearchAction\",\"target\":{\"@type\":\"EntryPoint\",\"urlTemplate\":\"https:\/\/lakaluk.com\/et\/?s={search_term_string}\"},\"query-input\":{\"@type\":\"PropertyValueSpecification\",\"valueRequired\":true,\"valueName\":\"search_term_string\"}}],\"inLanguage\":\"et\"},{\"@type\":\"Organization\",\"@id\":\"https:\/\/lakaluk.com\/et\/#organization\",\"name\":\"LAKALUK O\u00dc\",\"url\":\"https:\/\/lakaluk.com\/et\/\",\"logo\":{\"@type\":\"ImageObject\",\"inLanguage\":\"et\",\"@id\":\"https:\/\/lakaluk.com\/et\/#\/schema\/logo\/image\/\",\"url\":\"https:\/\/lakaluk.com\/wp-content\/uploads\/2020\/02\/LAKALUK-1-1-1.png\",\"contentUrl\":\"https:\/\/lakaluk.com\/wp-content\/uploads\/2020\/02\/LAKALUK-1-1-1.png\",\"width\":324,\"height\":324,\"caption\":\"LAKALUK O\u00dc\"},\"image\":{\"@id\":\"https:\/\/lakaluk.com\/et\/#\/schema\/logo\/image\/\"},\"sameAs\":[\"https:\/\/www.instagram.com\/kekonigram\/\"]}]}<\/script>\n<!-- \/ Yoast SEO plugin. -->","yoast_head_json":{"title":"LASTETOA LAMP - TUULELOHE LAMP - VINEERIST LAMP - LAKALUK","description":"LAKALUKi lastetoa lamp valgustab toa erilisel moel, ilutsedes seinal nagu tuba dekoreeriv element. Lisaks tekitab ta seintele t\u00f5elise varjude m\u00e4ngu.","robots":{"index":"index","follow":"follow","max-snippet":"max-snippet:-1","max-image-preview":"max-image-preview:large","max-video-preview":"max-video-preview:-1"},"canonical":"https:\/\/lakaluk.com\/et\/toode\/tuulelohe-lastetoa-lamp\/","og_locale":"et_EE","og_type":"article","og_title":"LASTETOA LAMP - TUULELOHE LAMP - VINEERIST LAMP - LAKALUK","og_description":"LAKALUKi lastetoa lamp valgustab toa erilisel moel, ilutsedes seinal nagu tuba dekoreeriv element. Lisaks tekitab ta seintele t\u00f5elise varjude m\u00e4ngu.","og_url":"https:\/\/lakaluk.com\/et\/toode\/tuulelohe-lastetoa-lamp\/","og_site_name":"LAKALUK","article_modified_time":"2020-09-25T12:47:35+00:00","og_image":[{"width":1140,"height":1143,"url":"https:\/\/lakaluk.com\/wp-content\/uploads\/2020\/09\/DSCF7434-square.jpg","type":"image\/jpeg"}],"twitter_card":"summary_large_image","twitter_misc":{"Est. reading time":"1 minut"},"schema":{"@context":"https:\/\/schema.org","@graph":[{"@type":"WebPage","@id":"https:\/\/lakaluk.com\/et\/toode\/tuulelohe-lastetoa-lamp\/","url":"https:\/\/lakaluk.com\/et\/toode\/tuulelohe-lastetoa-lamp\/","name":"LASTETOA LAMP - TUULELOHE LAMP - VINEERIST LAMP - LAKALUK","isPartOf":{"@id":"https:\/\/lakaluk.com\/et\/#website"},"primaryImageOfPage":{"@id":"https:\/\/lakaluk.com\/et\/toode\/tuulelohe-lastetoa-lamp\/#primaryimage"},"image":{"@id":"https:\/\/lakaluk.com\/et\/toode\/tuulelohe-lastetoa-lamp\/#primaryimage"},"thumbnailUrl":"https:\/\/lakaluk.com\/wp-content\/uploads\/2020\/09\/DSCF7434-square.jpg","datePublished":"2020-09-25T11:09:27+00:00","dateModified":"2020-09-25T12:47:35+00:00","description":"LAKALUKi lastetoa lamp valgustab toa erilisel moel, ilutsedes seinal nagu tuba dekoreeriv element. Lisaks tekitab ta seintele t\u00f5elise varjude m\u00e4ngu.","breadcrumb":{"@id":"https:\/\/lakaluk.com\/et\/toode\/tuulelohe-lastetoa-lamp\/#breadcrumb"},"inLanguage":"et","potentialAction":[{"@type":"ReadAction","target":["https:\/\/lakaluk.com\/et\/toode\/tuulelohe-lastetoa-lamp\/"]}]},{"@type":"ImageObject","inLanguage":"et","@id":"https:\/\/lakaluk.com\/et\/toode\/tuulelohe-lastetoa-lamp\/#primaryimage","url":"https:\/\/lakaluk.com\/wp-content\/uploads\/2020\/09\/DSCF7434-square.jpg","contentUrl":"https:\/\/lakaluk.com\/wp-content\/uploads\/2020\/09\/DSCF7434-square.jpg","width":1140,"height":1143,"caption":"lastetoa lamp tuulelohe lamp vineerist lamp seinalamp lakaluk"},{"@type":"BreadcrumbList","@id":"https:\/\/lakaluk.com\/et\/toode\/tuulelohe-lastetoa-lamp\/#breadcrumb","itemListElement":[{"@type":"ListItem","position":1,"name":"Esileht","item":"https:\/\/lakaluk.com\/et\/"},{"@type":"ListItem","position":2,"name":"Shop","item":"https:\/\/lakaluk.com\/"},{"@type":"ListItem","position":3,"name":"Tuulelohe Seinalamp"}]},{"@type":"WebSite","@id":"https:\/\/lakaluk.com\/et\/#website","url":"https:\/\/lakaluk.com\/et\/","name":"LAKALUK","description":"","publisher":{"@id":"https:\/\/lakaluk.com\/et\/#organization"},"potentialAction":[{"@type":"SearchAction","target":{"@type":"EntryPoint","urlTemplate":"https:\/\/lakaluk.com\/et\/?s={search_term_string}"},"query-input":{"@type":"PropertyValueSpecification","valueRequired":true,"valueName":"search_term_string"}}],"inLanguage":"et"},{"@type":"Organization","@id":"https:\/\/lakaluk.com\/et\/#organization","name":"LAKALUK O\u00dc","url":"https:\/\/lakaluk.com\/et\/","logo":{"@type":"ImageObject","inLanguage":"et","@id":"https:\/\/lakaluk.com\/et\/#\/schema\/logo\/image\/","url":"https:\/\/lakaluk.com\/wp-content\/uploads\/2020\/02\/LAKALUK-1-1-1.png","contentUrl":"https:\/\/lakaluk.com\/wp-content\/uploads\/2020\/02\/LAKALUK-1-1-1.png","width":324,"height":324,"caption":"LAKALUK O\u00dc"},"image":{"@id":"https:\/\/lakaluk.com\/et\/#\/schema\/logo\/image\/"},"sameAs":["https:\/\/www.instagram.com\/kekonigram\/"]}]}},"_links":{"self":[{"href":"https:\/\/lakaluk.com\/et\/wp-json\/wp\/v2\/product\/5609","targetHints":{"allow":["GET"]}}],"collection":[{"href":"https:\/\/lakaluk.com\/et\/wp-json\/wp\/v2\/product"}],"about":[{"href":"https:\/\/lakaluk.com\/et\/wp-json\/wp\/v2\/types\/product"}],"wp:featuredmedia":[{"embeddable":true,"href":"https:\/\/lakaluk.com\/et\/wp-json\/wp\/v2\/media\/5617"}],"wp:attachment":[{"href":"https:\/\/lakaluk.com\/et\/wp-json\/wp\/v2\/media?parent=5609"}],"wp:term":[{"taxonomy":"product_cat","embeddable":true,"href":"https:\/\/lakaluk.com\/et\/wp-json\/wp\/v2\/product_cat?post=5609"},{"taxonomy":"product_tag","embeddable":true,"href":"https:\/\/lakaluk.com\/et\/wp-json\/wp\/v2\/product_tag?post=5609"}],"curies":[{"name":"wp","href":"https:\/\/api.w.org\/{rel}","templated":true}]}}