{"id":5565,"date":"2020-09-21T14:12:59","date_gmt":"2020-09-21T11:12:59","guid":{"rendered":"https:\/\/lakaluk.com\/?post_type=product&#038;p=5565"},"modified":"2020-10-27T13:20:23","modified_gmt":"2020-10-27T11:20:23","slug":"manguvaip","status":"publish","type":"product","link":"https:\/\/lakaluk.com\/et\/toode\/manguvaip\/","title":{"rendered":"Seikleja Vaip"},"content":{"rendered":"<p>Rattad, rulluisud, kopad&#8230; m\u00e4nguvaip oma autoteedega on m\u00e4nguks valmis. S\u00f5iduta l\u00e4bi illustreeritud maastiku oma mudelautosid v\u00f5i nukke, valik on sinu. M\u00e4nguvaip on k\u00e4sitsi toodetud ja k\u00e4sitsi v\u00e4rvitud. Iga vaip on unikaalne ning v\u00e4rvid ja suurus v\u00f5ivad v\u00e4hesel m\u00e4\u00e4ral varieeruda.<\/p>\n<p>M\u00d5\u00d5DUD:<\/p>\n<p>Pikkus: 180 cm<\/p>\n<p>Laius: 70 cm<\/p>\n<p>MATERJAL:<\/p>\n<p>100% puuvill, k\u00e4sitsi kootud ja k\u00e4sitsi v\u00e4rvitud.<\/p>\n<p>HOOLDAMINE:<\/p>\n<p>Koht puhastus<\/p>\n<p>&nbsp;<\/p>\n<p>Kuidas ja millal sa oma paki k\u00e4tte saad v\u00f5id lugeda <a href=\"https:\/\/lakaluk.com\/et\/tarneviisid\/\">siit<\/a>.<\/p>\n<p>LAKALUK on kodumaine loovstuudi, kelle jaoks on oluline lapse loomingulisuse areng ja maailma avastamamine l\u00e4bi naturaalsete materjalide. K\u00f5ik LAKALUKi tooted on k\u00e4sitsi toodetud ja k\u00e4sitsi v\u00e4rvitud Eestis.<\/p>\n<p>Leia meid<a href=\"https:\/\/www.facebook.com\/lakaluklakaluk\"> facebookis<\/a> ja <a href=\"http:\/\/www.instagram.com\/lakalukshop\">instagrammis<\/a>!<\/p>\n<p>&nbsp;<\/p>\n","protected":false},"excerpt":{"rendered":"<p>Rattad, rulluisud, kopad&#8230; m\u00e4nguvaip oma autoteedega on m\u00e4nguks valmis. S\u00f5iduta l\u00e4bi illustreeritud maastiku oma mudelautosid v\u00f5i nukke, valik on sinu.<\/p>\n<p>Vaip on k\u00e4sitsi toodetud ja k\u00e4sitsi v\u00e4rvitud. Iga vaip on unikaalne ning v\u00e4rvid ja suurus v\u00f5ivad v\u00e4hesel m\u00e4\u00e4ral varieeruda.<\/p>\n<p>&nbsp;<\/p>\n<p>M\u00d5\u00d5DUD:<\/p>\n<p>Pikkus: 180 cm<\/p>\n<p>Laius: 70 cm<\/p>\n","protected":false},"featured_media":5567,"template":"","meta":[],"product_cat":[103,92,71],"product_tag":[],"class_list":{"0":"post-5565","1":"product","2":"type-product","3":"status-publish","4":"has-post-thumbnail","6":"product_cat-vaibad","7":"product_cat-lastetoa-sisustus","8":"product_cat-manguaeg","10":"first","11":"instock","12":"taxable","13":"shipping-taxable","14":"purchasable","15":"product-type-simple","16":"add-to-wishlist-after_add_to_cart"},"yoast_head":"<!-- This site is optimized with the Yoast SEO plugin v24.3 - https:\/\/yoast.com\/wordpress\/plugins\/seo\/ -->\n<title>M\u00c4NGUVAIP - AUTOVAIP - LASTETOA VAIP - POISTE VAIP - LAKALUK<\/title>\n<meta name=\"description\" content=\"M\u00e4nguvaip oma autoteedega on m\u00e4nguks valmis. Vaip on k\u00e4sitsi toodetud ja k\u00e4sitsi v\u00e4rvitud. Iga vaip on unikaalne ning v\u00e4rvid ja suurus v\u00f5ivad varieeruda.\" \/>\n<meta name=\"robots\" content=\"index, follow, max-snippet:-1, max-image-preview:large, max-video-preview:-1\" \/>\n<link rel=\"canonical\" href=\"https:\/\/lakaluk.com\/et\/toode\/manguvaip\/\" \/>\n<meta property=\"og:locale\" content=\"et_EE\" \/>\n<meta property=\"og:type\" content=\"article\" \/>\n<meta property=\"og:title\" content=\"M\u00c4NGUVAIP - AUTOVAIP - LASTETOA VAIP - POISTE VAIP - LAKALUK\" \/>\n<meta property=\"og:description\" content=\"M\u00e4nguvaip oma autoteedega on m\u00e4nguks valmis. Vaip on k\u00e4sitsi toodetud ja k\u00e4sitsi v\u00e4rvitud. Iga vaip on unikaalne ning v\u00e4rvid ja suurus v\u00f5ivad varieeruda.\" \/>\n<meta property=\"og:url\" content=\"https:\/\/lakaluk.com\/et\/toode\/manguvaip\/\" \/>\n<meta property=\"og:site_name\" content=\"LAKALUK\" \/>\n<meta property=\"article:modified_time\" content=\"2020-10-27T11:20:23+00:00\" \/>\n<meta property=\"og:image\" content=\"https:\/\/lakaluk.com\/wp-content\/uploads\/2020\/09\/sqaure.jpg\" \/>\n\t<meta property=\"og:image:width\" content=\"1200\" \/>\n\t<meta property=\"og:image:height\" content=\"1202\" \/>\n\t<meta property=\"og:image:type\" content=\"image\/jpeg\" \/>\n<meta name=\"twitter:card\" content=\"summary_large_image\" \/>\n<meta name=\"twitter:label1\" content=\"Est. reading time\" \/>\n\t<meta name=\"twitter:data1\" content=\"1 minut\" \/>\n<script type=\"application\/ld+json\" class=\"yoast-schema-graph\">{\"@context\":\"https:\/\/schema.org\",\"@graph\":[{\"@type\":\"WebPage\",\"@id\":\"https:\/\/lakaluk.com\/et\/toode\/manguvaip\/\",\"url\":\"https:\/\/lakaluk.com\/et\/toode\/manguvaip\/\",\"name\":\"M\u00c4NGUVAIP - AUTOVAIP - LASTETOA VAIP - POISTE VAIP - LAKALUK\",\"isPartOf\":{\"@id\":\"https:\/\/lakaluk.com\/et\/#website\"},\"primaryImageOfPage\":{\"@id\":\"https:\/\/lakaluk.com\/et\/toode\/manguvaip\/#primaryimage\"},\"image\":{\"@id\":\"https:\/\/lakaluk.com\/et\/toode\/manguvaip\/#primaryimage\"},\"thumbnailUrl\":\"https:\/\/lakaluk.com\/wp-content\/uploads\/2020\/09\/sqaure.jpg\",\"datePublished\":\"2020-09-21T11:12:59+00:00\",\"dateModified\":\"2020-10-27T11:20:23+00:00\",\"description\":\"M\u00e4nguvaip oma autoteedega on m\u00e4nguks valmis. Vaip on k\u00e4sitsi toodetud ja k\u00e4sitsi v\u00e4rvitud. Iga vaip on unikaalne ning v\u00e4rvid ja suurus v\u00f5ivad varieeruda.\",\"breadcrumb\":{\"@id\":\"https:\/\/lakaluk.com\/et\/toode\/manguvaip\/#breadcrumb\"},\"inLanguage\":\"et\",\"potentialAction\":[{\"@type\":\"ReadAction\",\"target\":[\"https:\/\/lakaluk.com\/et\/toode\/manguvaip\/\"]}]},{\"@type\":\"ImageObject\",\"inLanguage\":\"et\",\"@id\":\"https:\/\/lakaluk.com\/et\/toode\/manguvaip\/#primaryimage\",\"url\":\"https:\/\/lakaluk.com\/wp-content\/uploads\/2020\/09\/sqaure.jpg\",\"contentUrl\":\"https:\/\/lakaluk.com\/wp-content\/uploads\/2020\/09\/sqaure.jpg\",\"width\":1200,\"height\":1202,\"caption\":\"Autovaip lastetoa vaip poiste vaip m\u00e4nguvaip lakaluk\"},{\"@type\":\"BreadcrumbList\",\"@id\":\"https:\/\/lakaluk.com\/et\/toode\/manguvaip\/#breadcrumb\",\"itemListElement\":[{\"@type\":\"ListItem\",\"position\":1,\"name\":\"Esileht\",\"item\":\"https:\/\/lakaluk.com\/et\/\"},{\"@type\":\"ListItem\",\"position\":2,\"name\":\"Shop\",\"item\":\"https:\/\/lakaluk.com\/\"},{\"@type\":\"ListItem\",\"position\":3,\"name\":\"Seikleja Vaip\"}]},{\"@type\":\"WebSite\",\"@id\":\"https:\/\/lakaluk.com\/et\/#website\",\"url\":\"https:\/\/lakaluk.com\/et\/\",\"name\":\"LAKALUK\",\"description\":\"\",\"publisher\":{\"@id\":\"https:\/\/lakaluk.com\/et\/#organization\"},\"potentialAction\":[{\"@type\":\"SearchAction\",\"target\":{\"@type\":\"EntryPoint\",\"urlTemplate\":\"https:\/\/lakaluk.com\/et\/?s={search_term_string}\"},\"query-input\":{\"@type\":\"PropertyValueSpecification\",\"valueRequired\":true,\"valueName\":\"search_term_string\"}}],\"inLanguage\":\"et\"},{\"@type\":\"Organization\",\"@id\":\"https:\/\/lakaluk.com\/et\/#organization\",\"name\":\"LAKALUK O\u00dc\",\"url\":\"https:\/\/lakaluk.com\/et\/\",\"logo\":{\"@type\":\"ImageObject\",\"inLanguage\":\"et\",\"@id\":\"https:\/\/lakaluk.com\/et\/#\/schema\/logo\/image\/\",\"url\":\"https:\/\/lakaluk.com\/wp-content\/uploads\/2020\/02\/LAKALUK-1-1-1.png\",\"contentUrl\":\"https:\/\/lakaluk.com\/wp-content\/uploads\/2020\/02\/LAKALUK-1-1-1.png\",\"width\":324,\"height\":324,\"caption\":\"LAKALUK O\u00dc\"},\"image\":{\"@id\":\"https:\/\/lakaluk.com\/et\/#\/schema\/logo\/image\/\"},\"sameAs\":[\"https:\/\/www.instagram.com\/kekonigram\/\"]}]}<\/script>\n<!-- \/ Yoast SEO plugin. -->","yoast_head_json":{"title":"M\u00c4NGUVAIP - AUTOVAIP - LASTETOA VAIP - POISTE VAIP - LAKALUK","description":"M\u00e4nguvaip oma autoteedega on m\u00e4nguks valmis. Vaip on k\u00e4sitsi toodetud ja k\u00e4sitsi v\u00e4rvitud. Iga vaip on unikaalne ning v\u00e4rvid ja suurus v\u00f5ivad varieeruda.","robots":{"index":"index","follow":"follow","max-snippet":"max-snippet:-1","max-image-preview":"max-image-preview:large","max-video-preview":"max-video-preview:-1"},"canonical":"https:\/\/lakaluk.com\/et\/toode\/manguvaip\/","og_locale":"et_EE","og_type":"article","og_title":"M\u00c4NGUVAIP - AUTOVAIP - LASTETOA VAIP - POISTE VAIP - LAKALUK","og_description":"M\u00e4nguvaip oma autoteedega on m\u00e4nguks valmis. Vaip on k\u00e4sitsi toodetud ja k\u00e4sitsi v\u00e4rvitud. Iga vaip on unikaalne ning v\u00e4rvid ja suurus v\u00f5ivad varieeruda.","og_url":"https:\/\/lakaluk.com\/et\/toode\/manguvaip\/","og_site_name":"LAKALUK","article_modified_time":"2020-10-27T11:20:23+00:00","og_image":[{"width":1200,"height":1202,"url":"https:\/\/lakaluk.com\/wp-content\/uploads\/2020\/09\/sqaure.jpg","type":"image\/jpeg"}],"twitter_card":"summary_large_image","twitter_misc":{"Est. reading time":"1 minut"},"schema":{"@context":"https:\/\/schema.org","@graph":[{"@type":"WebPage","@id":"https:\/\/lakaluk.com\/et\/toode\/manguvaip\/","url":"https:\/\/lakaluk.com\/et\/toode\/manguvaip\/","name":"M\u00c4NGUVAIP - AUTOVAIP - LASTETOA VAIP - POISTE VAIP - LAKALUK","isPartOf":{"@id":"https:\/\/lakaluk.com\/et\/#website"},"primaryImageOfPage":{"@id":"https:\/\/lakaluk.com\/et\/toode\/manguvaip\/#primaryimage"},"image":{"@id":"https:\/\/lakaluk.com\/et\/toode\/manguvaip\/#primaryimage"},"thumbnailUrl":"https:\/\/lakaluk.com\/wp-content\/uploads\/2020\/09\/sqaure.jpg","datePublished":"2020-09-21T11:12:59+00:00","dateModified":"2020-10-27T11:20:23+00:00","description":"M\u00e4nguvaip oma autoteedega on m\u00e4nguks valmis. Vaip on k\u00e4sitsi toodetud ja k\u00e4sitsi v\u00e4rvitud. Iga vaip on unikaalne ning v\u00e4rvid ja suurus v\u00f5ivad varieeruda.","breadcrumb":{"@id":"https:\/\/lakaluk.com\/et\/toode\/manguvaip\/#breadcrumb"},"inLanguage":"et","potentialAction":[{"@type":"ReadAction","target":["https:\/\/lakaluk.com\/et\/toode\/manguvaip\/"]}]},{"@type":"ImageObject","inLanguage":"et","@id":"https:\/\/lakaluk.com\/et\/toode\/manguvaip\/#primaryimage","url":"https:\/\/lakaluk.com\/wp-content\/uploads\/2020\/09\/sqaure.jpg","contentUrl":"https:\/\/lakaluk.com\/wp-content\/uploads\/2020\/09\/sqaure.jpg","width":1200,"height":1202,"caption":"Autovaip lastetoa vaip poiste vaip m\u00e4nguvaip lakaluk"},{"@type":"BreadcrumbList","@id":"https:\/\/lakaluk.com\/et\/toode\/manguvaip\/#breadcrumb","itemListElement":[{"@type":"ListItem","position":1,"name":"Esileht","item":"https:\/\/lakaluk.com\/et\/"},{"@type":"ListItem","position":2,"name":"Shop","item":"https:\/\/lakaluk.com\/"},{"@type":"ListItem","position":3,"name":"Seikleja Vaip"}]},{"@type":"WebSite","@id":"https:\/\/lakaluk.com\/et\/#website","url":"https:\/\/lakaluk.com\/et\/","name":"LAKALUK","description":"","publisher":{"@id":"https:\/\/lakaluk.com\/et\/#organization"},"potentialAction":[{"@type":"SearchAction","target":{"@type":"EntryPoint","urlTemplate":"https:\/\/lakaluk.com\/et\/?s={search_term_string}"},"query-input":{"@type":"PropertyValueSpecification","valueRequired":true,"valueName":"search_term_string"}}],"inLanguage":"et"},{"@type":"Organization","@id":"https:\/\/lakaluk.com\/et\/#organization","name":"LAKALUK O\u00dc","url":"https:\/\/lakaluk.com\/et\/","logo":{"@type":"ImageObject","inLanguage":"et","@id":"https:\/\/lakaluk.com\/et\/#\/schema\/logo\/image\/","url":"https:\/\/lakaluk.com\/wp-content\/uploads\/2020\/02\/LAKALUK-1-1-1.png","contentUrl":"https:\/\/lakaluk.com\/wp-content\/uploads\/2020\/02\/LAKALUK-1-1-1.png","width":324,"height":324,"caption":"LAKALUK O\u00dc"},"image":{"@id":"https:\/\/lakaluk.com\/et\/#\/schema\/logo\/image\/"},"sameAs":["https:\/\/www.instagram.com\/kekonigram\/"]}]}},"_links":{"self":[{"href":"https:\/\/lakaluk.com\/et\/wp-json\/wp\/v2\/product\/5565","targetHints":{"allow":["GET"]}}],"collection":[{"href":"https:\/\/lakaluk.com\/et\/wp-json\/wp\/v2\/product"}],"about":[{"href":"https:\/\/lakaluk.com\/et\/wp-json\/wp\/v2\/types\/product"}],"wp:featuredmedia":[{"embeddable":true,"href":"https:\/\/lakaluk.com\/et\/wp-json\/wp\/v2\/media\/5567"}],"wp:attachment":[{"href":"https:\/\/lakaluk.com\/et\/wp-json\/wp\/v2\/media?parent=5565"}],"wp:term":[{"taxonomy":"product_cat","embeddable":true,"href":"https:\/\/lakaluk.com\/et\/wp-json\/wp\/v2\/product_cat?post=5565"},{"taxonomy":"product_tag","embeddable":true,"href":"https:\/\/lakaluk.com\/et\/wp-json\/wp\/v2\/product_tag?post=5565"}],"curies":[{"name":"wp","href":"https:\/\/api.w.org\/{rel}","templated":true}]}}