{"id":5561,"date":"2020-09-21T13:23:09","date_gmt":"2020-09-21T10:23:09","guid":{"rendered":"https:\/\/lakaluk.com\/product\/luige-vaip\/"},"modified":"2020-10-27T13:20:17","modified_gmt":"2020-10-27T11:20:17","slug":"luige-lastetoa-vaip","status":"publish","type":"product","link":"https:\/\/lakaluk.com\/et\/toode\/luige-lastetoa-vaip\/","title":{"rendered":"Luige Vaip"},"content":{"rendered":"<p>LAKALUKi luige vaip on nagu muinasjutt ja armastus esimesest silmapilgust! See roosa lastetoa vaip on perfektne katmaks laste ja eelk\u00f5ige t\u00fcdrukute toa p\u00f5randat. Vaip on k\u00e4sitsi toodetud ja v\u00e4rvitud. Iga vaip on unikaalne ning v\u00e4rvid ja suurus v\u00f5ivad v\u00e4hesel m\u00e4\u00e4ral varieeruda.<\/p>\n<p>M\u00d5\u00d5DUD:<\/p>\n<p>Pikkus: 200 cm<\/p>\n<p>Laius: 140 cm<\/p>\n<p>MATERJAL:<\/p>\n<p>100% puuvill, k\u00e4sitsi kootud ja k\u00e4sitsi v\u00e4rvitud.<\/p>\n<p>HOOLDAMINE:<\/p>\n<p>Koht puhastus<\/p>\n<p><\/p>\n<p>Kuidas ja millal sa oma paki k\u00e4tte saad v\u00f5id lugeda <a href=\"\/?page_id=3900\" data-mce-href=\"https:\/\/lakaluk.com\/et\/tarneviisid\/\">siit<\/a>.<\/p>\n<p>LAKALUK on kodumaine loovstuudi, kelle jaoks on oluline lapse loomingulisuse areng ja maailma avastamamine l\u00e4bi naturaalsete materjalide. K\u00f5ik LAKALUKi tooted on k\u00e4sitsi toodetud ja k\u00e4sitsi v\u00e4rvitud Eestis.<\/p>\n<p>Leia meid<a href=\"https:\/\/www.facebook.com\/lakaluklakaluk\" data-mce-href=\"https:\/\/www.facebook.com\/lakaluklakaluk\"> facebookis<\/a> ja <a href=\"http:\/\/www.instagram.com\/lakalukshop\" data-mce-href=\"http:\/\/www.instagram.com\/lakalukshop\">instagrammis<\/a>!<\/p>\n","protected":false},"excerpt":{"rendered":"<p>LAKALUKi luige vaip on nagu muinasjutt ja armastus esimesest silmapilgust! See roosa vaip on perektne katmaks laste ja eelk\u00f5ige t\u00fcdrukute toa p\u00f5randat.<\/p>\n<p>Vaip on k\u00e4sitsi toodetud ja v\u00e4rvitud. Iga vaip on unikaalne ning v\u00e4rvid ja suurus v\u00f5ivad v\u00e4hesel m\u00e4\u00e4ral varieeruda.<\/p>\n<p><\/p>\n<p>M\u00d5\u00d5DUD:<\/p>\n<p>Pikkus: 200 cm<\/p>\n<p>Laius: 140 cm<\/p>\n","protected":false},"featured_media":5560,"template":"","meta":[],"product_brand":[],"product_cat":[92,71,103],"product_tag":[],"class_list":{"0":"post-5561","1":"product","2":"type-product","3":"status-publish","4":"has-post-thumbnail","6":"product_cat-lastetoa-sisustus","7":"product_cat-manguaeg","8":"product_cat-vaibad","10":"first","11":"instock","12":"taxable","13":"shipping-taxable","14":"purchasable","15":"product-type-simple","16":"add-to-wishlist-after_add_to_cart"},"yoast_head":"<!-- This site is optimized with the Yoast SEO plugin v27.4 - https:\/\/yoast.com\/product\/yoast-seo-wordpress\/ -->\n<title>ROOSA LASTETOA VAIP - LUIGE VAIP - M\u00c4NGUVAIP - LAKALUK<\/title>\n<meta name=\"description\" content=\"LAKALUKi luige vaip on nagu muinasjutt ja armastus esimesest silmapilgust! See roosa lastetoa vaip on perfektne katmaks t\u00fcdrukute toa p\u00f5randat.\" \/>\n<meta name=\"robots\" content=\"index, follow, max-snippet:-1, max-image-preview:large, max-video-preview:-1\" \/>\n<link rel=\"canonical\" href=\"https:\/\/lakaluk.com\/et\/toode\/luige-lastetoa-vaip\/\" \/>\n<meta property=\"og:locale\" content=\"et_EE\" \/>\n<meta property=\"og:type\" content=\"article\" \/>\n<meta property=\"og:title\" content=\"ROOSA LASTETOA VAIP - LUIGE VAIP - M\u00c4NGUVAIP - LAKALUK\" \/>\n<meta property=\"og:description\" content=\"LAKALUKi luige vaip on nagu muinasjutt ja armastus esimesest silmapilgust! See roosa lastetoa vaip on perfektne katmaks t\u00fcdrukute toa p\u00f5randat.\" \/>\n<meta property=\"og:url\" content=\"https:\/\/lakaluk.com\/et\/toode\/luige-lastetoa-vaip\/\" \/>\n<meta property=\"og:site_name\" content=\"LAKALUK\" \/>\n<meta property=\"article:modified_time\" content=\"2020-10-27T11:20:17+00:00\" \/>\n<meta property=\"og:image\" content=\"https:\/\/lakaluk.com\/wp-content\/uploads\/2020\/09\/1200-SQUARE.jpg\" \/>\n\t<meta property=\"og:image:width\" content=\"1200\" \/>\n\t<meta property=\"og:image:height\" content=\"1201\" \/>\n\t<meta property=\"og:image:type\" content=\"image\/jpeg\" \/>\n<meta name=\"twitter:card\" content=\"summary_large_image\" \/>\n<meta name=\"twitter:label1\" content=\"Est. reading time\" \/>\n\t<meta name=\"twitter:data1\" content=\"1 minut\" \/>\n<script type=\"application\/ld+json\" class=\"yoast-schema-graph\">{\"@context\":\"https:\\\/\\\/schema.org\",\"@graph\":[{\"@type\":\"WebPage\",\"@id\":\"https:\\\/\\\/lakaluk.com\\\/et\\\/toode\\\/luige-lastetoa-vaip\\\/\",\"url\":\"https:\\\/\\\/lakaluk.com\\\/et\\\/toode\\\/luige-lastetoa-vaip\\\/\",\"name\":\"ROOSA LASTETOA VAIP - LUIGE VAIP - M\u00c4NGUVAIP - LAKALUK\",\"isPartOf\":{\"@id\":\"https:\\\/\\\/lakaluk.com\\\/et\\\/#website\"},\"primaryImageOfPage\":{\"@id\":\"https:\\\/\\\/lakaluk.com\\\/et\\\/toode\\\/luige-lastetoa-vaip\\\/#primaryimage\"},\"image\":{\"@id\":\"https:\\\/\\\/lakaluk.com\\\/et\\\/toode\\\/luige-lastetoa-vaip\\\/#primaryimage\"},\"thumbnailUrl\":\"https:\\\/\\\/lakaluk.com\\\/wp-content\\\/uploads\\\/2020\\\/09\\\/1200-SQUARE.jpg\",\"datePublished\":\"2020-09-21T10:23:09+00:00\",\"dateModified\":\"2020-10-27T11:20:17+00:00\",\"description\":\"LAKALUKi luige vaip on nagu muinasjutt ja armastus esimesest silmapilgust! See roosa lastetoa vaip on perfektne katmaks t\u00fcdrukute toa p\u00f5randat.\",\"breadcrumb\":{\"@id\":\"https:\\\/\\\/lakaluk.com\\\/et\\\/toode\\\/luige-lastetoa-vaip\\\/#breadcrumb\"},\"inLanguage\":\"et\",\"potentialAction\":[{\"@type\":\"ReadAction\",\"target\":[\"https:\\\/\\\/lakaluk.com\\\/et\\\/toode\\\/luige-lastetoa-vaip\\\/\"]}]},{\"@type\":\"ImageObject\",\"inLanguage\":\"et\",\"@id\":\"https:\\\/\\\/lakaluk.com\\\/et\\\/toode\\\/luige-lastetoa-vaip\\\/#primaryimage\",\"url\":\"https:\\\/\\\/lakaluk.com\\\/wp-content\\\/uploads\\\/2020\\\/09\\\/1200-SQUARE.jpg\",\"contentUrl\":\"https:\\\/\\\/lakaluk.com\\\/wp-content\\\/uploads\\\/2020\\\/09\\\/1200-SQUARE.jpg\",\"width\":1200,\"height\":1201,\"caption\":\"ROOSA LASTETOA VAIP LUIGE M\u00c4NGUVAIP t\u00fcdrukute vaip lakaluk\"},{\"@type\":\"BreadcrumbList\",\"@id\":\"https:\\\/\\\/lakaluk.com\\\/et\\\/toode\\\/luige-lastetoa-vaip\\\/#breadcrumb\",\"itemListElement\":[{\"@type\":\"ListItem\",\"position\":1,\"name\":\"Esileht\",\"item\":\"https:\\\/\\\/lakaluk.com\\\/et\\\/\"},{\"@type\":\"ListItem\",\"position\":2,\"name\":\"Pood\",\"item\":\"https:\\\/\\\/lakaluk.com\\\/et\\\/pood\\\/\"},{\"@type\":\"ListItem\",\"position\":3,\"name\":\"Luige Vaip\"}]},{\"@type\":\"WebSite\",\"@id\":\"https:\\\/\\\/lakaluk.com\\\/et\\\/#website\",\"url\":\"https:\\\/\\\/lakaluk.com\\\/et\\\/\",\"name\":\"LAKALUK\",\"description\":\"\",\"publisher\":{\"@id\":\"https:\\\/\\\/lakaluk.com\\\/et\\\/#organization\"},\"potentialAction\":[{\"@type\":\"SearchAction\",\"target\":{\"@type\":\"EntryPoint\",\"urlTemplate\":\"https:\\\/\\\/lakaluk.com\\\/et\\\/?s={search_term_string}\"},\"query-input\":{\"@type\":\"PropertyValueSpecification\",\"valueRequired\":true,\"valueName\":\"search_term_string\"}}],\"inLanguage\":\"et\"},{\"@type\":\"Organization\",\"@id\":\"https:\\\/\\\/lakaluk.com\\\/et\\\/#organization\",\"name\":\"LAKALUK O\u00dc\",\"url\":\"https:\\\/\\\/lakaluk.com\\\/et\\\/\",\"logo\":{\"@type\":\"ImageObject\",\"inLanguage\":\"et\",\"@id\":\"https:\\\/\\\/lakaluk.com\\\/et\\\/#\\\/schema\\\/logo\\\/image\\\/\",\"url\":\"https:\\\/\\\/lakaluk.com\\\/wp-content\\\/uploads\\\/2020\\\/02\\\/LAKALUK-1-1-1.png\",\"contentUrl\":\"https:\\\/\\\/lakaluk.com\\\/wp-content\\\/uploads\\\/2020\\\/02\\\/LAKALUK-1-1-1.png\",\"width\":324,\"height\":324,\"caption\":\"LAKALUK O\u00dc\"},\"image\":{\"@id\":\"https:\\\/\\\/lakaluk.com\\\/et\\\/#\\\/schema\\\/logo\\\/image\\\/\"},\"sameAs\":[\"https:\\\/\\\/www.instagram.com\\\/kekonigram\\\/\"]}]}<\/script>\n<!-- \/ Yoast SEO plugin. -->","yoast_head_json":{"title":"ROOSA LASTETOA VAIP - LUIGE VAIP - M\u00c4NGUVAIP - LAKALUK","description":"LAKALUKi luige vaip on nagu muinasjutt ja armastus esimesest silmapilgust! See roosa lastetoa vaip on perfektne katmaks t\u00fcdrukute toa p\u00f5randat.","robots":{"index":"index","follow":"follow","max-snippet":"max-snippet:-1","max-image-preview":"max-image-preview:large","max-video-preview":"max-video-preview:-1"},"canonical":"https:\/\/lakaluk.com\/et\/toode\/luige-lastetoa-vaip\/","og_locale":"et_EE","og_type":"article","og_title":"ROOSA LASTETOA VAIP - LUIGE VAIP - M\u00c4NGUVAIP - LAKALUK","og_description":"LAKALUKi luige vaip on nagu muinasjutt ja armastus esimesest silmapilgust! See roosa lastetoa vaip on perfektne katmaks t\u00fcdrukute toa p\u00f5randat.","og_url":"https:\/\/lakaluk.com\/et\/toode\/luige-lastetoa-vaip\/","og_site_name":"LAKALUK","article_modified_time":"2020-10-27T11:20:17+00:00","og_image":[{"width":1200,"height":1201,"url":"https:\/\/lakaluk.com\/wp-content\/uploads\/2020\/09\/1200-SQUARE.jpg","type":"image\/jpeg"}],"twitter_card":"summary_large_image","twitter_misc":{"Est. reading time":"1 minut"},"schema":{"@context":"https:\/\/schema.org","@graph":[{"@type":"WebPage","@id":"https:\/\/lakaluk.com\/et\/toode\/luige-lastetoa-vaip\/","url":"https:\/\/lakaluk.com\/et\/toode\/luige-lastetoa-vaip\/","name":"ROOSA LASTETOA VAIP - LUIGE VAIP - M\u00c4NGUVAIP - LAKALUK","isPartOf":{"@id":"https:\/\/lakaluk.com\/et\/#website"},"primaryImageOfPage":{"@id":"https:\/\/lakaluk.com\/et\/toode\/luige-lastetoa-vaip\/#primaryimage"},"image":{"@id":"https:\/\/lakaluk.com\/et\/toode\/luige-lastetoa-vaip\/#primaryimage"},"thumbnailUrl":"https:\/\/lakaluk.com\/wp-content\/uploads\/2020\/09\/1200-SQUARE.jpg","datePublished":"2020-09-21T10:23:09+00:00","dateModified":"2020-10-27T11:20:17+00:00","description":"LAKALUKi luige vaip on nagu muinasjutt ja armastus esimesest silmapilgust! See roosa lastetoa vaip on perfektne katmaks t\u00fcdrukute toa p\u00f5randat.","breadcrumb":{"@id":"https:\/\/lakaluk.com\/et\/toode\/luige-lastetoa-vaip\/#breadcrumb"},"inLanguage":"et","potentialAction":[{"@type":"ReadAction","target":["https:\/\/lakaluk.com\/et\/toode\/luige-lastetoa-vaip\/"]}]},{"@type":"ImageObject","inLanguage":"et","@id":"https:\/\/lakaluk.com\/et\/toode\/luige-lastetoa-vaip\/#primaryimage","url":"https:\/\/lakaluk.com\/wp-content\/uploads\/2020\/09\/1200-SQUARE.jpg","contentUrl":"https:\/\/lakaluk.com\/wp-content\/uploads\/2020\/09\/1200-SQUARE.jpg","width":1200,"height":1201,"caption":"ROOSA LASTETOA VAIP LUIGE M\u00c4NGUVAIP t\u00fcdrukute vaip lakaluk"},{"@type":"BreadcrumbList","@id":"https:\/\/lakaluk.com\/et\/toode\/luige-lastetoa-vaip\/#breadcrumb","itemListElement":[{"@type":"ListItem","position":1,"name":"Esileht","item":"https:\/\/lakaluk.com\/et\/"},{"@type":"ListItem","position":2,"name":"Pood","item":"https:\/\/lakaluk.com\/et\/pood\/"},{"@type":"ListItem","position":3,"name":"Luige Vaip"}]},{"@type":"WebSite","@id":"https:\/\/lakaluk.com\/et\/#website","url":"https:\/\/lakaluk.com\/et\/","name":"LAKALUK","description":"","publisher":{"@id":"https:\/\/lakaluk.com\/et\/#organization"},"potentialAction":[{"@type":"SearchAction","target":{"@type":"EntryPoint","urlTemplate":"https:\/\/lakaluk.com\/et\/?s={search_term_string}"},"query-input":{"@type":"PropertyValueSpecification","valueRequired":true,"valueName":"search_term_string"}}],"inLanguage":"et"},{"@type":"Organization","@id":"https:\/\/lakaluk.com\/et\/#organization","name":"LAKALUK O\u00dc","url":"https:\/\/lakaluk.com\/et\/","logo":{"@type":"ImageObject","inLanguage":"et","@id":"https:\/\/lakaluk.com\/et\/#\/schema\/logo\/image\/","url":"https:\/\/lakaluk.com\/wp-content\/uploads\/2020\/02\/LAKALUK-1-1-1.png","contentUrl":"https:\/\/lakaluk.com\/wp-content\/uploads\/2020\/02\/LAKALUK-1-1-1.png","width":324,"height":324,"caption":"LAKALUK O\u00dc"},"image":{"@id":"https:\/\/lakaluk.com\/et\/#\/schema\/logo\/image\/"},"sameAs":["https:\/\/www.instagram.com\/kekonigram\/"]}]}},"_links":{"self":[{"href":"https:\/\/lakaluk.com\/et\/wp-json\/wp\/v2\/product\/5561","targetHints":{"allow":["GET"]}}],"collection":[{"href":"https:\/\/lakaluk.com\/et\/wp-json\/wp\/v2\/product"}],"about":[{"href":"https:\/\/lakaluk.com\/et\/wp-json\/wp\/v2\/types\/product"}],"wp:featuredmedia":[{"embeddable":true,"href":"https:\/\/lakaluk.com\/et\/wp-json\/wp\/v2\/media\/5560"}],"wp:attachment":[{"href":"https:\/\/lakaluk.com\/et\/wp-json\/wp\/v2\/media?parent=5561"}],"wp:term":[{"taxonomy":"product_brand","embeddable":true,"href":"https:\/\/lakaluk.com\/et\/wp-json\/wp\/v2\/product_brand?post=5561"},{"taxonomy":"product_cat","embeddable":true,"href":"https:\/\/lakaluk.com\/et\/wp-json\/wp\/v2\/product_cat?post=5561"},{"taxonomy":"product_tag","embeddable":true,"href":"https:\/\/lakaluk.com\/et\/wp-json\/wp\/v2\/product_tag?post=5561"}],"curies":[{"name":"wp","href":"https:\/\/api.w.org\/{rel}","templated":true}]}}