{"id":5077,"date":"2019-11-05T14:04:14","date_gmt":"2019-11-05T12:04:15","guid":{"rendered":"https:\/\/lakaluk.com\/?post_type=product&#038;p=5077"},"modified":"2021-05-19T15:06:10","modified_gmt":"2021-05-19T12:06:10","slug":"voodi","status":"publish","type":"product","link":"https:\/\/lakaluk.com\/et\/toode\/voodi\/","title":{"rendered":"T\u0161\u0161\u0161&#8230; voodi"},"content":{"rendered":"<p style=\"font-weight: 400;\">T\u0161\u0161\u0161&#8230; voodi<\/p>\n<p style=\"font-weight: 400;\">Montessori pedagoogikast inspireeritud T\u0161\u0161\u0161&#8230; voodi viib sinu pisikese unen\u00e4gudesse seiklema!<\/p>\n<p style=\"font-weight: 400;\">Voodi on parajalt madal ja lapsele l\u00e4bim\u00f5eldud suurusega, et toetada tema iseseisvat voodisse pugemist ja v\u00e4lja tulemist. Teisalt on poolel voodi osal k\u00f5rgem \u00e4\u00e4ris, et uni m\u00f6\u00f6dus turvaliselt voodist v\u00e4lja potsatamata v\u00f5i et m\u00f5ni oluline kaisukas plehku ei saaks panna.<\/p>\n<p style=\"font-weight: 400;\">Toote kokkupanemine j\u00e4\u00e4b lapsevanema ja lapse tegemiseks. Kokkupanemisel l\u00e4heb tarvis ristpea kruvikeerajat.<\/p>\n<p style=\"font-weight: 400;\">T\u0161\u0161\u0161&#8230; voodi on loodud armastusega meie enda t\u00f6\u00f6kojas.<\/p>\n<p>&nbsp;<\/p>\n<p>Materjal: kasevineer<\/p>\n<p>Voodi k\u00f5rgus:<\/p>\n<p>K\u00f5rge osa 45 cm<\/p>\n<p>Madal osa 25 cm<\/p>\n<p>Madratsi suurused:<br \/>\n60 x 120 cm<br \/>\n70 x 140 cm<br \/>\n70 x 160 cm<br \/>\n80 x 160 cm<br \/>\n80 x 200 cm<br \/>\n90 x 190 cm<br \/>\n90 x 200 cm<\/p>\n","protected":false},"excerpt":{"rendered":"<p>Voodi on parajalt madal ja lapsele l\u00e4bim\u00f5eldud suurusega, et toetada tema iseseisvat voodisse pugemist ja v\u00e4lja tulemist. Teisalt on poolel voodi osal k\u00f5rgem \u00e4\u00e4ris, et uni m\u00f6\u00f6dus turvaliselt voodist v\u00e4lja potsatamata v\u00f5i et m\u00f5ni oluline kaisukas plehku ei saaks panna.<\/p>\n","protected":false},"featured_media":5149,"template":"","meta":[],"product_cat":[92],"product_tag":[],"class_list":{"0":"post-5077","1":"product","2":"type-product","3":"status-publish","4":"has-post-thumbnail","6":"product_cat-lastetoa-sisustus","8":"first","9":"instock","10":"taxable","11":"shipping-taxable","12":"purchasable","13":"product-type-variable","14":"add-to-wishlist-after_add_to_cart"},"yoast_head":"<!-- This site is optimized with the Yoast SEO plugin v24.3 - https:\/\/yoast.com\/wordpress\/plugins\/seo\/ -->\n<title>LAKALUK MONTESSORI VOODI - LASTE VOODI - AUTO VOODI - LAKALUK<\/title>\n<meta name=\"robots\" content=\"index, follow, max-snippet:-1, max-image-preview:large, max-video-preview:-1\" \/>\n<link rel=\"canonical\" href=\"https:\/\/lakaluk.com\/toode\/shhh-bed\/\" \/>\n<meta property=\"og:locale\" content=\"et_EE\" \/>\n<meta property=\"og:type\" content=\"article\" \/>\n<meta property=\"og:title\" content=\"LAKALUK MONTESSORI VOODI - LASTE VOODI - AUTO VOODI - LAKALUK\" \/>\n<meta property=\"og:description\" content=\"Voodi on parajalt madal ja lapsele l\u00e4bim\u00f5eldud suurusega, et toetada tema iseseisvat voodisse pugemist ja v\u00e4lja tulemist. Teisalt on poolel voodi osal k\u00f5rgem \u00e4\u00e4ris, et uni m\u00f6\u00f6dus turvaliselt voodist v\u00e4lja potsatamata v\u00f5i et m\u00f5ni oluline kaisukas plehku ei saaks panna.\" \/>\n<meta property=\"og:url\" content=\"https:\/\/lakaluk.com\/toode\/shhh-bed\/\" \/>\n<meta property=\"og:site_name\" content=\"LAKALUK\" \/>\n<meta property=\"article:modified_time\" content=\"2021-05-19T12:06:10+00:00\" \/>\n<meta property=\"og:image\" content=\"https:\/\/lakaluk.com\/wp-content\/uploads\/2019\/11\/BED-low.jpg\" \/>\n\t<meta property=\"og:image:width\" content=\"1732\" \/>\n\t<meta property=\"og:image:height\" content=\"1719\" \/>\n\t<meta property=\"og:image:type\" content=\"image\/jpeg\" \/>\n<meta name=\"twitter:card\" content=\"summary_large_image\" \/>\n<meta name=\"twitter:label1\" content=\"Est. reading time\" \/>\n\t<meta name=\"twitter:data1\" content=\"1 minut\" \/>\n<script type=\"application\/ld+json\" class=\"yoast-schema-graph\">{\"@context\":\"https:\/\/schema.org\",\"@graph\":[{\"@type\":\"WebPage\",\"@id\":\"https:\/\/lakaluk.com\/toode\/shhh-bed\/\",\"url\":\"https:\/\/lakaluk.com\/toode\/shhh-bed\/\",\"name\":\"LAKALUK MONTESSORI VOODI - LASTE VOODI - AUTO VOODI - LAKALUK\",\"isPartOf\":{\"@id\":\"https:\/\/lakaluk.com\/et\/#website\"},\"primaryImageOfPage\":{\"@id\":\"https:\/\/lakaluk.com\/toode\/shhh-bed\/#primaryimage\"},\"image\":{\"@id\":\"https:\/\/lakaluk.com\/toode\/shhh-bed\/#primaryimage\"},\"thumbnailUrl\":\"https:\/\/lakaluk.com\/wp-content\/uploads\/2019\/11\/BED-low.jpg\",\"datePublished\":\"2019-11-05T12:04:15+00:00\",\"dateModified\":\"2021-05-19T12:06:10+00:00\",\"breadcrumb\":{\"@id\":\"https:\/\/lakaluk.com\/toode\/shhh-bed\/#breadcrumb\"},\"inLanguage\":\"et\",\"potentialAction\":[{\"@type\":\"ReadAction\",\"target\":[\"https:\/\/lakaluk.com\/toode\/shhh-bed\/\"]}]},{\"@type\":\"ImageObject\",\"inLanguage\":\"et\",\"@id\":\"https:\/\/lakaluk.com\/toode\/shhh-bed\/#primaryimage\",\"url\":\"https:\/\/lakaluk.com\/wp-content\/uploads\/2019\/11\/BED-low.jpg\",\"contentUrl\":\"https:\/\/lakaluk.com\/wp-content\/uploads\/2019\/11\/BED-low.jpg\",\"width\":1732,\"height\":1719,\"caption\":\"laste voodi montessori voodi autovoodi vineersti voodi\"},{\"@type\":\"BreadcrumbList\",\"@id\":\"https:\/\/lakaluk.com\/toode\/shhh-bed\/#breadcrumb\",\"itemListElement\":[{\"@type\":\"ListItem\",\"position\":1,\"name\":\"Esileht\",\"item\":\"https:\/\/lakaluk.com\/et\/\"},{\"@type\":\"ListItem\",\"position\":2,\"name\":\"Shop\",\"item\":\"https:\/\/lakaluk.com\/\"},{\"@type\":\"ListItem\",\"position\":3,\"name\":\"T\u0161\u0161\u0161&#8230; voodi\"}]},{\"@type\":\"WebSite\",\"@id\":\"https:\/\/lakaluk.com\/et\/#website\",\"url\":\"https:\/\/lakaluk.com\/et\/\",\"name\":\"LAKALUK\",\"description\":\"\",\"publisher\":{\"@id\":\"https:\/\/lakaluk.com\/et\/#organization\"},\"potentialAction\":[{\"@type\":\"SearchAction\",\"target\":{\"@type\":\"EntryPoint\",\"urlTemplate\":\"https:\/\/lakaluk.com\/et\/?s={search_term_string}\"},\"query-input\":{\"@type\":\"PropertyValueSpecification\",\"valueRequired\":true,\"valueName\":\"search_term_string\"}}],\"inLanguage\":\"et\"},{\"@type\":\"Organization\",\"@id\":\"https:\/\/lakaluk.com\/et\/#organization\",\"name\":\"LAKALUK O\u00dc\",\"url\":\"https:\/\/lakaluk.com\/et\/\",\"logo\":{\"@type\":\"ImageObject\",\"inLanguage\":\"et\",\"@id\":\"https:\/\/lakaluk.com\/et\/#\/schema\/logo\/image\/\",\"url\":\"https:\/\/lakaluk.com\/wp-content\/uploads\/2020\/02\/LAKALUK-1-1-1.png\",\"contentUrl\":\"https:\/\/lakaluk.com\/wp-content\/uploads\/2020\/02\/LAKALUK-1-1-1.png\",\"width\":324,\"height\":324,\"caption\":\"LAKALUK O\u00dc\"},\"image\":{\"@id\":\"https:\/\/lakaluk.com\/et\/#\/schema\/logo\/image\/\"},\"sameAs\":[\"https:\/\/www.instagram.com\/kekonigram\/\"]}]}<\/script>\n<!-- \/ Yoast SEO plugin. -->","yoast_head_json":{"title":"LAKALUK MONTESSORI VOODI - LASTE VOODI - AUTO VOODI - LAKALUK","robots":{"index":"index","follow":"follow","max-snippet":"max-snippet:-1","max-image-preview":"max-image-preview:large","max-video-preview":"max-video-preview:-1"},"canonical":"https:\/\/lakaluk.com\/toode\/shhh-bed\/","og_locale":"et_EE","og_type":"article","og_title":"LAKALUK MONTESSORI VOODI - LASTE VOODI - AUTO VOODI - LAKALUK","og_description":"Voodi on parajalt madal ja lapsele l\u00e4bim\u00f5eldud suurusega, et toetada tema iseseisvat voodisse pugemist ja v\u00e4lja tulemist. Teisalt on poolel voodi osal k\u00f5rgem \u00e4\u00e4ris, et uni m\u00f6\u00f6dus turvaliselt voodist v\u00e4lja potsatamata v\u00f5i et m\u00f5ni oluline kaisukas plehku ei saaks panna.","og_url":"https:\/\/lakaluk.com\/toode\/shhh-bed\/","og_site_name":"LAKALUK","article_modified_time":"2021-05-19T12:06:10+00:00","og_image":[{"width":1732,"height":1719,"url":"https:\/\/lakaluk.com\/wp-content\/uploads\/2019\/11\/BED-low.jpg","type":"image\/jpeg"}],"twitter_card":"summary_large_image","twitter_misc":{"Est. reading time":"1 minut"},"schema":{"@context":"https:\/\/schema.org","@graph":[{"@type":"WebPage","@id":"https:\/\/lakaluk.com\/toode\/shhh-bed\/","url":"https:\/\/lakaluk.com\/toode\/shhh-bed\/","name":"LAKALUK MONTESSORI VOODI - LASTE VOODI - AUTO VOODI - LAKALUK","isPartOf":{"@id":"https:\/\/lakaluk.com\/et\/#website"},"primaryImageOfPage":{"@id":"https:\/\/lakaluk.com\/toode\/shhh-bed\/#primaryimage"},"image":{"@id":"https:\/\/lakaluk.com\/toode\/shhh-bed\/#primaryimage"},"thumbnailUrl":"https:\/\/lakaluk.com\/wp-content\/uploads\/2019\/11\/BED-low.jpg","datePublished":"2019-11-05T12:04:15+00:00","dateModified":"2021-05-19T12:06:10+00:00","breadcrumb":{"@id":"https:\/\/lakaluk.com\/toode\/shhh-bed\/#breadcrumb"},"inLanguage":"et","potentialAction":[{"@type":"ReadAction","target":["https:\/\/lakaluk.com\/toode\/shhh-bed\/"]}]},{"@type":"ImageObject","inLanguage":"et","@id":"https:\/\/lakaluk.com\/toode\/shhh-bed\/#primaryimage","url":"https:\/\/lakaluk.com\/wp-content\/uploads\/2019\/11\/BED-low.jpg","contentUrl":"https:\/\/lakaluk.com\/wp-content\/uploads\/2019\/11\/BED-low.jpg","width":1732,"height":1719,"caption":"laste voodi montessori voodi autovoodi vineersti voodi"},{"@type":"BreadcrumbList","@id":"https:\/\/lakaluk.com\/toode\/shhh-bed\/#breadcrumb","itemListElement":[{"@type":"ListItem","position":1,"name":"Esileht","item":"https:\/\/lakaluk.com\/et\/"},{"@type":"ListItem","position":2,"name":"Shop","item":"https:\/\/lakaluk.com\/"},{"@type":"ListItem","position":3,"name":"T\u0161\u0161\u0161&#8230; voodi"}]},{"@type":"WebSite","@id":"https:\/\/lakaluk.com\/et\/#website","url":"https:\/\/lakaluk.com\/et\/","name":"LAKALUK","description":"","publisher":{"@id":"https:\/\/lakaluk.com\/et\/#organization"},"potentialAction":[{"@type":"SearchAction","target":{"@type":"EntryPoint","urlTemplate":"https:\/\/lakaluk.com\/et\/?s={search_term_string}"},"query-input":{"@type":"PropertyValueSpecification","valueRequired":true,"valueName":"search_term_string"}}],"inLanguage":"et"},{"@type":"Organization","@id":"https:\/\/lakaluk.com\/et\/#organization","name":"LAKALUK O\u00dc","url":"https:\/\/lakaluk.com\/et\/","logo":{"@type":"ImageObject","inLanguage":"et","@id":"https:\/\/lakaluk.com\/et\/#\/schema\/logo\/image\/","url":"https:\/\/lakaluk.com\/wp-content\/uploads\/2020\/02\/LAKALUK-1-1-1.png","contentUrl":"https:\/\/lakaluk.com\/wp-content\/uploads\/2020\/02\/LAKALUK-1-1-1.png","width":324,"height":324,"caption":"LAKALUK O\u00dc"},"image":{"@id":"https:\/\/lakaluk.com\/et\/#\/schema\/logo\/image\/"},"sameAs":["https:\/\/www.instagram.com\/kekonigram\/"]}]}},"_links":{"self":[{"href":"https:\/\/lakaluk.com\/et\/wp-json\/wp\/v2\/product\/5077","targetHints":{"allow":["GET"]}}],"collection":[{"href":"https:\/\/lakaluk.com\/et\/wp-json\/wp\/v2\/product"}],"about":[{"href":"https:\/\/lakaluk.com\/et\/wp-json\/wp\/v2\/types\/product"}],"wp:featuredmedia":[{"embeddable":true,"href":"https:\/\/lakaluk.com\/et\/wp-json\/wp\/v2\/media\/5149"}],"wp:attachment":[{"href":"https:\/\/lakaluk.com\/et\/wp-json\/wp\/v2\/media?parent=5077"}],"wp:term":[{"taxonomy":"product_cat","embeddable":true,"href":"https:\/\/lakaluk.com\/et\/wp-json\/wp\/v2\/product_cat?post=5077"},{"taxonomy":"product_tag","embeddable":true,"href":"https:\/\/lakaluk.com\/et\/wp-json\/wp\/v2\/product_tag?post=5077"}],"curies":[{"name":"wp","href":"https:\/\/api.w.org\/{rel}","templated":true}]}}