{"id":4866,"date":"2019-07-17T16:54:47","date_gmt":"2019-07-17T13:54:47","guid":{"rendered":"https:\/\/lakaluk.com\/?post_type=product&#038;p=4866"},"modified":"2019-07-17T17:00:03","modified_gmt":"2019-07-17T14:00:03","slug":"suur-linnulamp","status":"publish","type":"product","link":"https:\/\/lakaluk.com\/et\/toode\/suur-linnulamp\/","title":{"rendered":"Suur Linnulamp"},"content":{"rendered":"<p>M\u00e4nguline Lakaluki linnulamp t\u00e4helepanuta kindlasti ei j\u00e4\u00e4 olles ruumi t\u00f5eliseks pilgup\u00fc\u00fcdjaks ja atmosf\u00e4\u00e4ri loojaks. Valgustatuna joonistab ta seintele suurejoonelise varjudem\u00e4ngu.<\/p>\n<p>Iga linnulamp on Eestis k\u00e4sitsi toodetud ja linnud selle sees on hoolikalt valitud, moodustades korraliku v\u00e4rvilise koosk\u00f5la. Kellelgi teisel ei ole just sellist linnulampi, kuna iga lamp erineb linnuvalikult, milles saad soovi korral kaasa r\u00e4\u00e4kida. PS! Anna meile teada oma v\u00e4rvisoovidest tellimuse m\u00e4rkustes!<\/p>\n<p>Keskmise suurusega Lakaluki linnulamp on kollektsiooni klassika, osutudes populaarseimaks valikuks. Valgusti tuleb koos laeroseti ning juhtmega. Sinu soovil v\u00f5ime roseti asendada pistikupesaga.<\/p>\n<p>M\u00d5\u00d5DUD<\/p>\n<ul>\n<li>H \u2013 360 mm<\/li>\n<li>\u00d8 &#8211; 600 mm<\/li>\n<li>Tekstiilkaabel 1m<\/li>\n<\/ul>\n<p>Materjal &#8211; kasevineer, bambus<\/p>\n<p>Sobilik pirn: E27, max 75 W<\/p>\n<p>Lakaluki linnulambi kollektsioon on loodud armastusega meie enda t\u00f6\u00f6kojas.<\/p>\n","protected":false},"excerpt":{"rendered":"<p>M\u00d5\u00d5DUD<\/p>\n<ul>\n<li>H \u2013 360 mm<\/li>\n<li>\u00d8 &#8211; 600 mm<\/li>\n<li>Tekstiilkaabel 1m<\/li>\n<\/ul>\n","protected":false},"featured_media":5029,"template":"","meta":[],"product_cat":[75],"product_tag":[76],"class_list":{"0":"post-4866","1":"product","2":"type-product","3":"status-publish","4":"has-post-thumbnail","6":"product_cat-linnulambid","7":"product_tag-linnulambid","9":"first","10":"instock","11":"taxable","12":"shipping-taxable","13":"purchasable","14":"product-type-simple","15":"add-to-wishlist-after_add_to_cart"},"yoast_head":"<!-- This site is optimized with the Yoast SEO plugin v24.3 - https:\/\/yoast.com\/wordpress\/plugins\/seo\/ -->\n<title>Suur Linnulamp<\/title>\n<meta name=\"robots\" content=\"index, follow, max-snippet:-1, max-image-preview:large, max-video-preview:-1\" \/>\n<link rel=\"canonical\" href=\"https:\/\/lakaluk.com\/et\/toode\/suur-linnulamp\/\" \/>\n<meta property=\"og:locale\" content=\"et_EE\" \/>\n<meta property=\"og:type\" content=\"article\" \/>\n<meta property=\"og:title\" content=\"Suur Linnulamp\" \/>\n<meta property=\"og:description\" content=\"M\u00d5\u00d5DUD   H \u2013 360 mm  \u00d8 - 600 mm  Tekstiilkaabel 1m\" \/>\n<meta property=\"og:url\" content=\"https:\/\/lakaluk.com\/et\/toode\/suur-linnulamp\/\" \/>\n<meta property=\"og:site_name\" content=\"LAKALUK\" \/>\n<meta property=\"article:modified_time\" content=\"2019-07-17T14:00:03+00:00\" \/>\n<meta property=\"og:image\" content=\"https:\/\/lakaluk.com\/wp-content\/uploads\/2019\/07\/L76A8700_web1200-1.jpg\" \/>\n\t<meta property=\"og:image:width\" content=\"800\" \/>\n\t<meta property=\"og:image:height\" content=\"800\" \/>\n\t<meta property=\"og:image:type\" content=\"image\/jpeg\" \/>\n<meta name=\"twitter:card\" content=\"summary_large_image\" \/>\n<meta name=\"twitter:label1\" content=\"Est. reading time\" \/>\n\t<meta name=\"twitter:data1\" content=\"1 minut\" \/>\n<script type=\"application\/ld+json\" class=\"yoast-schema-graph\">{\"@context\":\"https:\/\/schema.org\",\"@graph\":[{\"@type\":\"WebPage\",\"@id\":\"https:\/\/lakaluk.com\/et\/toode\/suur-linnulamp\/\",\"url\":\"https:\/\/lakaluk.com\/et\/toode\/suur-linnulamp\/\",\"name\":\"Suur Linnulamp\",\"isPartOf\":{\"@id\":\"https:\/\/lakaluk.com\/et\/#website\"},\"primaryImageOfPage\":{\"@id\":\"https:\/\/lakaluk.com\/et\/toode\/suur-linnulamp\/#primaryimage\"},\"image\":{\"@id\":\"https:\/\/lakaluk.com\/et\/toode\/suur-linnulamp\/#primaryimage\"},\"thumbnailUrl\":\"https:\/\/lakaluk.com\/wp-content\/uploads\/2019\/07\/L76A8700_web1200-1.jpg\",\"datePublished\":\"2019-07-17T13:54:47+00:00\",\"dateModified\":\"2019-07-17T14:00:03+00:00\",\"breadcrumb\":{\"@id\":\"https:\/\/lakaluk.com\/et\/toode\/suur-linnulamp\/#breadcrumb\"},\"inLanguage\":\"et\",\"potentialAction\":[{\"@type\":\"ReadAction\",\"target\":[\"https:\/\/lakaluk.com\/et\/toode\/suur-linnulamp\/\"]}]},{\"@type\":\"ImageObject\",\"inLanguage\":\"et\",\"@id\":\"https:\/\/lakaluk.com\/et\/toode\/suur-linnulamp\/#primaryimage\",\"url\":\"https:\/\/lakaluk.com\/wp-content\/uploads\/2019\/07\/L76A8700_web1200-1.jpg\",\"contentUrl\":\"https:\/\/lakaluk.com\/wp-content\/uploads\/2019\/07\/L76A8700_web1200-1.jpg\",\"width\":800,\"height\":800,\"caption\":\"Large birdcage chandelier pendant light\"},{\"@type\":\"BreadcrumbList\",\"@id\":\"https:\/\/lakaluk.com\/et\/toode\/suur-linnulamp\/#breadcrumb\",\"itemListElement\":[{\"@type\":\"ListItem\",\"position\":1,\"name\":\"Esileht\",\"item\":\"https:\/\/lakaluk.com\/et\/\"},{\"@type\":\"ListItem\",\"position\":2,\"name\":\"Shop\",\"item\":\"https:\/\/lakaluk.com\/\"},{\"@type\":\"ListItem\",\"position\":3,\"name\":\"Suur Linnulamp\"}]},{\"@type\":\"WebSite\",\"@id\":\"https:\/\/lakaluk.com\/et\/#website\",\"url\":\"https:\/\/lakaluk.com\/et\/\",\"name\":\"LAKALUK\",\"description\":\"\",\"publisher\":{\"@id\":\"https:\/\/lakaluk.com\/et\/#organization\"},\"potentialAction\":[{\"@type\":\"SearchAction\",\"target\":{\"@type\":\"EntryPoint\",\"urlTemplate\":\"https:\/\/lakaluk.com\/et\/?s={search_term_string}\"},\"query-input\":{\"@type\":\"PropertyValueSpecification\",\"valueRequired\":true,\"valueName\":\"search_term_string\"}}],\"inLanguage\":\"et\"},{\"@type\":\"Organization\",\"@id\":\"https:\/\/lakaluk.com\/et\/#organization\",\"name\":\"LAKALUK O\u00dc\",\"url\":\"https:\/\/lakaluk.com\/et\/\",\"logo\":{\"@type\":\"ImageObject\",\"inLanguage\":\"et\",\"@id\":\"https:\/\/lakaluk.com\/et\/#\/schema\/logo\/image\/\",\"url\":\"https:\/\/lakaluk.com\/wp-content\/uploads\/2020\/02\/LAKALUK-1-1-1.png\",\"contentUrl\":\"https:\/\/lakaluk.com\/wp-content\/uploads\/2020\/02\/LAKALUK-1-1-1.png\",\"width\":324,\"height\":324,\"caption\":\"LAKALUK O\u00dc\"},\"image\":{\"@id\":\"https:\/\/lakaluk.com\/et\/#\/schema\/logo\/image\/\"},\"sameAs\":[\"https:\/\/www.instagram.com\/kekonigram\/\"]}]}<\/script>\n<!-- \/ Yoast SEO plugin. -->","yoast_head_json":{"title":"Suur Linnulamp","robots":{"index":"index","follow":"follow","max-snippet":"max-snippet:-1","max-image-preview":"max-image-preview:large","max-video-preview":"max-video-preview:-1"},"canonical":"https:\/\/lakaluk.com\/et\/toode\/suur-linnulamp\/","og_locale":"et_EE","og_type":"article","og_title":"Suur Linnulamp","og_description":"M\u00d5\u00d5DUD   H \u2013 360 mm  \u00d8 - 600 mm  Tekstiilkaabel 1m","og_url":"https:\/\/lakaluk.com\/et\/toode\/suur-linnulamp\/","og_site_name":"LAKALUK","article_modified_time":"2019-07-17T14:00:03+00:00","og_image":[{"width":800,"height":800,"url":"https:\/\/lakaluk.com\/wp-content\/uploads\/2019\/07\/L76A8700_web1200-1.jpg","type":"image\/jpeg"}],"twitter_card":"summary_large_image","twitter_misc":{"Est. reading time":"1 minut"},"schema":{"@context":"https:\/\/schema.org","@graph":[{"@type":"WebPage","@id":"https:\/\/lakaluk.com\/et\/toode\/suur-linnulamp\/","url":"https:\/\/lakaluk.com\/et\/toode\/suur-linnulamp\/","name":"Suur Linnulamp","isPartOf":{"@id":"https:\/\/lakaluk.com\/et\/#website"},"primaryImageOfPage":{"@id":"https:\/\/lakaluk.com\/et\/toode\/suur-linnulamp\/#primaryimage"},"image":{"@id":"https:\/\/lakaluk.com\/et\/toode\/suur-linnulamp\/#primaryimage"},"thumbnailUrl":"https:\/\/lakaluk.com\/wp-content\/uploads\/2019\/07\/L76A8700_web1200-1.jpg","datePublished":"2019-07-17T13:54:47+00:00","dateModified":"2019-07-17T14:00:03+00:00","breadcrumb":{"@id":"https:\/\/lakaluk.com\/et\/toode\/suur-linnulamp\/#breadcrumb"},"inLanguage":"et","potentialAction":[{"@type":"ReadAction","target":["https:\/\/lakaluk.com\/et\/toode\/suur-linnulamp\/"]}]},{"@type":"ImageObject","inLanguage":"et","@id":"https:\/\/lakaluk.com\/et\/toode\/suur-linnulamp\/#primaryimage","url":"https:\/\/lakaluk.com\/wp-content\/uploads\/2019\/07\/L76A8700_web1200-1.jpg","contentUrl":"https:\/\/lakaluk.com\/wp-content\/uploads\/2019\/07\/L76A8700_web1200-1.jpg","width":800,"height":800,"caption":"Large birdcage chandelier pendant light"},{"@type":"BreadcrumbList","@id":"https:\/\/lakaluk.com\/et\/toode\/suur-linnulamp\/#breadcrumb","itemListElement":[{"@type":"ListItem","position":1,"name":"Esileht","item":"https:\/\/lakaluk.com\/et\/"},{"@type":"ListItem","position":2,"name":"Shop","item":"https:\/\/lakaluk.com\/"},{"@type":"ListItem","position":3,"name":"Suur Linnulamp"}]},{"@type":"WebSite","@id":"https:\/\/lakaluk.com\/et\/#website","url":"https:\/\/lakaluk.com\/et\/","name":"LAKALUK","description":"","publisher":{"@id":"https:\/\/lakaluk.com\/et\/#organization"},"potentialAction":[{"@type":"SearchAction","target":{"@type":"EntryPoint","urlTemplate":"https:\/\/lakaluk.com\/et\/?s={search_term_string}"},"query-input":{"@type":"PropertyValueSpecification","valueRequired":true,"valueName":"search_term_string"}}],"inLanguage":"et"},{"@type":"Organization","@id":"https:\/\/lakaluk.com\/et\/#organization","name":"LAKALUK O\u00dc","url":"https:\/\/lakaluk.com\/et\/","logo":{"@type":"ImageObject","inLanguage":"et","@id":"https:\/\/lakaluk.com\/et\/#\/schema\/logo\/image\/","url":"https:\/\/lakaluk.com\/wp-content\/uploads\/2020\/02\/LAKALUK-1-1-1.png","contentUrl":"https:\/\/lakaluk.com\/wp-content\/uploads\/2020\/02\/LAKALUK-1-1-1.png","width":324,"height":324,"caption":"LAKALUK O\u00dc"},"image":{"@id":"https:\/\/lakaluk.com\/et\/#\/schema\/logo\/image\/"},"sameAs":["https:\/\/www.instagram.com\/kekonigram\/"]}]}},"_links":{"self":[{"href":"https:\/\/lakaluk.com\/et\/wp-json\/wp\/v2\/product\/4866","targetHints":{"allow":["GET"]}}],"collection":[{"href":"https:\/\/lakaluk.com\/et\/wp-json\/wp\/v2\/product"}],"about":[{"href":"https:\/\/lakaluk.com\/et\/wp-json\/wp\/v2\/types\/product"}],"wp:featuredmedia":[{"embeddable":true,"href":"https:\/\/lakaluk.com\/et\/wp-json\/wp\/v2\/media\/5029"}],"wp:attachment":[{"href":"https:\/\/lakaluk.com\/et\/wp-json\/wp\/v2\/media?parent=4866"}],"wp:term":[{"taxonomy":"product_cat","embeddable":true,"href":"https:\/\/lakaluk.com\/et\/wp-json\/wp\/v2\/product_cat?post=4866"},{"taxonomy":"product_tag","embeddable":true,"href":"https:\/\/lakaluk.com\/et\/wp-json\/wp\/v2\/product_tag?post=4866"}],"curies":[{"name":"wp","href":"https:\/\/api.w.org\/{rel}","templated":true}]}}