{"id":4544,"date":"2019-05-22T12:58:43","date_gmt":"2019-05-22T09:58:43","guid":{"rendered":"https:\/\/lakaluk.com\/?post_type=product&#038;p=4544"},"modified":"2025-01-29T15:06:58","modified_gmt":"2025-01-29T13:06:58","slug":"montessori-torntool","status":"publish","type":"product","link":"https:\/\/lakaluk.com\/et\/toode\/montessori-torntool\/","title":{"rendered":"Maailmauudistaja Torntool | Laud-Tool"},"content":{"rendered":"<p>Ronimispukk, k\u00f6\u00f6gipukk, astmelaud, k\u00f6\u00f6gitorn, laste torntool, laste pukk v\u00f5i montessori torntool. Jah, toolide nimetusi ja stiile on erinevaid, aga k\u00f5iki neid \u00fchendab \u00fcks eesm\u00e4rk \u2013 toetada v\u00e4ikelast andes talle v\u00f5imaluse mugavalt ja turvaliselt k\u00f5rgematele tasapindadele j\u00f5udmiseks, et ka tema saaks igap\u00e4eva asjatustest osa v\u00f5tta. Turvalisuse tagamiseks on montessori torntool \u00e4\u00e4ristatud k\u00f5ikidelt k\u00fclgedelt, mis toetavad last p\u00fcstiseismisel ning kaitsevad kukkumisest.<\/p>\n<p>K\u00f6\u00f6gipukid on populaarsed Montessori kogukonnas, mille meetodiks on lapsest l\u00e4htuvad tegevused, eesm\u00e4rgiga toetada ja arendada laste iseseisvust. Lapsest l\u00e4htuvad tegevused ei t\u00e4henda siinkohal seda, et laps v\u00f5ib teha, mida iganes tahab, vaid seda, et kasvukeskkond vastab tema arenguvajadustele ning tal on selle raames vabadus iseseisvalt tegutseda. Ja siin tulevadki m\u00e4ngu k\u00f6\u00f6gipukid, mille abil ronida k\u00f5\u00f6gi tasapinnani end abikokaks pakkudes v\u00f5i kraanikausini oma esimesi kikusid harjama. Sealjuures seda tehes turvalises ja hoitud keskkonnas.<\/p>\n<p>Lakaluki montessori torntool aitab turvaliselt p\u00fcrgida k\u00f6\u00f6gikapini, kus lapsevanem toimetab v\u00f5i kapipealselt ihaldatud m\u00e4nguasja haarama. Paari imelihtsa liigutuse abil muutub torntool lapsem\u00f5\u00f5dus lauaks ja tooliks, kus on ohkuihea meisterdada v\u00f5i s\u00fc\u00fca. Veel paar liigutust ja lauast ja toolist saab nukumaja ja astmepink.<\/p>\n<p>Laste ronimispukk on multifunktisionaalne, pakkudes kasutamisv\u00f5imalusi neljal erineval viisil: torntool, tool ja laud, nukumaja ja astmepink. Lapse kasvades saab saab torntooli edasi kasutada astmepingi ja nukumajana.<\/p>\n<p>Maailmauudistaja pukk on disainitud toetudes Montessori pedagoogikale \u2013 kaasata laps oma igap\u00e4evategevustesse ning seel\u00e4bi toetada tema arengut. V\u00f5it k\u00f5igi \u2013 lapse kui ja lapsevanema jaoks.<\/p>\n<p>K\u00f6\u00f6gipukk on v\u00e4ljat\u00f6\u00f6datud toetudes Euroopa standardimisorganisatsiooni standardile EN 71:M\u00e4nguasjade ohutus.<\/p>\n<p>Soovitame montessori torntooli kasuatada alates lapse esimesest eluaastast. Torntool kannatab \u00e4ra iga lapse v\u00f5i lapsevanema raskuse. K\u00fcll aga on siiski m\u00f5eldud kasutamaks lastele.<br \/>\nToote kokkupanemine j\u00e4\u00e4b lapsevanema ja lapse tegemiseks. Kokkupanemisel l\u00e4heb tarvis ristpea<br \/>\nkruvikeerajat.<\/p>\n<p>Materjal: 12mm kasevineer<\/p>\n<p>M\u00d5\u00d5DUD:<\/p>\n<p>Torntool:<\/p>\n<p>K\u00f5rgus: 85cm<\/p>\n<p>Laius: 42cm<\/p>\n<p>S\u00fcgavus: 40 cm<\/p>\n<p>Esimese astme k\u00f5rgus: 21cm<\/p>\n<p>Teise astme k\u00f5rgus: 45cm<\/p>\n<p>&nbsp;<\/p>\n<p>Lauakomplekt:<\/p>\n<p>K\u00f5rgus: 43cm<\/p>\n<p>Laius: 42cm<\/p>\n<p>S\u00fcgavus: 68cm<\/p>\n<p>Istme k\u00f5rgus: 21cm<\/p>\n<p>Lauaplaadi suurus: 44x40cm<\/p>\n<p>&nbsp;<\/p>\n<p>Nukumaja:<\/p>\n<p>Laius: 43cm<\/p>\n<p>S\u00fcgavus: 28cm<\/p>\n<p>K\u00f5rgus: 43cm<\/p>\n<p>Lakaluki maailmauudistaja torntool on loodud armastusega meie enda t\u00f6\u00f6kojas.<\/p>\n<p>&nbsp;<\/p>\n<p>Kuidas ja millal sa oma paki k\u00e4tte saad v\u00f5id lugeda <a href=\"https:\/\/lakaluk.com\/et\/tarneviisid\/\">siit<\/a>.<\/p>\n<p>LAKALUK on kodumaine loovstuudi, kelle jaoks on oluline lapse loomingulisuse areng ja maailma avastamamine l\u00e4bi naturaalsete materjalide. K\u00f5ik LAKALUKi tooted on k\u00e4sitsi toodetud Eestis.<\/p>\n<p>Leia meid<a href=\"https:\/\/www.facebook.com\/lakaluklakaluk\"> facebookis<\/a> ja <a href=\"http:\/\/www.instagram.com\/lakalukshop\">instagrammis<\/a>!<\/p>\n<section class=\"related products\"><\/section>\n<section class=\"related products\"><\/section>\n","protected":false},"excerpt":{"rendered":"<p>LAKALUKi torntool aitab turvaliselt p\u00fcrgida k\u00f6\u00f6gikapini, kus lapsevanem toimetab v\u00f5i kapipealselt ihaldatud m\u00e4nguasja haarama.<\/p>\n<p>Paari imelihtsa liigutuse abil muutub torntool lapsem\u00f5\u00f5dus lauaks ja tooliks, kus on ohkuihea meisterdada v\u00f5i s\u00fc\u00fca. Veel paar liigutust<br \/>\nja lauast ja toolist saab nukumaja ja astmepink.<\/p>\n<p>&nbsp;<\/p>\n<p>Kindlasti soovime t\u00e4helepanu p\u00f6\u00f6rata meie kasutatavale materjalile. Melamiin kattega vineer on h\u00fcgieeniline, veekindel ja nii lihtsasti puhastatav, et vaid vee ja lapiga puhastades on pind ikka ja alati nagu uus. Tavalisse lakitud v\u00f5i v\u00e4rvitud vineeri imendub aja jooksul niiskus ja mustus, mis muudab teda raskesti puhastavaks. Melamiin kattega vineer on h\u00fcgieeniline, lihtsasti puhastatav, vastupidav kriimustustele, niiskusele ja hallitusele.<\/p>\n<p>&nbsp;<\/p>\n<p>LAKALUKi ronimispukk on loodud armastusega meie Tallinnas asuvas t\u00f6\u00f6kojas.<\/p>\n<p>&nbsp;<\/p>\n<p>Loe rohkem <a href=\"https:\/\/lakaluk.com\/laste-torntool-kuidas-valida-abc\/\"><strong>siit<\/strong>,<\/a> milline pukk oleks just teie pere jaoks parim valik.<\/p>\n<p>&nbsp;<\/p>\n<p><strong>Pukid kohe laos olemas!<\/strong><\/p>\n","protected":false},"featured_media":6114,"template":"","meta":[],"product_cat":[99,92,71],"product_tag":[],"class_list":{"0":"post-4544","1":"product","2":"type-product","3":"status-publish","4":"has-post-thumbnail","6":"product_cat-torntool","7":"product_cat-lastetoa-sisustus","8":"product_cat-manguaeg","10":"first","11":"instock","12":"taxable","13":"shipping-taxable","14":"purchasable","15":"product-type-simple","16":"add-to-wishlist-after_add_to_cart"},"yoast_head":"<!-- This site is optimized with the Yoast SEO plugin v24.3 - https:\/\/yoast.com\/wordpress\/plugins\/seo\/ -->\n<title>MONTESSORI TORNTOOL - LAUD - NUKUMAJA - K\u00d6\u00d6GIPUKK<\/title>\n<meta name=\"description\" content=\"LAKALUKi montessori torntool aitab turvaliselt p\u00fcrgida k\u00f6\u00f6gikapini, kus lapsevanemtoimetab v\u00f5i kapipealselt ihaldatud m\u00e4nguasja haarama.\" \/>\n<meta name=\"robots\" content=\"index, follow, max-snippet:-1, max-image-preview:large, max-video-preview:-1\" \/>\n<link rel=\"canonical\" href=\"https:\/\/lakaluk.com\/et\/toode\/montessori-torntool\/\" \/>\n<meta property=\"og:locale\" content=\"et_EE\" \/>\n<meta property=\"og:type\" content=\"article\" \/>\n<meta property=\"og:title\" content=\"Maailmauudistaja Ronimispukk\" \/>\n<meta property=\"og:description\" content=\"LAKALUKi montessori torntool aitab turvaliselt p\u00fcrgida k\u00f6\u00f6gikapini, kus lapsevanemtoimetab v\u00f5i kapipealselt ihaldatud m\u00e4nguasja haarama.\" \/>\n<meta property=\"og:url\" content=\"https:\/\/lakaluk.com\/et\/toode\/montessori-torntool\/\" \/>\n<meta property=\"og:site_name\" content=\"LAKALUK\" \/>\n<meta property=\"article:modified_time\" content=\"2025-01-29T13:06:58+00:00\" \/>\n<meta property=\"og:image\" content=\"https:\/\/lakaluk.com\/wp-content\/uploads\/2019\/05\/image0-square-low.jpg\" \/>\n\t<meta property=\"og:image:width\" content=\"908\" \/>\n\t<meta property=\"og:image:height\" content=\"1036\" \/>\n\t<meta property=\"og:image:type\" content=\"image\/jpeg\" \/>\n<meta name=\"twitter:card\" content=\"summary_large_image\" \/>\n<meta name=\"twitter:label1\" content=\"Est. reading time\" \/>\n\t<meta name=\"twitter:data1\" content=\"2 minutit\" \/>\n<script type=\"application\/ld+json\" class=\"yoast-schema-graph\">{\"@context\":\"https:\/\/schema.org\",\"@graph\":[{\"@type\":\"WebPage\",\"@id\":\"https:\/\/lakaluk.com\/et\/toode\/montessori-torntool\/\",\"url\":\"https:\/\/lakaluk.com\/et\/toode\/montessori-torntool\/\",\"name\":\"MONTESSORI TORNTOOL - LAUD - NUKUMAJA - K\u00d6\u00d6GIPUKK\",\"isPartOf\":{\"@id\":\"https:\/\/lakaluk.com\/et\/#website\"},\"primaryImageOfPage\":{\"@id\":\"https:\/\/lakaluk.com\/et\/toode\/montessori-torntool\/#primaryimage\"},\"image\":{\"@id\":\"https:\/\/lakaluk.com\/et\/toode\/montessori-torntool\/#primaryimage\"},\"thumbnailUrl\":\"https:\/\/lakaluk.com\/wp-content\/uploads\/2019\/05\/image0-square-low.jpg\",\"datePublished\":\"2019-05-22T09:58:43+00:00\",\"dateModified\":\"2025-01-29T13:06:58+00:00\",\"description\":\"LAKALUKi montessori torntool aitab turvaliselt p\u00fcrgida k\u00f6\u00f6gikapini, kus lapsevanemtoimetab v\u00f5i kapipealselt ihaldatud m\u00e4nguasja haarama.\",\"breadcrumb\":{\"@id\":\"https:\/\/lakaluk.com\/et\/toode\/montessori-torntool\/#breadcrumb\"},\"inLanguage\":\"et\",\"potentialAction\":[{\"@type\":\"ReadAction\",\"target\":[\"https:\/\/lakaluk.com\/et\/toode\/montessori-torntool\/\"]}]},{\"@type\":\"ImageObject\",\"inLanguage\":\"et\",\"@id\":\"https:\/\/lakaluk.com\/et\/toode\/montessori-torntool\/#primaryimage\",\"url\":\"https:\/\/lakaluk.com\/wp-content\/uploads\/2019\/05\/image0-square-low.jpg\",\"contentUrl\":\"https:\/\/lakaluk.com\/wp-content\/uploads\/2019\/05\/image0-square-low.jpg\",\"width\":908,\"height\":1036,\"caption\":\"K\u00f6\u00f6gipukk Ronimispukk Astmepink Lastepukk Torntool montessori pukk laud tool LAKALUK\"},{\"@type\":\"BreadcrumbList\",\"@id\":\"https:\/\/lakaluk.com\/et\/toode\/montessori-torntool\/#breadcrumb\",\"itemListElement\":[{\"@type\":\"ListItem\",\"position\":1,\"name\":\"Esileht\",\"item\":\"https:\/\/lakaluk.com\/et\/\"},{\"@type\":\"ListItem\",\"position\":2,\"name\":\"Shop\",\"item\":\"https:\/\/lakaluk.com\/\"},{\"@type\":\"ListItem\",\"position\":3,\"name\":\"Maailmauudistaja Torntool | Laud-Tool\"}]},{\"@type\":\"WebSite\",\"@id\":\"https:\/\/lakaluk.com\/et\/#website\",\"url\":\"https:\/\/lakaluk.com\/et\/\",\"name\":\"LAKALUK\",\"description\":\"\",\"publisher\":{\"@id\":\"https:\/\/lakaluk.com\/et\/#organization\"},\"potentialAction\":[{\"@type\":\"SearchAction\",\"target\":{\"@type\":\"EntryPoint\",\"urlTemplate\":\"https:\/\/lakaluk.com\/et\/?s={search_term_string}\"},\"query-input\":{\"@type\":\"PropertyValueSpecification\",\"valueRequired\":true,\"valueName\":\"search_term_string\"}}],\"inLanguage\":\"et\"},{\"@type\":\"Organization\",\"@id\":\"https:\/\/lakaluk.com\/et\/#organization\",\"name\":\"LAKALUK O\u00dc\",\"url\":\"https:\/\/lakaluk.com\/et\/\",\"logo\":{\"@type\":\"ImageObject\",\"inLanguage\":\"et\",\"@id\":\"https:\/\/lakaluk.com\/et\/#\/schema\/logo\/image\/\",\"url\":\"https:\/\/lakaluk.com\/wp-content\/uploads\/2020\/02\/LAKALUK-1-1-1.png\",\"contentUrl\":\"https:\/\/lakaluk.com\/wp-content\/uploads\/2020\/02\/LAKALUK-1-1-1.png\",\"width\":324,\"height\":324,\"caption\":\"LAKALUK O\u00dc\"},\"image\":{\"@id\":\"https:\/\/lakaluk.com\/et\/#\/schema\/logo\/image\/\"},\"sameAs\":[\"https:\/\/www.instagram.com\/kekonigram\/\"]}]}<\/script>\n<!-- \/ Yoast SEO plugin. -->","yoast_head_json":{"title":"MONTESSORI TORNTOOL - LAUD - NUKUMAJA - K\u00d6\u00d6GIPUKK","description":"LAKALUKi montessori torntool aitab turvaliselt p\u00fcrgida k\u00f6\u00f6gikapini, kus lapsevanemtoimetab v\u00f5i kapipealselt ihaldatud m\u00e4nguasja haarama.","robots":{"index":"index","follow":"follow","max-snippet":"max-snippet:-1","max-image-preview":"max-image-preview:large","max-video-preview":"max-video-preview:-1"},"canonical":"https:\/\/lakaluk.com\/et\/toode\/montessori-torntool\/","og_locale":"et_EE","og_type":"article","og_title":"Maailmauudistaja Ronimispukk","og_description":"LAKALUKi montessori torntool aitab turvaliselt p\u00fcrgida k\u00f6\u00f6gikapini, kus lapsevanemtoimetab v\u00f5i kapipealselt ihaldatud m\u00e4nguasja haarama.","og_url":"https:\/\/lakaluk.com\/et\/toode\/montessori-torntool\/","og_site_name":"LAKALUK","article_modified_time":"2025-01-29T13:06:58+00:00","og_image":[{"width":908,"height":1036,"url":"https:\/\/lakaluk.com\/wp-content\/uploads\/2019\/05\/image0-square-low.jpg","type":"image\/jpeg"}],"twitter_card":"summary_large_image","twitter_misc":{"Est. reading time":"2 minutit"},"schema":{"@context":"https:\/\/schema.org","@graph":[{"@type":"WebPage","@id":"https:\/\/lakaluk.com\/et\/toode\/montessori-torntool\/","url":"https:\/\/lakaluk.com\/et\/toode\/montessori-torntool\/","name":"MONTESSORI TORNTOOL - LAUD - NUKUMAJA - K\u00d6\u00d6GIPUKK","isPartOf":{"@id":"https:\/\/lakaluk.com\/et\/#website"},"primaryImageOfPage":{"@id":"https:\/\/lakaluk.com\/et\/toode\/montessori-torntool\/#primaryimage"},"image":{"@id":"https:\/\/lakaluk.com\/et\/toode\/montessori-torntool\/#primaryimage"},"thumbnailUrl":"https:\/\/lakaluk.com\/wp-content\/uploads\/2019\/05\/image0-square-low.jpg","datePublished":"2019-05-22T09:58:43+00:00","dateModified":"2025-01-29T13:06:58+00:00","description":"LAKALUKi montessori torntool aitab turvaliselt p\u00fcrgida k\u00f6\u00f6gikapini, kus lapsevanemtoimetab v\u00f5i kapipealselt ihaldatud m\u00e4nguasja haarama.","breadcrumb":{"@id":"https:\/\/lakaluk.com\/et\/toode\/montessori-torntool\/#breadcrumb"},"inLanguage":"et","potentialAction":[{"@type":"ReadAction","target":["https:\/\/lakaluk.com\/et\/toode\/montessori-torntool\/"]}]},{"@type":"ImageObject","inLanguage":"et","@id":"https:\/\/lakaluk.com\/et\/toode\/montessori-torntool\/#primaryimage","url":"https:\/\/lakaluk.com\/wp-content\/uploads\/2019\/05\/image0-square-low.jpg","contentUrl":"https:\/\/lakaluk.com\/wp-content\/uploads\/2019\/05\/image0-square-low.jpg","width":908,"height":1036,"caption":"K\u00f6\u00f6gipukk Ronimispukk Astmepink Lastepukk Torntool montessori pukk laud tool LAKALUK"},{"@type":"BreadcrumbList","@id":"https:\/\/lakaluk.com\/et\/toode\/montessori-torntool\/#breadcrumb","itemListElement":[{"@type":"ListItem","position":1,"name":"Esileht","item":"https:\/\/lakaluk.com\/et\/"},{"@type":"ListItem","position":2,"name":"Shop","item":"https:\/\/lakaluk.com\/"},{"@type":"ListItem","position":3,"name":"Maailmauudistaja Torntool | Laud-Tool"}]},{"@type":"WebSite","@id":"https:\/\/lakaluk.com\/et\/#website","url":"https:\/\/lakaluk.com\/et\/","name":"LAKALUK","description":"","publisher":{"@id":"https:\/\/lakaluk.com\/et\/#organization"},"potentialAction":[{"@type":"SearchAction","target":{"@type":"EntryPoint","urlTemplate":"https:\/\/lakaluk.com\/et\/?s={search_term_string}"},"query-input":{"@type":"PropertyValueSpecification","valueRequired":true,"valueName":"search_term_string"}}],"inLanguage":"et"},{"@type":"Organization","@id":"https:\/\/lakaluk.com\/et\/#organization","name":"LAKALUK O\u00dc","url":"https:\/\/lakaluk.com\/et\/","logo":{"@type":"ImageObject","inLanguage":"et","@id":"https:\/\/lakaluk.com\/et\/#\/schema\/logo\/image\/","url":"https:\/\/lakaluk.com\/wp-content\/uploads\/2020\/02\/LAKALUK-1-1-1.png","contentUrl":"https:\/\/lakaluk.com\/wp-content\/uploads\/2020\/02\/LAKALUK-1-1-1.png","width":324,"height":324,"caption":"LAKALUK O\u00dc"},"image":{"@id":"https:\/\/lakaluk.com\/et\/#\/schema\/logo\/image\/"},"sameAs":["https:\/\/www.instagram.com\/kekonigram\/"]}]}},"_links":{"self":[{"href":"https:\/\/lakaluk.com\/et\/wp-json\/wp\/v2\/product\/4544","targetHints":{"allow":["GET"]}}],"collection":[{"href":"https:\/\/lakaluk.com\/et\/wp-json\/wp\/v2\/product"}],"about":[{"href":"https:\/\/lakaluk.com\/et\/wp-json\/wp\/v2\/types\/product"}],"wp:featuredmedia":[{"embeddable":true,"href":"https:\/\/lakaluk.com\/et\/wp-json\/wp\/v2\/media\/6114"}],"wp:attachment":[{"href":"https:\/\/lakaluk.com\/et\/wp-json\/wp\/v2\/media?parent=4544"}],"wp:term":[{"taxonomy":"product_cat","embeddable":true,"href":"https:\/\/lakaluk.com\/et\/wp-json\/wp\/v2\/product_cat?post=4544"},{"taxonomy":"product_tag","embeddable":true,"href":"https:\/\/lakaluk.com\/et\/wp-json\/wp\/v2\/product_tag?post=4544"}],"curies":[{"name":"wp","href":"https:\/\/api.w.org\/{rel}","templated":true}]}}