{"id":3849,"date":"2019-04-14T17:50:34","date_gmt":"2019-04-15T16:46:40","guid":{"rendered":"https:\/\/lakaluk.com\/?post_type=product&#038;p=3849"},"modified":"2020-09-25T15:45:49","modified_gmt":"2020-09-25T12:45:49","slug":"lakaluki-vaikse-avastaja-lastetoa-vaip","status":"publish","type":"product","link":"https:\/\/lakaluk.com\/et\/toode\/lakaluki-vaikse-avastaja-lastetoa-vaip\/","title":{"rendered":"V\u00e4ikse Avastaja M\u00e4nguvaip"},"content":{"rendered":"<p>Lakaluki lastetoa vaip on k\u00e4sitsi kootud puuvillast ja k\u00f5ik avastamisr\u00f5\u00f5mu pakkuvad teed ja loomad ja taimed ja majad, mida teekonnal kohtad, on k\u00e4sitsi vaibale v\u00e4rvitud.<\/p>\n<p>Kas sa oled valmis avastusretkeks V\u00e4ikse Avastaja M\u00e4nguvaibal?<\/p>\n<p>Lakaluki lastetoa vaip ei ole lihtsalt praktiline vaip vaid on ka t\u00f5eliseks m\u00e4ngukaaslaseks! L\u00e4bi metsa, m\u00f6\u00f6da kirikust ja pargist, kulgedes k\u00e4\u00e4nulistel teedel v\u00f5ib m\u00e4ngur\u00f5\u00f5mu j\u00e4tkuda tundideks ja tundideks. Ja lisaks k\u00f5igele \u2013 t\u00e4nu Loore Sundja illustratsioonidele n\u00e4eb ta ikka v\u00e4ga hea v\u00e4lja!<\/p>\n<p>M\u00d5\u00d5DUD:<\/p>\n<ul>\n<li>Pikkus: 1500 mm<\/li>\n<li>Laius: 900 mm<\/li>\n<\/ul>\n<p>MATERJAL:<\/p>\n<p>100% puuvill, k\u00e4sitsi kootud ja k\u00e4sitsi joonistatud.<\/p>\n<p>HOOLDAMINE:<\/p>\n<p>Koht puhastus<\/p>\n<p>&nbsp;<\/p>\n<p>Kuidas ja millal sa oma paki k\u00e4tte saad v\u00f5id lugeda <a href=\"https:\/\/lakaluk.com\/et\/tarneviisid\/\">siit<\/a>.<\/p>\n<p>LAKALUK on kodumaine loovstuudi, kelle jaoks on oluline lapse loomingulisuse areng ja maailma avastamamine l\u00e4bi naturaalsete materjalide. K\u00f5ik LAKALUKi tooted on k\u00e4sitsi toodetud ja k\u00e4sitsi v\u00e4rvitud Eestis.<\/p>\n<p>Leia meid<a href=\"https:\/\/www.facebook.com\/lakaluklakaluk\"> facebookis<\/a> ja <a href=\"http:\/\/www.instagram.com\/lakalukshop\">instagrammis<\/a>!<\/p>\n<p>&nbsp;<\/p>\n","protected":false},"excerpt":{"rendered":"<p>Pikkus: 1500 mm<\/p>\n<p>Laius: 900 mm<\/p>\n<p>100% puuvill, k\u00e4sitsi kootud ja k\u00e4sitsi joonistatud.<\/p>\n","protected":false},"featured_media":4791,"template":"","meta":[],"product_brand":[],"product_cat":[92,71,103],"product_tag":[74],"class_list":{"0":"post-3849","1":"product","2":"type-product","3":"status-publish","4":"has-post-thumbnail","6":"product_cat-lastetoa-sisustus","7":"product_cat-manguaeg","8":"product_cat-vaibad","9":"product_tag-manguvaip-et","11":"first","12":"instock","13":"taxable","14":"shipping-taxable","15":"purchasable","16":"product-type-simple","17":"add-to-wishlist-after_add_to_cart"},"yoast_head":"<!-- This site is optimized with the Yoast SEO plugin v27.4 - https:\/\/yoast.com\/product\/yoast-seo-wordpress\/ -->\n<title>LASTETOA VAIP - AUTOVAIP - M\u00c4NGUVAIP - LAKALUK<\/title>\n<meta name=\"description\" content=\"Lakaluki lastetoa vaip on k\u00e4sitsi kootud puuvillast ja k\u00f5ik avastamisr\u00f5\u00f5mu pakkuvad teed ja loomad ja taimed ja majad on k\u00e4sitsi vaibale v\u00e4rvitud.\" \/>\n<meta name=\"robots\" content=\"index, follow, max-snippet:-1, max-image-preview:large, max-video-preview:-1\" \/>\n<link rel=\"canonical\" href=\"https:\/\/lakaluk.com\/et\/toode\/lakaluki-vaikse-avastaja-lastetoa-vaip\/\" \/>\n<meta property=\"og:locale\" content=\"et_EE\" \/>\n<meta property=\"og:type\" content=\"article\" \/>\n<meta property=\"og:title\" content=\"LASTETOA VAIP - AUTOVAIP - M\u00c4NGUVAIP - LAKALUK\" \/>\n<meta property=\"og:description\" content=\"Lakaluki lastetoa vaip on k\u00e4sitsi kootud puuvillast ja k\u00f5ik avastamisr\u00f5\u00f5mu pakkuvad teed ja loomad ja taimed ja majad on k\u00e4sitsi vaibale v\u00e4rvitud.\" \/>\n<meta property=\"og:url\" content=\"https:\/\/lakaluk.com\/et\/toode\/lakaluki-vaikse-avastaja-lastetoa-vaip\/\" \/>\n<meta property=\"og:site_name\" content=\"LAKALUK\" \/>\n<meta property=\"article:modified_time\" content=\"2020-09-25T12:45:49+00:00\" \/>\n<meta property=\"og:image\" content=\"https:\/\/lakaluk.com\/wp-content\/uploads\/2019\/04\/L76A1610_1200_web-square.jpg\" \/>\n\t<meta property=\"og:image:width\" content=\"1200\" \/>\n\t<meta property=\"og:image:height\" content=\"1200\" \/>\n\t<meta property=\"og:image:type\" content=\"image\/jpeg\" \/>\n<meta name=\"twitter:card\" content=\"summary_large_image\" \/>\n<meta name=\"twitter:label1\" content=\"Est. reading time\" \/>\n\t<meta name=\"twitter:data1\" content=\"1 minut\" \/>\n<script type=\"application\/ld+json\" class=\"yoast-schema-graph\">{\"@context\":\"https:\\\/\\\/schema.org\",\"@graph\":[{\"@type\":\"WebPage\",\"@id\":\"https:\\\/\\\/lakaluk.com\\\/et\\\/toode\\\/lakaluki-vaikse-avastaja-lastetoa-vaip\\\/\",\"url\":\"https:\\\/\\\/lakaluk.com\\\/et\\\/toode\\\/lakaluki-vaikse-avastaja-lastetoa-vaip\\\/\",\"name\":\"LASTETOA VAIP - AUTOVAIP - M\u00c4NGUVAIP - LAKALUK\",\"isPartOf\":{\"@id\":\"https:\\\/\\\/lakaluk.com\\\/et\\\/#website\"},\"primaryImageOfPage\":{\"@id\":\"https:\\\/\\\/lakaluk.com\\\/et\\\/toode\\\/lakaluki-vaikse-avastaja-lastetoa-vaip\\\/#primaryimage\"},\"image\":{\"@id\":\"https:\\\/\\\/lakaluk.com\\\/et\\\/toode\\\/lakaluki-vaikse-avastaja-lastetoa-vaip\\\/#primaryimage\"},\"thumbnailUrl\":\"https:\\\/\\\/lakaluk.com\\\/wp-content\\\/uploads\\\/2019\\\/04\\\/L76A1610_1200_web-square.jpg\",\"datePublished\":\"2019-04-15T16:46:40+00:00\",\"dateModified\":\"2020-09-25T12:45:49+00:00\",\"description\":\"Lakaluki lastetoa vaip on k\u00e4sitsi kootud puuvillast ja k\u00f5ik avastamisr\u00f5\u00f5mu pakkuvad teed ja loomad ja taimed ja majad on k\u00e4sitsi vaibale v\u00e4rvitud.\",\"breadcrumb\":{\"@id\":\"https:\\\/\\\/lakaluk.com\\\/et\\\/toode\\\/lakaluki-vaikse-avastaja-lastetoa-vaip\\\/#breadcrumb\"},\"inLanguage\":\"et\",\"potentialAction\":[{\"@type\":\"ReadAction\",\"target\":[\"https:\\\/\\\/lakaluk.com\\\/et\\\/toode\\\/lakaluki-vaikse-avastaja-lastetoa-vaip\\\/\"]}]},{\"@type\":\"ImageObject\",\"inLanguage\":\"et\",\"@id\":\"https:\\\/\\\/lakaluk.com\\\/et\\\/toode\\\/lakaluki-vaikse-avastaja-lastetoa-vaip\\\/#primaryimage\",\"url\":\"https:\\\/\\\/lakaluk.com\\\/wp-content\\\/uploads\\\/2019\\\/04\\\/L76A1610_1200_web-square.jpg\",\"contentUrl\":\"https:\\\/\\\/lakaluk.com\\\/wp-content\\\/uploads\\\/2019\\\/04\\\/L76A1610_1200_web-square.jpg\",\"width\":1200,\"height\":1200,\"caption\":\"Autovaip\"},{\"@type\":\"BreadcrumbList\",\"@id\":\"https:\\\/\\\/lakaluk.com\\\/et\\\/toode\\\/lakaluki-vaikse-avastaja-lastetoa-vaip\\\/#breadcrumb\",\"itemListElement\":[{\"@type\":\"ListItem\",\"position\":1,\"name\":\"Esileht\",\"item\":\"https:\\\/\\\/lakaluk.com\\\/et\\\/\"},{\"@type\":\"ListItem\",\"position\":2,\"name\":\"Pood\",\"item\":\"https:\\\/\\\/lakaluk.com\\\/et\\\/pood\\\/\"},{\"@type\":\"ListItem\",\"position\":3,\"name\":\"V\u00e4ikse Avastaja M\u00e4nguvaip\"}]},{\"@type\":\"WebSite\",\"@id\":\"https:\\\/\\\/lakaluk.com\\\/et\\\/#website\",\"url\":\"https:\\\/\\\/lakaluk.com\\\/et\\\/\",\"name\":\"LAKALUK\",\"description\":\"\",\"publisher\":{\"@id\":\"https:\\\/\\\/lakaluk.com\\\/et\\\/#organization\"},\"potentialAction\":[{\"@type\":\"SearchAction\",\"target\":{\"@type\":\"EntryPoint\",\"urlTemplate\":\"https:\\\/\\\/lakaluk.com\\\/et\\\/?s={search_term_string}\"},\"query-input\":{\"@type\":\"PropertyValueSpecification\",\"valueRequired\":true,\"valueName\":\"search_term_string\"}}],\"inLanguage\":\"et\"},{\"@type\":\"Organization\",\"@id\":\"https:\\\/\\\/lakaluk.com\\\/et\\\/#organization\",\"name\":\"LAKALUK O\u00dc\",\"url\":\"https:\\\/\\\/lakaluk.com\\\/et\\\/\",\"logo\":{\"@type\":\"ImageObject\",\"inLanguage\":\"et\",\"@id\":\"https:\\\/\\\/lakaluk.com\\\/et\\\/#\\\/schema\\\/logo\\\/image\\\/\",\"url\":\"https:\\\/\\\/lakaluk.com\\\/wp-content\\\/uploads\\\/2020\\\/02\\\/LAKALUK-1-1-1.png\",\"contentUrl\":\"https:\\\/\\\/lakaluk.com\\\/wp-content\\\/uploads\\\/2020\\\/02\\\/LAKALUK-1-1-1.png\",\"width\":324,\"height\":324,\"caption\":\"LAKALUK O\u00dc\"},\"image\":{\"@id\":\"https:\\\/\\\/lakaluk.com\\\/et\\\/#\\\/schema\\\/logo\\\/image\\\/\"},\"sameAs\":[\"https:\\\/\\\/www.instagram.com\\\/kekonigram\\\/\"]}]}<\/script>\n<!-- \/ Yoast SEO plugin. -->","yoast_head_json":{"title":"LASTETOA VAIP - AUTOVAIP - M\u00c4NGUVAIP - LAKALUK","description":"Lakaluki lastetoa vaip on k\u00e4sitsi kootud puuvillast ja k\u00f5ik avastamisr\u00f5\u00f5mu pakkuvad teed ja loomad ja taimed ja majad on k\u00e4sitsi vaibale v\u00e4rvitud.","robots":{"index":"index","follow":"follow","max-snippet":"max-snippet:-1","max-image-preview":"max-image-preview:large","max-video-preview":"max-video-preview:-1"},"canonical":"https:\/\/lakaluk.com\/et\/toode\/lakaluki-vaikse-avastaja-lastetoa-vaip\/","og_locale":"et_EE","og_type":"article","og_title":"LASTETOA VAIP - AUTOVAIP - M\u00c4NGUVAIP - LAKALUK","og_description":"Lakaluki lastetoa vaip on k\u00e4sitsi kootud puuvillast ja k\u00f5ik avastamisr\u00f5\u00f5mu pakkuvad teed ja loomad ja taimed ja majad on k\u00e4sitsi vaibale v\u00e4rvitud.","og_url":"https:\/\/lakaluk.com\/et\/toode\/lakaluki-vaikse-avastaja-lastetoa-vaip\/","og_site_name":"LAKALUK","article_modified_time":"2020-09-25T12:45:49+00:00","og_image":[{"width":1200,"height":1200,"url":"https:\/\/lakaluk.com\/wp-content\/uploads\/2019\/04\/L76A1610_1200_web-square.jpg","type":"image\/jpeg"}],"twitter_card":"summary_large_image","twitter_misc":{"Est. reading time":"1 minut"},"schema":{"@context":"https:\/\/schema.org","@graph":[{"@type":"WebPage","@id":"https:\/\/lakaluk.com\/et\/toode\/lakaluki-vaikse-avastaja-lastetoa-vaip\/","url":"https:\/\/lakaluk.com\/et\/toode\/lakaluki-vaikse-avastaja-lastetoa-vaip\/","name":"LASTETOA VAIP - AUTOVAIP - M\u00c4NGUVAIP - LAKALUK","isPartOf":{"@id":"https:\/\/lakaluk.com\/et\/#website"},"primaryImageOfPage":{"@id":"https:\/\/lakaluk.com\/et\/toode\/lakaluki-vaikse-avastaja-lastetoa-vaip\/#primaryimage"},"image":{"@id":"https:\/\/lakaluk.com\/et\/toode\/lakaluki-vaikse-avastaja-lastetoa-vaip\/#primaryimage"},"thumbnailUrl":"https:\/\/lakaluk.com\/wp-content\/uploads\/2019\/04\/L76A1610_1200_web-square.jpg","datePublished":"2019-04-15T16:46:40+00:00","dateModified":"2020-09-25T12:45:49+00:00","description":"Lakaluki lastetoa vaip on k\u00e4sitsi kootud puuvillast ja k\u00f5ik avastamisr\u00f5\u00f5mu pakkuvad teed ja loomad ja taimed ja majad on k\u00e4sitsi vaibale v\u00e4rvitud.","breadcrumb":{"@id":"https:\/\/lakaluk.com\/et\/toode\/lakaluki-vaikse-avastaja-lastetoa-vaip\/#breadcrumb"},"inLanguage":"et","potentialAction":[{"@type":"ReadAction","target":["https:\/\/lakaluk.com\/et\/toode\/lakaluki-vaikse-avastaja-lastetoa-vaip\/"]}]},{"@type":"ImageObject","inLanguage":"et","@id":"https:\/\/lakaluk.com\/et\/toode\/lakaluki-vaikse-avastaja-lastetoa-vaip\/#primaryimage","url":"https:\/\/lakaluk.com\/wp-content\/uploads\/2019\/04\/L76A1610_1200_web-square.jpg","contentUrl":"https:\/\/lakaluk.com\/wp-content\/uploads\/2019\/04\/L76A1610_1200_web-square.jpg","width":1200,"height":1200,"caption":"Autovaip"},{"@type":"BreadcrumbList","@id":"https:\/\/lakaluk.com\/et\/toode\/lakaluki-vaikse-avastaja-lastetoa-vaip\/#breadcrumb","itemListElement":[{"@type":"ListItem","position":1,"name":"Esileht","item":"https:\/\/lakaluk.com\/et\/"},{"@type":"ListItem","position":2,"name":"Pood","item":"https:\/\/lakaluk.com\/et\/pood\/"},{"@type":"ListItem","position":3,"name":"V\u00e4ikse Avastaja M\u00e4nguvaip"}]},{"@type":"WebSite","@id":"https:\/\/lakaluk.com\/et\/#website","url":"https:\/\/lakaluk.com\/et\/","name":"LAKALUK","description":"","publisher":{"@id":"https:\/\/lakaluk.com\/et\/#organization"},"potentialAction":[{"@type":"SearchAction","target":{"@type":"EntryPoint","urlTemplate":"https:\/\/lakaluk.com\/et\/?s={search_term_string}"},"query-input":{"@type":"PropertyValueSpecification","valueRequired":true,"valueName":"search_term_string"}}],"inLanguage":"et"},{"@type":"Organization","@id":"https:\/\/lakaluk.com\/et\/#organization","name":"LAKALUK O\u00dc","url":"https:\/\/lakaluk.com\/et\/","logo":{"@type":"ImageObject","inLanguage":"et","@id":"https:\/\/lakaluk.com\/et\/#\/schema\/logo\/image\/","url":"https:\/\/lakaluk.com\/wp-content\/uploads\/2020\/02\/LAKALUK-1-1-1.png","contentUrl":"https:\/\/lakaluk.com\/wp-content\/uploads\/2020\/02\/LAKALUK-1-1-1.png","width":324,"height":324,"caption":"LAKALUK O\u00dc"},"image":{"@id":"https:\/\/lakaluk.com\/et\/#\/schema\/logo\/image\/"},"sameAs":["https:\/\/www.instagram.com\/kekonigram\/"]}]}},"_links":{"self":[{"href":"https:\/\/lakaluk.com\/et\/wp-json\/wp\/v2\/product\/3849","targetHints":{"allow":["GET"]}}],"collection":[{"href":"https:\/\/lakaluk.com\/et\/wp-json\/wp\/v2\/product"}],"about":[{"href":"https:\/\/lakaluk.com\/et\/wp-json\/wp\/v2\/types\/product"}],"wp:featuredmedia":[{"embeddable":true,"href":"https:\/\/lakaluk.com\/et\/wp-json\/wp\/v2\/media\/4791"}],"wp:attachment":[{"href":"https:\/\/lakaluk.com\/et\/wp-json\/wp\/v2\/media?parent=3849"}],"wp:term":[{"taxonomy":"product_brand","embeddable":true,"href":"https:\/\/lakaluk.com\/et\/wp-json\/wp\/v2\/product_brand?post=3849"},{"taxonomy":"product_cat","embeddable":true,"href":"https:\/\/lakaluk.com\/et\/wp-json\/wp\/v2\/product_cat?post=3849"},{"taxonomy":"product_tag","embeddable":true,"href":"https:\/\/lakaluk.com\/et\/wp-json\/wp\/v2\/product_tag?post=3849"}],"curies":[{"name":"wp","href":"https:\/\/api.w.org\/{rel}","templated":true}]}}