{"id":3848,"date":"2019-04-14T18:03:34","date_gmt":"2019-04-15T16:40:51","guid":{"rendered":"https:\/\/lakaluk.com\/?post_type=product&#038;p=3848"},"modified":"2019-04-19T12:24:10","modified_gmt":"2019-04-19T09:24:10","slug":"lakaluki-kolm-uhes-tool-riiul-nukumaja","status":"publish","type":"product","link":"https:\/\/lakaluk.com\/et\/toode\/lakaluki-kolm-uhes-tool-riiul-nukumaja\/","title":{"rendered":"Kolm \u00fches: Tool \/ Riiul \/ Nukumaja"},"content":{"rendered":"<p>Kolm \u00fches: Tool \/Riiul \/ Nukumaja on rohkem kui j\u00e4rjekordne m\u00f6\u00f6blit\u00fckk. Seda saab kasutada nii toolina, nukumajana kui ka riiulina.<\/p>\n<p>See Lakaluki toode on disainitud n\u00f5nda, et kokkupanekuks ei vaja ta ei \u00fchtegi kruvi ega naela ja v\u00f5tab vaid hetke, et uuesti lahti v\u00f5tta v\u00f5i kokku panna. Just nii funktsionaalne see ongi.<\/p>\n<p>Tool \/ Riiul \/ Nukumaja on k\u00e4sitsi toodetud Eestis meie oma vineerist. Tahad teeme asja veel huvitavamaks? \u00a0T\u00f5stes neid \u00fcksteise otsa, saad veel m\u00e4ngulisema versiooni temast (vaata piltidelt!).<\/p>\n<p>M\u00d5\u00d5DUD<\/p>\n<ul>\n<li>Istumisosa k\u00f5rgus \u2013 140 mm<\/li>\n<li>Istumisosa laius \u2013 270 mm<\/li>\n<li>Istumisosa s\u00fcgavus \u2013 260 mm<\/li>\n<li>Toote k\u00f5rgus \u2013 350 mm<\/li>\n<li>Toote laius\u2013 320 mm<\/li>\n<li>Toote s\u00fcgavus \u2013 280 mm<\/li>\n<\/ul>\n<p>MATERJAL<\/p>\n<ul>\n<li>9mm kasevineer<\/li>\n<\/ul>\n<p>Toode koosneb neljast kokkupandavast elemendist.<\/p>\n<p>Lakaluki tooted on loodud armastusega meie enda t\u00f6\u00f6kojas.<\/p>\n","protected":false},"excerpt":{"rendered":"<p>M\u00d5\u00d5DUD<\/p>\n<ul>\n<li>Istumisosa k\u00f5rgus \u2013 140 mm<\/li>\n<li>Istumisosa laius \u2013 270 mm<\/li>\n<li>Istumisosa s\u00fcgavus \u2013 260 mm<\/li>\n<li>Toote k\u00f5rgus \u2013 350 mm<\/li>\n<li>Toote laius \u2013 320 mm<\/li>\n<li>Toote s\u00fcgavus \u2013 280 mm<\/li>\n<\/ul>\n<p>MATERJAL<\/p>\n<ul>\n<li>9mm kasevineer<\/li>\n<\/ul>\n","protected":false},"featured_media":5027,"template":"","meta":[],"product_cat":[92,71],"product_tag":[79,82,80],"class_list":{"0":"post-3848","1":"product","2":"type-product","3":"status-publish","4":"has-post-thumbnail","6":"product_cat-lastetoa-sisustus","7":"product_cat-manguaeg","8":"product_tag-nukumaja","9":"product_tag-riiul","10":"product_tag-tool","12":"first","13":"instock","14":"taxable","15":"shipping-taxable","16":"purchasable","17":"product-type-simple","18":"add-to-wishlist-after_add_to_cart"},"yoast_head":"<!-- This site is optimized with the Yoast SEO plugin v24.3 - https:\/\/yoast.com\/wordpress\/plugins\/seo\/ -->\n<title>Kolm \u00fches: Tool \/ Riiul \/ Nukumaja - LAKALUK<\/title>\n<meta name=\"robots\" content=\"index, follow, max-snippet:-1, max-image-preview:large, max-video-preview:-1\" \/>\n<link rel=\"canonical\" href=\"https:\/\/lakaluk.com\/toode\/kids-chair-dollhouse-shelf\/\" \/>\n<meta property=\"og:locale\" content=\"et_EE\" \/>\n<meta property=\"og:type\" content=\"article\" \/>\n<meta property=\"og:title\" content=\"Kolm \u00fches: Tool \/ Riiul \/ Nukumaja - LAKALUK\" \/>\n<meta property=\"og:description\" content=\"M\u00d5\u00d5DUD   Istumisosa k\u00f5rgus \u2013 140 mm  Istumisosa laius \u2013 270 mm  Istumisosa s\u00fcgavus \u2013 260 mm  Toote k\u00f5rgus \u2013 350 mm  Toote laius \u2013 320 mm  Toote s\u00fcgavus \u2013 280 mm  MATERJAL   9mm kasevineer\" \/>\n<meta property=\"og:url\" content=\"https:\/\/lakaluk.com\/toode\/kids-chair-dollhouse-shelf\/\" \/>\n<meta property=\"og:site_name\" content=\"LAKALUK\" \/>\n<meta property=\"article:modified_time\" content=\"2019-04-19T09:24:10+00:00\" \/>\n<meta property=\"og:image\" content=\"https:\/\/lakaluk.com\/wp-content\/uploads\/2019\/04\/L76A8741_web1200.jpg\" \/>\n\t<meta property=\"og:image:width\" content=\"800\" \/>\n\t<meta property=\"og:image:height\" content=\"800\" \/>\n\t<meta property=\"og:image:type\" content=\"image\/jpeg\" \/>\n<meta name=\"twitter:card\" content=\"summary_large_image\" \/>\n<meta name=\"twitter:label1\" content=\"Est. reading time\" \/>\n\t<meta name=\"twitter:data1\" content=\"1 minut\" \/>\n<script type=\"application\/ld+json\" class=\"yoast-schema-graph\">{\"@context\":\"https:\/\/schema.org\",\"@graph\":[{\"@type\":\"WebPage\",\"@id\":\"https:\/\/lakaluk.com\/toode\/kids-chair-dollhouse-shelf\/\",\"url\":\"https:\/\/lakaluk.com\/toode\/kids-chair-dollhouse-shelf\/\",\"name\":\"Kolm \u00fches: Tool \/ Riiul \/ Nukumaja - LAKALUK\",\"isPartOf\":{\"@id\":\"https:\/\/lakaluk.com\/et\/#website\"},\"primaryImageOfPage\":{\"@id\":\"https:\/\/lakaluk.com\/toode\/kids-chair-dollhouse-shelf\/#primaryimage\"},\"image\":{\"@id\":\"https:\/\/lakaluk.com\/toode\/kids-chair-dollhouse-shelf\/#primaryimage\"},\"thumbnailUrl\":\"https:\/\/lakaluk.com\/wp-content\/uploads\/2019\/04\/L76A8741_web1200.jpg\",\"datePublished\":\"2019-04-15T16:40:51+00:00\",\"dateModified\":\"2019-04-19T09:24:10+00:00\",\"breadcrumb\":{\"@id\":\"https:\/\/lakaluk.com\/toode\/kids-chair-dollhouse-shelf\/#breadcrumb\"},\"inLanguage\":\"et\",\"potentialAction\":[{\"@type\":\"ReadAction\",\"target\":[\"https:\/\/lakaluk.com\/toode\/kids-chair-dollhouse-shelf\/\"]}]},{\"@type\":\"ImageObject\",\"inLanguage\":\"et\",\"@id\":\"https:\/\/lakaluk.com\/toode\/kids-chair-dollhouse-shelf\/#primaryimage\",\"url\":\"https:\/\/lakaluk.com\/wp-content\/uploads\/2019\/04\/L76A8741_web1200.jpg\",\"contentUrl\":\"https:\/\/lakaluk.com\/wp-content\/uploads\/2019\/04\/L76A8741_web1200.jpg\",\"width\":800,\"height\":800,\"caption\":\"Cube chair kids\"},{\"@type\":\"BreadcrumbList\",\"@id\":\"https:\/\/lakaluk.com\/toode\/kids-chair-dollhouse-shelf\/#breadcrumb\",\"itemListElement\":[{\"@type\":\"ListItem\",\"position\":1,\"name\":\"Esileht\",\"item\":\"https:\/\/lakaluk.com\/et\/\"},{\"@type\":\"ListItem\",\"position\":2,\"name\":\"Shop\",\"item\":\"https:\/\/lakaluk.com\/\"},{\"@type\":\"ListItem\",\"position\":3,\"name\":\"Kolm \u00fches: Tool \/ Riiul \/ Nukumaja\"}]},{\"@type\":\"WebSite\",\"@id\":\"https:\/\/lakaluk.com\/et\/#website\",\"url\":\"https:\/\/lakaluk.com\/et\/\",\"name\":\"LAKALUK\",\"description\":\"\",\"publisher\":{\"@id\":\"https:\/\/lakaluk.com\/et\/#organization\"},\"potentialAction\":[{\"@type\":\"SearchAction\",\"target\":{\"@type\":\"EntryPoint\",\"urlTemplate\":\"https:\/\/lakaluk.com\/et\/?s={search_term_string}\"},\"query-input\":{\"@type\":\"PropertyValueSpecification\",\"valueRequired\":true,\"valueName\":\"search_term_string\"}}],\"inLanguage\":\"et\"},{\"@type\":\"Organization\",\"@id\":\"https:\/\/lakaluk.com\/et\/#organization\",\"name\":\"LAKALUK O\u00dc\",\"url\":\"https:\/\/lakaluk.com\/et\/\",\"logo\":{\"@type\":\"ImageObject\",\"inLanguage\":\"et\",\"@id\":\"https:\/\/lakaluk.com\/et\/#\/schema\/logo\/image\/\",\"url\":\"https:\/\/lakaluk.com\/wp-content\/uploads\/2020\/02\/LAKALUK-1-1-1.png\",\"contentUrl\":\"https:\/\/lakaluk.com\/wp-content\/uploads\/2020\/02\/LAKALUK-1-1-1.png\",\"width\":324,\"height\":324,\"caption\":\"LAKALUK O\u00dc\"},\"image\":{\"@id\":\"https:\/\/lakaluk.com\/et\/#\/schema\/logo\/image\/\"},\"sameAs\":[\"https:\/\/www.instagram.com\/kekonigram\/\"]}]}<\/script>\n<!-- \/ Yoast SEO plugin. -->","yoast_head_json":{"title":"Kolm \u00fches: Tool \/ Riiul \/ Nukumaja - LAKALUK","robots":{"index":"index","follow":"follow","max-snippet":"max-snippet:-1","max-image-preview":"max-image-preview:large","max-video-preview":"max-video-preview:-1"},"canonical":"https:\/\/lakaluk.com\/toode\/kids-chair-dollhouse-shelf\/","og_locale":"et_EE","og_type":"article","og_title":"Kolm \u00fches: Tool \/ Riiul \/ Nukumaja - LAKALUK","og_description":"M\u00d5\u00d5DUD   Istumisosa k\u00f5rgus \u2013 140 mm  Istumisosa laius \u2013 270 mm  Istumisosa s\u00fcgavus \u2013 260 mm  Toote k\u00f5rgus \u2013 350 mm  Toote laius \u2013 320 mm  Toote s\u00fcgavus \u2013 280 mm  MATERJAL   9mm kasevineer","og_url":"https:\/\/lakaluk.com\/toode\/kids-chair-dollhouse-shelf\/","og_site_name":"LAKALUK","article_modified_time":"2019-04-19T09:24:10+00:00","og_image":[{"width":800,"height":800,"url":"https:\/\/lakaluk.com\/wp-content\/uploads\/2019\/04\/L76A8741_web1200.jpg","type":"image\/jpeg"}],"twitter_card":"summary_large_image","twitter_misc":{"Est. reading time":"1 minut"},"schema":{"@context":"https:\/\/schema.org","@graph":[{"@type":"WebPage","@id":"https:\/\/lakaluk.com\/toode\/kids-chair-dollhouse-shelf\/","url":"https:\/\/lakaluk.com\/toode\/kids-chair-dollhouse-shelf\/","name":"Kolm \u00fches: Tool \/ Riiul \/ Nukumaja - LAKALUK","isPartOf":{"@id":"https:\/\/lakaluk.com\/et\/#website"},"primaryImageOfPage":{"@id":"https:\/\/lakaluk.com\/toode\/kids-chair-dollhouse-shelf\/#primaryimage"},"image":{"@id":"https:\/\/lakaluk.com\/toode\/kids-chair-dollhouse-shelf\/#primaryimage"},"thumbnailUrl":"https:\/\/lakaluk.com\/wp-content\/uploads\/2019\/04\/L76A8741_web1200.jpg","datePublished":"2019-04-15T16:40:51+00:00","dateModified":"2019-04-19T09:24:10+00:00","breadcrumb":{"@id":"https:\/\/lakaluk.com\/toode\/kids-chair-dollhouse-shelf\/#breadcrumb"},"inLanguage":"et","potentialAction":[{"@type":"ReadAction","target":["https:\/\/lakaluk.com\/toode\/kids-chair-dollhouse-shelf\/"]}]},{"@type":"ImageObject","inLanguage":"et","@id":"https:\/\/lakaluk.com\/toode\/kids-chair-dollhouse-shelf\/#primaryimage","url":"https:\/\/lakaluk.com\/wp-content\/uploads\/2019\/04\/L76A8741_web1200.jpg","contentUrl":"https:\/\/lakaluk.com\/wp-content\/uploads\/2019\/04\/L76A8741_web1200.jpg","width":800,"height":800,"caption":"Cube chair kids"},{"@type":"BreadcrumbList","@id":"https:\/\/lakaluk.com\/toode\/kids-chair-dollhouse-shelf\/#breadcrumb","itemListElement":[{"@type":"ListItem","position":1,"name":"Esileht","item":"https:\/\/lakaluk.com\/et\/"},{"@type":"ListItem","position":2,"name":"Shop","item":"https:\/\/lakaluk.com\/"},{"@type":"ListItem","position":3,"name":"Kolm \u00fches: Tool \/ Riiul \/ Nukumaja"}]},{"@type":"WebSite","@id":"https:\/\/lakaluk.com\/et\/#website","url":"https:\/\/lakaluk.com\/et\/","name":"LAKALUK","description":"","publisher":{"@id":"https:\/\/lakaluk.com\/et\/#organization"},"potentialAction":[{"@type":"SearchAction","target":{"@type":"EntryPoint","urlTemplate":"https:\/\/lakaluk.com\/et\/?s={search_term_string}"},"query-input":{"@type":"PropertyValueSpecification","valueRequired":true,"valueName":"search_term_string"}}],"inLanguage":"et"},{"@type":"Organization","@id":"https:\/\/lakaluk.com\/et\/#organization","name":"LAKALUK O\u00dc","url":"https:\/\/lakaluk.com\/et\/","logo":{"@type":"ImageObject","inLanguage":"et","@id":"https:\/\/lakaluk.com\/et\/#\/schema\/logo\/image\/","url":"https:\/\/lakaluk.com\/wp-content\/uploads\/2020\/02\/LAKALUK-1-1-1.png","contentUrl":"https:\/\/lakaluk.com\/wp-content\/uploads\/2020\/02\/LAKALUK-1-1-1.png","width":324,"height":324,"caption":"LAKALUK O\u00dc"},"image":{"@id":"https:\/\/lakaluk.com\/et\/#\/schema\/logo\/image\/"},"sameAs":["https:\/\/www.instagram.com\/kekonigram\/"]}]}},"_links":{"self":[{"href":"https:\/\/lakaluk.com\/et\/wp-json\/wp\/v2\/product\/3848","targetHints":{"allow":["GET"]}}],"collection":[{"href":"https:\/\/lakaluk.com\/et\/wp-json\/wp\/v2\/product"}],"about":[{"href":"https:\/\/lakaluk.com\/et\/wp-json\/wp\/v2\/types\/product"}],"wp:featuredmedia":[{"embeddable":true,"href":"https:\/\/lakaluk.com\/et\/wp-json\/wp\/v2\/media\/5027"}],"wp:attachment":[{"href":"https:\/\/lakaluk.com\/et\/wp-json\/wp\/v2\/media?parent=3848"}],"wp:term":[{"taxonomy":"product_cat","embeddable":true,"href":"https:\/\/lakaluk.com\/et\/wp-json\/wp\/v2\/product_cat?post=3848"},{"taxonomy":"product_tag","embeddable":true,"href":"https:\/\/lakaluk.com\/et\/wp-json\/wp\/v2\/product_tag?post=3848"}],"curies":[{"name":"wp","href":"https:\/\/api.w.org\/{rel}","templated":true}]}}