{"id":3845,"date":"2019-04-14T18:08:42","date_gmt":"2019-04-14T15:08:42","guid":{"rendered":"https:\/\/lakaluk.com\/product\/nukuvanker-luik\/"},"modified":"2019-04-23T16:49:14","modified_gmt":"2019-04-23T13:49:14","slug":"nukuvanker-luik","status":"publish","type":"product","link":"https:\/\/lakaluk.com\/et\/toode\/nukuvanker-luik\/","title":{"rendered":"Nukuvanker Luik"},"content":{"rendered":"<p>Oled sa n\u00e4inud midagi veel armsamat?<\/p>\n<p>Lakaluki nukuvanker Luik oleks justkui perfektne nukuvanker, et s\u00f5idutada ringi oma lemmiknukku v\u00f5i kussutada magama kaisukaru. Vankri suurus on niiv\u00f5rd lahke, et sinna mahuvad ka suuremad pehmed m\u00e4nguasjadest s\u00f5brad.<\/p>\n<p>Nukuvanker on hoolikalt k\u00e4sitsi toodetud Eestis meie oma vineerist ja lisab modernse vimka n\u00f5nda traditsioonilisele m\u00e4nguasjale nagu seda on nukuvanker. Ning mitte v\u00e4hem oluline \u2013 Lakaluki nukuvanker v\u00f5iks olla sinu lapse abimeheks esimeste sammude tegemisel, sobides ka l\u00fckkek\u00e4ruks v\u00f5i k\u00e4imistoeks.<\/p>\n<p>Kummiga kaetud rattad tagavad k\u00e4ruse vaikse ja sujuva s\u00f5idu.<\/p>\n<p>M\u00f5\u00f5dud:<\/p>\n<ul>\n<li>Pikkus \u2013 520 mm<\/li>\n<li>Laius \u2013 260 mm<\/li>\n<li>K\u00f5rgus \u2013 480 mm<\/li>\n<\/ul>\n<p>Materjal:<\/p>\n<p>9mm kasevineer<\/p>\n<p>Lakaluki tooted on loodud armastusega meie enda t\u00f6\u00f6kojas.<\/p>\n","protected":false},"excerpt":{"rendered":"<p>Pikkus \u2013 520 mm<\/p>\n<p>Laius \u2013 260 mm<\/p>\n<p>K\u00f5rgus \u2013 480 mm<\/p>\n<p>Materjal &#8211; 9mm kasevineer<\/p>\n","protected":false},"featured_media":5021,"template":"","meta":[],"product_cat":[71],"product_tag":[72],"class_list":{"0":"post-3845","1":"product","2":"type-product","3":"status-publish","4":"has-post-thumbnail","6":"product_cat-manguaeg","7":"product_tag-vanker","9":"first","10":"instock","11":"taxable","12":"shipping-taxable","13":"purchasable","14":"product-type-simple","15":"add-to-wishlist-after_add_to_cart"},"yoast_head":"<!-- This site is optimized with the Yoast SEO plugin v24.3 - https:\/\/yoast.com\/wordpress\/plugins\/seo\/ -->\n<title>Nukuvanker Luik - LAKALUK<\/title>\n<meta name=\"robots\" content=\"index, follow, max-snippet:-1, max-image-preview:large, max-video-preview:-1\" \/>\n<link rel=\"canonical\" href=\"https:\/\/lakaluk.com\/toode\/wooden-swan-dolls-pram\/\" \/>\n<meta property=\"og:locale\" content=\"et_EE\" \/>\n<meta property=\"og:type\" content=\"article\" \/>\n<meta property=\"og:title\" content=\"Nukuvanker Luik - LAKALUK\" \/>\n<meta property=\"og:description\" content=\"Pikkus \u2013 520 mm  Laius \u2013 260 mm  K\u00f5rgus \u2013 480 mm  Materjal - 9mm kasevineer\" \/>\n<meta property=\"og:url\" content=\"https:\/\/lakaluk.com\/toode\/wooden-swan-dolls-pram\/\" \/>\n<meta property=\"og:site_name\" content=\"LAKALUK\" \/>\n<meta property=\"article:modified_time\" content=\"2019-04-23T13:49:14+00:00\" \/>\n<meta property=\"og:image\" content=\"https:\/\/lakaluk.com\/wp-content\/uploads\/2019\/04\/L76A8727_web1200.jpg\" \/>\n\t<meta property=\"og:image:width\" content=\"801\" \/>\n\t<meta property=\"og:image:height\" content=\"799\" \/>\n\t<meta property=\"og:image:type\" content=\"image\/jpeg\" \/>\n<meta name=\"twitter:card\" content=\"summary_large_image\" \/>\n<meta name=\"twitter:label1\" content=\"Est. reading time\" \/>\n\t<meta name=\"twitter:data1\" content=\"1 minut\" \/>\n<script type=\"application\/ld+json\" class=\"yoast-schema-graph\">{\"@context\":\"https:\/\/schema.org\",\"@graph\":[{\"@type\":\"WebPage\",\"@id\":\"https:\/\/lakaluk.com\/toode\/wooden-swan-dolls-pram\/\",\"url\":\"https:\/\/lakaluk.com\/toode\/wooden-swan-dolls-pram\/\",\"name\":\"Nukuvanker Luik - LAKALUK\",\"isPartOf\":{\"@id\":\"https:\/\/lakaluk.com\/et\/#website\"},\"primaryImageOfPage\":{\"@id\":\"https:\/\/lakaluk.com\/toode\/wooden-swan-dolls-pram\/#primaryimage\"},\"image\":{\"@id\":\"https:\/\/lakaluk.com\/toode\/wooden-swan-dolls-pram\/#primaryimage\"},\"thumbnailUrl\":\"https:\/\/lakaluk.com\/wp-content\/uploads\/2019\/04\/L76A8727_web1200.jpg\",\"datePublished\":\"2019-04-14T15:08:42+00:00\",\"dateModified\":\"2019-04-23T13:49:14+00:00\",\"breadcrumb\":{\"@id\":\"https:\/\/lakaluk.com\/toode\/wooden-swan-dolls-pram\/#breadcrumb\"},\"inLanguage\":\"et\",\"potentialAction\":[{\"@type\":\"ReadAction\",\"target\":[\"https:\/\/lakaluk.com\/toode\/wooden-swan-dolls-pram\/\"]}]},{\"@type\":\"ImageObject\",\"inLanguage\":\"et\",\"@id\":\"https:\/\/lakaluk.com\/toode\/wooden-swan-dolls-pram\/#primaryimage\",\"url\":\"https:\/\/lakaluk.com\/wp-content\/uploads\/2019\/04\/L76A8727_web1200.jpg\",\"contentUrl\":\"https:\/\/lakaluk.com\/wp-content\/uploads\/2019\/04\/L76A8727_web1200.jpg\",\"width\":801,\"height\":799,\"caption\":\"Swan Doll Pram\"},{\"@type\":\"BreadcrumbList\",\"@id\":\"https:\/\/lakaluk.com\/toode\/wooden-swan-dolls-pram\/#breadcrumb\",\"itemListElement\":[{\"@type\":\"ListItem\",\"position\":1,\"name\":\"Esileht\",\"item\":\"https:\/\/lakaluk.com\/et\/\"},{\"@type\":\"ListItem\",\"position\":2,\"name\":\"Shop\",\"item\":\"https:\/\/lakaluk.com\/\"},{\"@type\":\"ListItem\",\"position\":3,\"name\":\"Nukuvanker Luik\"}]},{\"@type\":\"WebSite\",\"@id\":\"https:\/\/lakaluk.com\/et\/#website\",\"url\":\"https:\/\/lakaluk.com\/et\/\",\"name\":\"LAKALUK\",\"description\":\"\",\"publisher\":{\"@id\":\"https:\/\/lakaluk.com\/et\/#organization\"},\"potentialAction\":[{\"@type\":\"SearchAction\",\"target\":{\"@type\":\"EntryPoint\",\"urlTemplate\":\"https:\/\/lakaluk.com\/et\/?s={search_term_string}\"},\"query-input\":{\"@type\":\"PropertyValueSpecification\",\"valueRequired\":true,\"valueName\":\"search_term_string\"}}],\"inLanguage\":\"et\"},{\"@type\":\"Organization\",\"@id\":\"https:\/\/lakaluk.com\/et\/#organization\",\"name\":\"LAKALUK O\u00dc\",\"url\":\"https:\/\/lakaluk.com\/et\/\",\"logo\":{\"@type\":\"ImageObject\",\"inLanguage\":\"et\",\"@id\":\"https:\/\/lakaluk.com\/et\/#\/schema\/logo\/image\/\",\"url\":\"https:\/\/lakaluk.com\/wp-content\/uploads\/2020\/02\/LAKALUK-1-1-1.png\",\"contentUrl\":\"https:\/\/lakaluk.com\/wp-content\/uploads\/2020\/02\/LAKALUK-1-1-1.png\",\"width\":324,\"height\":324,\"caption\":\"LAKALUK O\u00dc\"},\"image\":{\"@id\":\"https:\/\/lakaluk.com\/et\/#\/schema\/logo\/image\/\"},\"sameAs\":[\"https:\/\/www.instagram.com\/kekonigram\/\"]}]}<\/script>\n<!-- \/ Yoast SEO plugin. -->","yoast_head_json":{"title":"Nukuvanker Luik - LAKALUK","robots":{"index":"index","follow":"follow","max-snippet":"max-snippet:-1","max-image-preview":"max-image-preview:large","max-video-preview":"max-video-preview:-1"},"canonical":"https:\/\/lakaluk.com\/toode\/wooden-swan-dolls-pram\/","og_locale":"et_EE","og_type":"article","og_title":"Nukuvanker Luik - LAKALUK","og_description":"Pikkus \u2013 520 mm  Laius \u2013 260 mm  K\u00f5rgus \u2013 480 mm  Materjal - 9mm kasevineer","og_url":"https:\/\/lakaluk.com\/toode\/wooden-swan-dolls-pram\/","og_site_name":"LAKALUK","article_modified_time":"2019-04-23T13:49:14+00:00","og_image":[{"width":801,"height":799,"url":"https:\/\/lakaluk.com\/wp-content\/uploads\/2019\/04\/L76A8727_web1200.jpg","type":"image\/jpeg"}],"twitter_card":"summary_large_image","twitter_misc":{"Est. reading time":"1 minut"},"schema":{"@context":"https:\/\/schema.org","@graph":[{"@type":"WebPage","@id":"https:\/\/lakaluk.com\/toode\/wooden-swan-dolls-pram\/","url":"https:\/\/lakaluk.com\/toode\/wooden-swan-dolls-pram\/","name":"Nukuvanker Luik - LAKALUK","isPartOf":{"@id":"https:\/\/lakaluk.com\/et\/#website"},"primaryImageOfPage":{"@id":"https:\/\/lakaluk.com\/toode\/wooden-swan-dolls-pram\/#primaryimage"},"image":{"@id":"https:\/\/lakaluk.com\/toode\/wooden-swan-dolls-pram\/#primaryimage"},"thumbnailUrl":"https:\/\/lakaluk.com\/wp-content\/uploads\/2019\/04\/L76A8727_web1200.jpg","datePublished":"2019-04-14T15:08:42+00:00","dateModified":"2019-04-23T13:49:14+00:00","breadcrumb":{"@id":"https:\/\/lakaluk.com\/toode\/wooden-swan-dolls-pram\/#breadcrumb"},"inLanguage":"et","potentialAction":[{"@type":"ReadAction","target":["https:\/\/lakaluk.com\/toode\/wooden-swan-dolls-pram\/"]}]},{"@type":"ImageObject","inLanguage":"et","@id":"https:\/\/lakaluk.com\/toode\/wooden-swan-dolls-pram\/#primaryimage","url":"https:\/\/lakaluk.com\/wp-content\/uploads\/2019\/04\/L76A8727_web1200.jpg","contentUrl":"https:\/\/lakaluk.com\/wp-content\/uploads\/2019\/04\/L76A8727_web1200.jpg","width":801,"height":799,"caption":"Swan Doll Pram"},{"@type":"BreadcrumbList","@id":"https:\/\/lakaluk.com\/toode\/wooden-swan-dolls-pram\/#breadcrumb","itemListElement":[{"@type":"ListItem","position":1,"name":"Esileht","item":"https:\/\/lakaluk.com\/et\/"},{"@type":"ListItem","position":2,"name":"Shop","item":"https:\/\/lakaluk.com\/"},{"@type":"ListItem","position":3,"name":"Nukuvanker Luik"}]},{"@type":"WebSite","@id":"https:\/\/lakaluk.com\/et\/#website","url":"https:\/\/lakaluk.com\/et\/","name":"LAKALUK","description":"","publisher":{"@id":"https:\/\/lakaluk.com\/et\/#organization"},"potentialAction":[{"@type":"SearchAction","target":{"@type":"EntryPoint","urlTemplate":"https:\/\/lakaluk.com\/et\/?s={search_term_string}"},"query-input":{"@type":"PropertyValueSpecification","valueRequired":true,"valueName":"search_term_string"}}],"inLanguage":"et"},{"@type":"Organization","@id":"https:\/\/lakaluk.com\/et\/#organization","name":"LAKALUK O\u00dc","url":"https:\/\/lakaluk.com\/et\/","logo":{"@type":"ImageObject","inLanguage":"et","@id":"https:\/\/lakaluk.com\/et\/#\/schema\/logo\/image\/","url":"https:\/\/lakaluk.com\/wp-content\/uploads\/2020\/02\/LAKALUK-1-1-1.png","contentUrl":"https:\/\/lakaluk.com\/wp-content\/uploads\/2020\/02\/LAKALUK-1-1-1.png","width":324,"height":324,"caption":"LAKALUK O\u00dc"},"image":{"@id":"https:\/\/lakaluk.com\/et\/#\/schema\/logo\/image\/"},"sameAs":["https:\/\/www.instagram.com\/kekonigram\/"]}]}},"_links":{"self":[{"href":"https:\/\/lakaluk.com\/et\/wp-json\/wp\/v2\/product\/3845","targetHints":{"allow":["GET"]}}],"collection":[{"href":"https:\/\/lakaluk.com\/et\/wp-json\/wp\/v2\/product"}],"about":[{"href":"https:\/\/lakaluk.com\/et\/wp-json\/wp\/v2\/types\/product"}],"wp:featuredmedia":[{"embeddable":true,"href":"https:\/\/lakaluk.com\/et\/wp-json\/wp\/v2\/media\/5021"}],"wp:attachment":[{"href":"https:\/\/lakaluk.com\/et\/wp-json\/wp\/v2\/media?parent=3845"}],"wp:term":[{"taxonomy":"product_cat","embeddable":true,"href":"https:\/\/lakaluk.com\/et\/wp-json\/wp\/v2\/product_cat?post=3845"},{"taxonomy":"product_tag","embeddable":true,"href":"https:\/\/lakaluk.com\/et\/wp-json\/wp\/v2\/product_tag?post=3845"}],"curies":[{"name":"wp","href":"https:\/\/api.w.org\/{rel}","templated":true}]}}