{"id":6129,"date":"2021-06-11T11:02:19","date_gmt":"2021-06-11T08:02:19","guid":{"rendered":"https:\/\/lakaluk.com\/?page_id=6129"},"modified":"2024-03-21T11:22:18","modified_gmt":"2024-03-21T09:22:18","slug":"jarelmaks","status":"publish","type":"page","link":"https:\/\/lakaluk.com\/et\/jarelmaks\/","title":{"rendered":"J\u00c4RELMAKS"},"content":{"rendered":"\n<h4 class=\"wp-block-heading\"><\/h4>\n\n\n\n<h1 class=\"wp-block-heading\"><\/h1>\n\n\n\n<figure class=\"wp-block-image\"><img decoding=\"async\" src=\"https:\/\/siljasport.ee\/wp-content\/uploads\/2023\/10\/jarelmaks.png\" alt=\"\" class=\"wp-image-34462\"\/><\/figure>\n\n\n\n<p id=\"E109\">Ei soovi maksta kogu summat korraga? Maksa osamaksete kaupa!<\/p>\n\n\n\n<p id=\"E112\">ESTO&nbsp;j\u00e4relmaksu puhul on tegemist \u00fclimalt kiire ning mugava makselahendusega, mis aitab koostada sulle sinu poolt valitud perioodi alusel maksegraafiku. Makselahendus teeb otsuse reaalajas ning aitab ostu sooritada v\u00e4hem kui 60 sekundiga.<\/p>\n\n\n\n<p id=\"E115\">Lisa sobivad tooted ostukorvi, kinnita oma tellimus ning vali&nbsp;makseviisidest&nbsp;ESTO j\u00e4relmaks. Ostu kinnitamisel vali endale sobiv periood, igakuise osamakse suurus ning digiallkirjasta mugavalt ID-kaardi, Smart-ID v\u00f5i Mobiili-ID abil.<\/p>\n\n\n\n<ul class=\"wp-block-list\">\n<li>ESTO&nbsp;j\u00e4relmaksu saavad taotleda k\u00f5ik 18-70-aastased Eesti Vabariigi kodanikud.<\/li>\n\n\n\n<li>ESTO&nbsp;j\u00e4relmaks on v\u00f5imalik vormistada kiirelt ja mugavalt ka juriidilisele isikule.<\/li>\n\n\n\n<li>ESTO j\u00e4relmaksu pakub ja haldab ESTO AS.<\/li>\n<\/ul>\n\n\n\n<p id=\"E128\"><strong>T\u00c4HELEPANU!&nbsp;<\/strong>Iga j\u00e4relmaks on finantskohustus. Enne&nbsp;j\u00e4relmaksulepingu&nbsp;s\u00f5lmimist tutvuge vastava teenuse tingimustega ning vajadusel konsulteerige asjatundjaga.&nbsp;Iga finantsotsusega kaasnevad riskid ja kohustused, mist\u00f5ttu palume laenutoodete tarbimise vajadus hoolikalt l\u00e4bi m\u00f5elda. N\u00e4iteks 1290-eurose laenusumma puhul 24 kuuks fikseeritud intressiga 14.90% aastas ja lepingutasuga 0 eurot on krediidi kulukuse m\u00e4\u00e4r 31.62%, kuumakse suurus 70.67 eurot ning tarbija poolt tagasimakstav kogusumma 1696.08 eurot. J\u00e4relmaks on finantskohustus ning enne otsuse tegemist tutvuge p\u00f5hjalikult lepingutingimustega ja vajadusel pidage n\u00f5u ESTO AS t\u00f6\u00f6tajaga v\u00f5i muu asjatundjaga. J\u00e4relmaksu pakub ja haldab ESTO AS.<\/p>\n\n\n\n<figure class=\"wp-block-image\"><img decoding=\"async\" src=\"https:\/\/siljasport.ee\/wp-content\/uploads\/2023\/10\/jarelmaks-3.png\" alt=\"\" class=\"wp-image-34470\"\/><\/figure>\n\n\n\n<p id=\"E111\"><strong>ESTO 3 makseviis on innovatiivne lahendus, mis v\u00f5imaldab ostu kinnitada ja tasuda mugavalt ning kiirelt \u2013 kolmes v\u00f5rdses osas, ilma lisatasudeta!<\/strong><\/p>\n\n\n\n<p id=\"E115\">Vali e-poe kassas oma ostude eest tasumiseks \u00fclimalt populaarne ESTO 3-osaline makseviis!<\/p>\n\n\n\n<p id=\"E119\">ESTO 3 aitab jagada ostusumma kuni 3-ks v\u00f5rdseks osaks.<\/p>\n\n\n\n<p id=\"E122\">\u00dchtegi lisatasu ei lisandu.<\/p>\n\n\n\n<ul class=\"wp-block-list\">\n<li>Lihtsalt kolm v\u00f5rdses osas makset, kolme kuu jooksul.<\/li>\n\n\n\n<li>Esimene makse on alles j\u00e4rgmise kuu 15. kuup\u00e4eval.<\/li>\n\n\n\n<li>ESTO 3 makseviisi pakub ja haldab ESTO AS.<\/li>\n<\/ul>\n\n\n\n<figure class=\"wp-block-image\"><img decoding=\"async\" src=\"https:\/\/siljasport.ee\/wp-content\/uploads\/2023\/11\/maksahiljem.jpg\" alt=\"\" class=\"wp-image-34537\"\/><\/figure>\n\n\n\n<p>Vali oma ostude eest tasumiseks ESTO maksa hiljem. Kinnita ost vaid paari klikiga, saa tellimus k\u00e4tte ning maksa tagasi ilma \u00fchegi lisakuluta 30 p\u00e4eva jooksul!<\/p>\n\n\n\n<p><strong>Ole nutikas ja vali ostude eest tasumiseks ESTO maksa hiljem!<\/strong><\/p>\n\n\n\n<p>Maksa hiljem on nutikate inimeste makseviis \u2013 saa kaup kohe k\u00e4tte ning maksa tagasi paindliku tagasimaksegraafiku alusel.<\/p>\n\n\n\n<p>Soeta paari klikiga just seda, mida vajad \u2013 puudub intress, lisatasu ja sissemakse!<\/p>\n\n\n\n<figure class=\"wp-block-image\"><img decoding=\"async\" src=\"https:\/\/siljasport.ee\/wp-content\/uploads\/2023\/11\/maksahiljem2.jpg\" alt=\"\" class=\"wp-image-34540\"\/><\/figure>\n\n\n\n<p><strong>Maksa hiljem makseviisi pakub ja haldab ESTO AS.<\/strong><\/p>\n\n\n\n<p><strong>MIS ON ESTO?<\/strong><\/p>\n\n\n\n<p>ESTO on finantsteenuseid pakkuv ettev\u00f5te, mille algusaeg ulatub aastasse 2016. Br\u00e4nd sai alguse vajadusest uue generatsiooni makselahenduste j\u00e4rele, mis oleksid sobilikud nii l\u00f5pptarbijale kui ka m\u00fc\u00fcjale. T\u00e4na pakub ESTO k\u00f5ige suuremat valikut erinevaid makselahendusi Baltikumis ning ESTO<br>partnerv\u00f5rgustikku kuulub \u00fcle 2600 koost\u00f6\u00f6partneri ja kaupluse ning \u00fcle 300 000 kliendi. Tutvu tingimustega siin: www.esto.ee<\/p>\n\n\n\n<p><strong>Vajadusel kontakteeruge ESTO AS t\u00f6\u00f6tajaga \u2013 info@esto.ee v\u00f5i www.esto.ee LIVE chat-aknas.<\/strong><\/p>\n","protected":false},"excerpt":{"rendered":"<p>Ei soovi maksta kogu summat korraga? Maksa osamaksete kaupa! ESTO&nbsp;j\u00e4relmaksu puhul on tegemist \u00fclimalt kiire ning mugava makselahendusega, mis aitab koostada sulle sinu poolt valitud perioodi alusel maksegraafiku. Makselahendus teeb otsuse reaalajas ning aitab ostu sooritada v\u00e4hem kui 60 sekundiga. Lisa sobivad tooted ostukorvi, kinnita oma tellimus ning vali&nbsp;makseviisidest&nbsp;ESTO j\u00e4relmaks. Ostu kinnitamisel vali endale sobiv [&hellip;]<\/p>\n","protected":false},"author":1,"featured_media":0,"parent":0,"menu_order":0,"comment_status":"closed","ping_status":"closed","template":"","meta":{"footnotes":""},"class_list":["post-6129","page","type-page","status-publish","hentry"],"yoast_head":"<!-- This site is optimized with the Yoast SEO plugin v24.3 - https:\/\/yoast.com\/wordpress\/plugins\/seo\/ -->\n<title>J\u00c4RELMAKS - LAKALUK<\/title>\n<meta name=\"robots\" content=\"index, follow, max-snippet:-1, max-image-preview:large, max-video-preview:-1\" \/>\n<link rel=\"canonical\" href=\"https:\/\/lakaluk.com\/et\/jarelmaks\/\" \/>\n<meta property=\"og:locale\" content=\"et_EE\" \/>\n<meta property=\"og:type\" content=\"article\" \/>\n<meta property=\"og:title\" content=\"J\u00c4RELMAKS - LAKALUK\" \/>\n<meta property=\"og:description\" content=\"Ei soovi maksta kogu summat korraga? Maksa osamaksete kaupa! ESTO&nbsp;j\u00e4relmaksu puhul on tegemist \u00fclimalt kiire ning mugava makselahendusega, mis aitab koostada sulle sinu poolt valitud perioodi alusel maksegraafiku. Makselahendus teeb otsuse reaalajas ning aitab ostu sooritada v\u00e4hem kui 60 sekundiga. Lisa sobivad tooted ostukorvi, kinnita oma tellimus ning vali&nbsp;makseviisidest&nbsp;ESTO j\u00e4relmaks. Ostu kinnitamisel vali endale sobiv [&hellip;]\" \/>\n<meta property=\"og:url\" content=\"https:\/\/lakaluk.com\/et\/jarelmaks\/\" \/>\n<meta property=\"og:site_name\" content=\"LAKALUK\" \/>\n<meta property=\"article:modified_time\" content=\"2024-03-21T09:22:18+00:00\" \/>\n<meta property=\"og:image\" content=\"https:\/\/siljasport.ee\/wp-content\/uploads\/2023\/10\/jarelmaks.png\" \/>\n<meta name=\"twitter:card\" content=\"summary_large_image\" \/>\n<meta name=\"twitter:label1\" content=\"Est. reading time\" \/>\n\t<meta name=\"twitter:data1\" content=\"3 minutit\" \/>\n<script type=\"application\/ld+json\" class=\"yoast-schema-graph\">{\"@context\":\"https:\/\/schema.org\",\"@graph\":[{\"@type\":\"WebPage\",\"@id\":\"https:\/\/lakaluk.com\/et\/jarelmaks\/\",\"url\":\"https:\/\/lakaluk.com\/et\/jarelmaks\/\",\"name\":\"J\u00c4RELMAKS - LAKALUK\",\"isPartOf\":{\"@id\":\"https:\/\/lakaluk.com\/et\/#website\"},\"primaryImageOfPage\":{\"@id\":\"https:\/\/lakaluk.com\/et\/jarelmaks\/#primaryimage\"},\"image\":{\"@id\":\"https:\/\/lakaluk.com\/et\/jarelmaks\/#primaryimage\"},\"thumbnailUrl\":\"https:\/\/siljasport.ee\/wp-content\/uploads\/2023\/10\/jarelmaks.png\",\"datePublished\":\"2021-06-11T08:02:19+00:00\",\"dateModified\":\"2024-03-21T09:22:18+00:00\",\"breadcrumb\":{\"@id\":\"https:\/\/lakaluk.com\/et\/jarelmaks\/#breadcrumb\"},\"inLanguage\":\"et\",\"potentialAction\":[{\"@type\":\"ReadAction\",\"target\":[\"https:\/\/lakaluk.com\/et\/jarelmaks\/\"]}]},{\"@type\":\"ImageObject\",\"inLanguage\":\"et\",\"@id\":\"https:\/\/lakaluk.com\/et\/jarelmaks\/#primaryimage\",\"url\":\"https:\/\/siljasport.ee\/wp-content\/uploads\/2023\/10\/jarelmaks.png\",\"contentUrl\":\"https:\/\/siljasport.ee\/wp-content\/uploads\/2023\/10\/jarelmaks.png\"},{\"@type\":\"BreadcrumbList\",\"@id\":\"https:\/\/lakaluk.com\/et\/jarelmaks\/#breadcrumb\",\"itemListElement\":[{\"@type\":\"ListItem\",\"position\":1,\"name\":\"Esileht\",\"item\":\"https:\/\/lakaluk.com\/et\/\"},{\"@type\":\"ListItem\",\"position\":2,\"name\":\"J\u00c4RELMAKS\"}]},{\"@type\":\"WebSite\",\"@id\":\"https:\/\/lakaluk.com\/et\/#website\",\"url\":\"https:\/\/lakaluk.com\/et\/\",\"name\":\"LAKALUK\",\"description\":\"\",\"publisher\":{\"@id\":\"https:\/\/lakaluk.com\/et\/#organization\"},\"potentialAction\":[{\"@type\":\"SearchAction\",\"target\":{\"@type\":\"EntryPoint\",\"urlTemplate\":\"https:\/\/lakaluk.com\/et\/?s={search_term_string}\"},\"query-input\":{\"@type\":\"PropertyValueSpecification\",\"valueRequired\":true,\"valueName\":\"search_term_string\"}}],\"inLanguage\":\"et\"},{\"@type\":\"Organization\",\"@id\":\"https:\/\/lakaluk.com\/et\/#organization\",\"name\":\"LAKALUK O\u00dc\",\"url\":\"https:\/\/lakaluk.com\/et\/\",\"logo\":{\"@type\":\"ImageObject\",\"inLanguage\":\"et\",\"@id\":\"https:\/\/lakaluk.com\/et\/#\/schema\/logo\/image\/\",\"url\":\"https:\/\/lakaluk.com\/wp-content\/uploads\/2020\/02\/LAKALUK-1-1-1.png\",\"contentUrl\":\"https:\/\/lakaluk.com\/wp-content\/uploads\/2020\/02\/LAKALUK-1-1-1.png\",\"width\":324,\"height\":324,\"caption\":\"LAKALUK O\u00dc\"},\"image\":{\"@id\":\"https:\/\/lakaluk.com\/et\/#\/schema\/logo\/image\/\"},\"sameAs\":[\"https:\/\/www.instagram.com\/kekonigram\/\"]}]}<\/script>\n<!-- \/ Yoast SEO plugin. -->","yoast_head_json":{"title":"J\u00c4RELMAKS - LAKALUK","robots":{"index":"index","follow":"follow","max-snippet":"max-snippet:-1","max-image-preview":"max-image-preview:large","max-video-preview":"max-video-preview:-1"},"canonical":"https:\/\/lakaluk.com\/et\/jarelmaks\/","og_locale":"et_EE","og_type":"article","og_title":"J\u00c4RELMAKS - LAKALUK","og_description":"Ei soovi maksta kogu summat korraga? Maksa osamaksete kaupa! ESTO&nbsp;j\u00e4relmaksu puhul on tegemist \u00fclimalt kiire ning mugava makselahendusega, mis aitab koostada sulle sinu poolt valitud perioodi alusel maksegraafiku. Makselahendus teeb otsuse reaalajas ning aitab ostu sooritada v\u00e4hem kui 60 sekundiga. Lisa sobivad tooted ostukorvi, kinnita oma tellimus ning vali&nbsp;makseviisidest&nbsp;ESTO j\u00e4relmaks. Ostu kinnitamisel vali endale sobiv [&hellip;]","og_url":"https:\/\/lakaluk.com\/et\/jarelmaks\/","og_site_name":"LAKALUK","article_modified_time":"2024-03-21T09:22:18+00:00","og_image":[{"url":"https:\/\/siljasport.ee\/wp-content\/uploads\/2023\/10\/jarelmaks.png","type":"","width":"","height":""}],"twitter_card":"summary_large_image","twitter_misc":{"Est. reading time":"3 minutit"},"schema":{"@context":"https:\/\/schema.org","@graph":[{"@type":"WebPage","@id":"https:\/\/lakaluk.com\/et\/jarelmaks\/","url":"https:\/\/lakaluk.com\/et\/jarelmaks\/","name":"J\u00c4RELMAKS - LAKALUK","isPartOf":{"@id":"https:\/\/lakaluk.com\/et\/#website"},"primaryImageOfPage":{"@id":"https:\/\/lakaluk.com\/et\/jarelmaks\/#primaryimage"},"image":{"@id":"https:\/\/lakaluk.com\/et\/jarelmaks\/#primaryimage"},"thumbnailUrl":"https:\/\/siljasport.ee\/wp-content\/uploads\/2023\/10\/jarelmaks.png","datePublished":"2021-06-11T08:02:19+00:00","dateModified":"2024-03-21T09:22:18+00:00","breadcrumb":{"@id":"https:\/\/lakaluk.com\/et\/jarelmaks\/#breadcrumb"},"inLanguage":"et","potentialAction":[{"@type":"ReadAction","target":["https:\/\/lakaluk.com\/et\/jarelmaks\/"]}]},{"@type":"ImageObject","inLanguage":"et","@id":"https:\/\/lakaluk.com\/et\/jarelmaks\/#primaryimage","url":"https:\/\/siljasport.ee\/wp-content\/uploads\/2023\/10\/jarelmaks.png","contentUrl":"https:\/\/siljasport.ee\/wp-content\/uploads\/2023\/10\/jarelmaks.png"},{"@type":"BreadcrumbList","@id":"https:\/\/lakaluk.com\/et\/jarelmaks\/#breadcrumb","itemListElement":[{"@type":"ListItem","position":1,"name":"Esileht","item":"https:\/\/lakaluk.com\/et\/"},{"@type":"ListItem","position":2,"name":"J\u00c4RELMAKS"}]},{"@type":"WebSite","@id":"https:\/\/lakaluk.com\/et\/#website","url":"https:\/\/lakaluk.com\/et\/","name":"LAKALUK","description":"","publisher":{"@id":"https:\/\/lakaluk.com\/et\/#organization"},"potentialAction":[{"@type":"SearchAction","target":{"@type":"EntryPoint","urlTemplate":"https:\/\/lakaluk.com\/et\/?s={search_term_string}"},"query-input":{"@type":"PropertyValueSpecification","valueRequired":true,"valueName":"search_term_string"}}],"inLanguage":"et"},{"@type":"Organization","@id":"https:\/\/lakaluk.com\/et\/#organization","name":"LAKALUK O\u00dc","url":"https:\/\/lakaluk.com\/et\/","logo":{"@type":"ImageObject","inLanguage":"et","@id":"https:\/\/lakaluk.com\/et\/#\/schema\/logo\/image\/","url":"https:\/\/lakaluk.com\/wp-content\/uploads\/2020\/02\/LAKALUK-1-1-1.png","contentUrl":"https:\/\/lakaluk.com\/wp-content\/uploads\/2020\/02\/LAKALUK-1-1-1.png","width":324,"height":324,"caption":"LAKALUK O\u00dc"},"image":{"@id":"https:\/\/lakaluk.com\/et\/#\/schema\/logo\/image\/"},"sameAs":["https:\/\/www.instagram.com\/kekonigram\/"]}]}},"_links":{"self":[{"href":"https:\/\/lakaluk.com\/et\/wp-json\/wp\/v2\/pages\/6129","targetHints":{"allow":["GET"]}}],"collection":[{"href":"https:\/\/lakaluk.com\/et\/wp-json\/wp\/v2\/pages"}],"about":[{"href":"https:\/\/lakaluk.com\/et\/wp-json\/wp\/v2\/types\/page"}],"author":[{"embeddable":true,"href":"https:\/\/lakaluk.com\/et\/wp-json\/wp\/v2\/users\/1"}],"replies":[{"embeddable":true,"href":"https:\/\/lakaluk.com\/et\/wp-json\/wp\/v2\/comments?post=6129"}],"version-history":[{"count":4,"href":"https:\/\/lakaluk.com\/et\/wp-json\/wp\/v2\/pages\/6129\/revisions"}],"predecessor-version":[{"id":8413,"href":"https:\/\/lakaluk.com\/et\/wp-json\/wp\/v2\/pages\/6129\/revisions\/8413"}],"wp:attachment":[{"href":"https:\/\/lakaluk.com\/et\/wp-json\/wp\/v2\/media?parent=6129"}],"curies":[{"name":"wp","href":"https:\/\/api.w.org\/{rel}","templated":true}]}}