{"id":3905,"date":"2019-04-17T08:26:54","date_gmt":"2019-04-17T05:26:54","guid":{"rendered":"https:\/\/lakaluk.com\/makseviisid\/"},"modified":"2023-11-14T15:05:34","modified_gmt":"2023-11-14T13:05:34","slug":"makseviisid","status":"publish","type":"page","link":"https:\/\/lakaluk.com\/et\/makseviisid\/","title":{"rendered":"Makseviisid"},"content":{"rendered":"<h3>Makseviisid<\/h3>\n<p>LAKALUK veebipoes on v\u00f5imalik ostu eest tasumiseks kasutada j\u00e4rgnevaid makseviise:<span class=\"Apple-converted-space\">\u00a0<\/span><\/p>\n<ul>\n<li>Pangalinkidega tasumine;<\/li>\n<li>\u00dclekandega tasumine (peale ostu sooritamist saadetakse teile e-mailile arve, mille alusel on v\u00f5imalik \u00fclekanne teostada);<\/li>\n<li>Sularahas maksmine kaubale j\u00e4rele tulles (R\u00f5ika 36, Tallinn).<\/li>\n<li>ESTO j\u00e4relmaks<\/li>\n<li>ESTO 3 makseviis<\/li>\n<li>ESTO &#8211; Osta n\u00fc\u00fcd, saa tellimus k\u00e4tte ja maksa hiljem!<\/li>\n<\/ul>\n<p>Kui soovite arve v\u00e4ljastamist ettev\u00f5ttele v\u00f5i tekib muid k\u00fcsimusi arve osas, v\u00f5tke meiega \u00fchendust, saates kiri aadressile lakaluk@lakaluk.com<\/p>\n<p>Makseid v\u00f5etakse vastu eurodes (\u20ac).<\/p>\n","protected":false},"excerpt":{"rendered":"<p>Makseviisid LAKALUK veebipoes on v\u00f5imalik ostu eest tasumiseks kasutada j\u00e4rgnevaid makseviise:\u00a0 Pangalinkidega tasumine; \u00dclekandega tasumine (peale ostu sooritamist saadetakse teile e-mailile arve, mille alusel on v\u00f5imalik \u00fclekanne teostada); Sularahas maksmine kaubale j\u00e4rele tulles (R\u00f5ika 36, Tallinn). ESTO j\u00e4relmaks ESTO 3 makseviis ESTO &#8211; Osta n\u00fc\u00fcd, saa tellimus k\u00e4tte ja maksa hiljem! Kui soovite arve v\u00e4ljastamist [&hellip;]<\/p>\n","protected":false},"author":1,"featured_media":0,"parent":0,"menu_order":0,"comment_status":"closed","ping_status":"closed","template":"","meta":{"footnotes":""},"class_list":["post-3905","page","type-page","status-publish","hentry"],"yoast_head":"<!-- This site is optimized with the Yoast SEO plugin v24.3 - https:\/\/yoast.com\/wordpress\/plugins\/seo\/ -->\n<title>Makseviisid - LAKALUK<\/title>\n<meta name=\"robots\" content=\"index, follow, max-snippet:-1, max-image-preview:large, max-video-preview:-1\" \/>\n<link rel=\"canonical\" href=\"https:\/\/lakaluk.com\/payment\/\" \/>\n<meta property=\"og:locale\" content=\"et_EE\" \/>\n<meta property=\"og:type\" content=\"article\" \/>\n<meta property=\"og:title\" content=\"Makseviisid - LAKALUK\" \/>\n<meta property=\"og:description\" content=\"Makseviisid LAKALUK veebipoes on v\u00f5imalik ostu eest tasumiseks kasutada j\u00e4rgnevaid makseviise:\u00a0 Pangalinkidega tasumine; \u00dclekandega tasumine (peale ostu sooritamist saadetakse teile e-mailile arve, mille alusel on v\u00f5imalik \u00fclekanne teostada); Sularahas maksmine kaubale j\u00e4rele tulles (R\u00f5ika 36, Tallinn). ESTO j\u00e4relmaks ESTO 3 makseviis ESTO &#8211; Osta n\u00fc\u00fcd, saa tellimus k\u00e4tte ja maksa hiljem! Kui soovite arve v\u00e4ljastamist [&hellip;]\" \/>\n<meta property=\"og:url\" content=\"https:\/\/lakaluk.com\/payment\/\" \/>\n<meta property=\"og:site_name\" content=\"LAKALUK\" \/>\n<meta property=\"article:modified_time\" content=\"2023-11-14T13:05:34+00:00\" \/>\n<meta property=\"og:image\" content=\"https:\/\/lakaluk.com\/wp-content\/uploads\/2020\/02\/LAKALUK-1-1-1.png\" \/>\n\t<meta property=\"og:image:width\" content=\"324\" \/>\n\t<meta property=\"og:image:height\" content=\"324\" \/>\n\t<meta property=\"og:image:type\" content=\"image\/png\" \/>\n<meta name=\"twitter:card\" content=\"summary_large_image\" \/>\n<script type=\"application\/ld+json\" class=\"yoast-schema-graph\">{\"@context\":\"https:\/\/schema.org\",\"@graph\":[{\"@type\":\"WebPage\",\"@id\":\"https:\/\/lakaluk.com\/payment\/\",\"url\":\"https:\/\/lakaluk.com\/payment\/\",\"name\":\"Makseviisid - LAKALUK\",\"isPartOf\":{\"@id\":\"https:\/\/lakaluk.com\/et\/#website\"},\"datePublished\":\"2019-04-17T05:26:54+00:00\",\"dateModified\":\"2023-11-14T13:05:34+00:00\",\"breadcrumb\":{\"@id\":\"https:\/\/lakaluk.com\/payment\/#breadcrumb\"},\"inLanguage\":\"et\",\"potentialAction\":[{\"@type\":\"ReadAction\",\"target\":[\"https:\/\/lakaluk.com\/payment\/\"]}]},{\"@type\":\"BreadcrumbList\",\"@id\":\"https:\/\/lakaluk.com\/payment\/#breadcrumb\",\"itemListElement\":[{\"@type\":\"ListItem\",\"position\":1,\"name\":\"Esileht\",\"item\":\"https:\/\/lakaluk.com\/et\/\"},{\"@type\":\"ListItem\",\"position\":2,\"name\":\"Makseviisid\"}]},{\"@type\":\"WebSite\",\"@id\":\"https:\/\/lakaluk.com\/et\/#website\",\"url\":\"https:\/\/lakaluk.com\/et\/\",\"name\":\"LAKALUK\",\"description\":\"\",\"publisher\":{\"@id\":\"https:\/\/lakaluk.com\/et\/#organization\"},\"potentialAction\":[{\"@type\":\"SearchAction\",\"target\":{\"@type\":\"EntryPoint\",\"urlTemplate\":\"https:\/\/lakaluk.com\/et\/?s={search_term_string}\"},\"query-input\":{\"@type\":\"PropertyValueSpecification\",\"valueRequired\":true,\"valueName\":\"search_term_string\"}}],\"inLanguage\":\"et\"},{\"@type\":\"Organization\",\"@id\":\"https:\/\/lakaluk.com\/et\/#organization\",\"name\":\"LAKALUK O\u00dc\",\"url\":\"https:\/\/lakaluk.com\/et\/\",\"logo\":{\"@type\":\"ImageObject\",\"inLanguage\":\"et\",\"@id\":\"https:\/\/lakaluk.com\/et\/#\/schema\/logo\/image\/\",\"url\":\"https:\/\/lakaluk.com\/wp-content\/uploads\/2020\/02\/LAKALUK-1-1-1.png\",\"contentUrl\":\"https:\/\/lakaluk.com\/wp-content\/uploads\/2020\/02\/LAKALUK-1-1-1.png\",\"width\":324,\"height\":324,\"caption\":\"LAKALUK O\u00dc\"},\"image\":{\"@id\":\"https:\/\/lakaluk.com\/et\/#\/schema\/logo\/image\/\"},\"sameAs\":[\"https:\/\/www.instagram.com\/kekonigram\/\"]}]}<\/script>\n<!-- \/ Yoast SEO plugin. -->","yoast_head_json":{"title":"Makseviisid - LAKALUK","robots":{"index":"index","follow":"follow","max-snippet":"max-snippet:-1","max-image-preview":"max-image-preview:large","max-video-preview":"max-video-preview:-1"},"canonical":"https:\/\/lakaluk.com\/payment\/","og_locale":"et_EE","og_type":"article","og_title":"Makseviisid - LAKALUK","og_description":"Makseviisid LAKALUK veebipoes on v\u00f5imalik ostu eest tasumiseks kasutada j\u00e4rgnevaid makseviise:\u00a0 Pangalinkidega tasumine; \u00dclekandega tasumine (peale ostu sooritamist saadetakse teile e-mailile arve, mille alusel on v\u00f5imalik \u00fclekanne teostada); Sularahas maksmine kaubale j\u00e4rele tulles (R\u00f5ika 36, Tallinn). ESTO j\u00e4relmaks ESTO 3 makseviis ESTO &#8211; Osta n\u00fc\u00fcd, saa tellimus k\u00e4tte ja maksa hiljem! Kui soovite arve v\u00e4ljastamist [&hellip;]","og_url":"https:\/\/lakaluk.com\/payment\/","og_site_name":"LAKALUK","article_modified_time":"2023-11-14T13:05:34+00:00","og_image":[{"width":324,"height":324,"url":"https:\/\/lakaluk.com\/wp-content\/uploads\/2020\/02\/LAKALUK-1-1-1.png","type":"image\/png"}],"twitter_card":"summary_large_image","schema":{"@context":"https:\/\/schema.org","@graph":[{"@type":"WebPage","@id":"https:\/\/lakaluk.com\/payment\/","url":"https:\/\/lakaluk.com\/payment\/","name":"Makseviisid - LAKALUK","isPartOf":{"@id":"https:\/\/lakaluk.com\/et\/#website"},"datePublished":"2019-04-17T05:26:54+00:00","dateModified":"2023-11-14T13:05:34+00:00","breadcrumb":{"@id":"https:\/\/lakaluk.com\/payment\/#breadcrumb"},"inLanguage":"et","potentialAction":[{"@type":"ReadAction","target":["https:\/\/lakaluk.com\/payment\/"]}]},{"@type":"BreadcrumbList","@id":"https:\/\/lakaluk.com\/payment\/#breadcrumb","itemListElement":[{"@type":"ListItem","position":1,"name":"Esileht","item":"https:\/\/lakaluk.com\/et\/"},{"@type":"ListItem","position":2,"name":"Makseviisid"}]},{"@type":"WebSite","@id":"https:\/\/lakaluk.com\/et\/#website","url":"https:\/\/lakaluk.com\/et\/","name":"LAKALUK","description":"","publisher":{"@id":"https:\/\/lakaluk.com\/et\/#organization"},"potentialAction":[{"@type":"SearchAction","target":{"@type":"EntryPoint","urlTemplate":"https:\/\/lakaluk.com\/et\/?s={search_term_string}"},"query-input":{"@type":"PropertyValueSpecification","valueRequired":true,"valueName":"search_term_string"}}],"inLanguage":"et"},{"@type":"Organization","@id":"https:\/\/lakaluk.com\/et\/#organization","name":"LAKALUK O\u00dc","url":"https:\/\/lakaluk.com\/et\/","logo":{"@type":"ImageObject","inLanguage":"et","@id":"https:\/\/lakaluk.com\/et\/#\/schema\/logo\/image\/","url":"https:\/\/lakaluk.com\/wp-content\/uploads\/2020\/02\/LAKALUK-1-1-1.png","contentUrl":"https:\/\/lakaluk.com\/wp-content\/uploads\/2020\/02\/LAKALUK-1-1-1.png","width":324,"height":324,"caption":"LAKALUK O\u00dc"},"image":{"@id":"https:\/\/lakaluk.com\/et\/#\/schema\/logo\/image\/"},"sameAs":["https:\/\/www.instagram.com\/kekonigram\/"]}]}},"_links":{"self":[{"href":"https:\/\/lakaluk.com\/et\/wp-json\/wp\/v2\/pages\/3905","targetHints":{"allow":["GET"]}}],"collection":[{"href":"https:\/\/lakaluk.com\/et\/wp-json\/wp\/v2\/pages"}],"about":[{"href":"https:\/\/lakaluk.com\/et\/wp-json\/wp\/v2\/types\/page"}],"author":[{"embeddable":true,"href":"https:\/\/lakaluk.com\/et\/wp-json\/wp\/v2\/users\/1"}],"replies":[{"embeddable":true,"href":"https:\/\/lakaluk.com\/et\/wp-json\/wp\/v2\/comments?post=3905"}],"version-history":[{"count":7,"href":"https:\/\/lakaluk.com\/et\/wp-json\/wp\/v2\/pages\/3905\/revisions"}],"predecessor-version":[{"id":8175,"href":"https:\/\/lakaluk.com\/et\/wp-json\/wp\/v2\/pages\/3905\/revisions\/8175"}],"wp:attachment":[{"href":"https:\/\/lakaluk.com\/et\/wp-json\/wp\/v2\/media?parent=3905"}],"curies":[{"name":"wp","href":"https:\/\/api.w.org\/{rel}","templated":true}]}}