{"id":3904,"date":"2019-04-17T08:25:31","date_gmt":"2019-04-17T05:25:31","guid":{"rendered":"https:\/\/lakaluk.com\/privaatsuspoliitika\/"},"modified":"2020-01-09T10:27:55","modified_gmt":"2020-01-09T08:27:55","slug":"privaatsuspoliitika","status":"publish","type":"page","link":"https:\/\/lakaluk.com\/et\/privaatsuspoliitika\/","title":{"rendered":"Privaatsuspoliitika"},"content":{"rendered":"<h3><strong>Privaatsuspoliitika<\/strong><\/h3>\n<p>Veebipoe www.lakaluk.com isikuandmete vastutav t\u00f6\u00f6tleja on LAKALUK O\u00dc (registrikood 14723363) asukohaga R\u00f5ika 36, Tallinn, tel +372 555 26 413 ja e-kiri lakaluk@lakaluk.com<\/p>\n<h4><strong>Milliseid isikuandmeid t\u00f6\u00f6deldakse<\/strong><\/h4>\n<ul>\n<li>nimi, telefoninumber ja e-posti aadress;<\/li>\n<li>kauba kohaletoimetamise aadress;<\/li>\n<li>pangakonto number;<\/li>\n<li>kaupade ja teenuste maksumus ja maksetega seotud andmed (ostuajalugu);<\/li>\n<li>klienditoe andmed.<\/li>\n<\/ul>\n<h4><strong>Isikuandmete kogumine v\u00f5ib toimuda kliendi n\u00f5usolekul j\u00e4rgnevatel viisidel:<\/strong><\/h4>\n<ul>\n<li>Kontaktandmete (sh teie nimi, postiaadress, telefoninumber, e-posti aadress) esitamisel meie veebilehel v\u00f5i kaupluses<\/li>\n<li>Veebilehe kasutamisel kliendi kontoinfost v\u00f5i k\u00fcpsiste (cookies) kaudu<\/li>\n<li>Ostu v\u00f5i tellimuse sooritamisel meie e-poes (e-pood v\u00f5ib paluda teatud veebilehe aladel vabatahtlikult esitada isikuandmeid ja personaalset informatsiooni. N\u00f5utavad isikuandmed v\u00f5ivad sisaldada nime, aadressi, postiindeksit, e-posti aadressi ja telefoninumbrit)<\/li>\n<li>J\u00e4relmaksutaotluse esitamisel<\/li>\n<\/ul>\n<h4><strong>Mis eesm\u00e4rgil isikuandmeid t\u00f6\u00f6deldakse<\/strong><\/h4>\n<p>Isikuandmeid kasutatakse kliendi tellimuste haldamiseks ja kauba kohaletoimetamiseks.<span class=\"Apple-converted-space\">\u00a0<\/span><\/p>\n<p>Ostuajaloo andmeid (ostu kuup\u00e4ev, kaup, kogus, kliendi andmed) kasutatakse ostetud kaupade ja teenuste \u00fclevaate koostamiseks ning kliendieelistuste anal\u00fc\u00fcsimiseks.<\/p>\n<p>Pangakonto numbrit kasutatakse kliendile maksete tagastamiseks.<\/p>\n<p>Isikuandmeid nagu e-post, telefoni nr, kliendi nimi, t\u00f6\u00f6deldakse selleks, et lahendada kaupade ja teenuste osutamise seonduvaid k\u00fcsimusi (klienditugi).<span class=\"Apple-converted-space\">\u00a0<\/span><\/p>\n<p>Veebipoe kasutaja IP-aadressi v\u00f5i teisi v\u00f5rguidentifikaatoreid t\u00f6\u00f6deldakse veebipoe kui info\u00fchiskonna teenuse osutamiseks ning veebikasutusstatistika tegemiseks.<\/p>\n<h4><strong>\u00d5iguslik alus<\/strong><\/h4>\n<p>Isikuandmete t\u00f6\u00f6tlemine toimub kliendiga s\u00f5lmitud lepingu t\u00e4itmise eesm\u00e4rgil.<span class=\"Apple-converted-space\">\u00a0<\/span><\/p>\n<p>Isikuandmete t\u00f6\u00f6tlemine toimub juriidilise kohustuse t\u00e4itmiseks (nt raamatupidamine ja tarbijavaidluste lahendamine).<\/p>\n<h4><strong>Vastuv\u00f5tjad, kellele isikuandmed edastatakse<span class=\"Apple-converted-space\">\u00a0<\/span><\/strong><\/h4>\n<p>Isikuandmed edastatakse veebipoe klienditoele ostude ja ostuajaloo haldamiseks ja kliendiprobleemide lahendamiseks.<span class=\"Apple-converted-space\">\u00a0<\/span><\/p>\n<p>Nimi, telefoninumber ja e-posti aadress edastatakse kliendi poolt valitud transporditeenuse pakkujale. Kui tegemist on kulleriga kohale toimetatava kaubaga, siis edastatakse lisaks kontaktandmetele ka kliendi aadress.<\/p>\n<p>Kui veebipoe raamatupidamine toimub teenusepakkuja poolt, siis edastatakse isikuandmed teenusepakkujale raamatupidamistoimingute tegemiseks.<\/p>\n<p>Isikuandmeid v\u00f5idakse edastada infotehnoloogia teenuste pakkujatele, kui see on vajalik veebipoe funktsionaalsuse v\u00f5i andmemajutuse tagamiseks.<\/p>\n<p>LAKALUK O\u00dc edastab maksete teostamiseks vajalikud isikuandmed vastavalt ostja valitud makseviisile kas volitatud t\u00f6\u00f6tleja Maksekeskus AS-le v\u00f5i PayPal (Europe) S.a.r.l. et Cie, S.C.A.-le.<\/p>\n<h4><strong>Turvalisus ja andmetele ligip\u00e4\u00e4s<\/strong><\/h4>\n<p>Isikuandmeid hoitakse Zone Media O\u00dc serverites, mis asuvad Euroopa Liidu liikmesriigi v\u00f5i Euroopa Liidu majanduspiirkonnaga liitunud riikide territooriumil. Andmeid v\u00f5idakse edastada riikidesse, mille andmekaitse taset on Euroopa Komisjon hinnanud piisavaks ning USA ettev\u00f5tetele, kes on liitund andmekaitse kilbi (<i>Privacy Shield<\/i>) raamistikuga.<span class=\"Apple-converted-space\">\u00a0<\/span><\/p>\n<p>Juurdep\u00e4\u00e4s isikuandmetele on veebipoe t\u00f6\u00f6tajatel, kes saavad isikuandmetega tutvuda selleks, et lahendada veebipoe kasutamisega seonduvaid tehnilisi k\u00fcsimusi ning osutada klienditoe teenust.<\/p>\n<p>Veebipood rakendab asjakohaseid f\u00fc\u00fcsilisi, organisatsioonilisi ja infotehnilisi turvameetmeid, et kaitsta isikuandmeid juhusliku v\u00f5i ebaseadusliku h\u00e4vitamise, kaotsimineku, muutmise v\u00f5i loata juurdep\u00e4\u00e4su ja avalikustamise eest.<\/p>\n<p>Isikuandmete edastamine veebipoe volitatud t\u00f6\u00f6tlejatele (nt transporditeenuse pakkuja ja andmemajutus) toimub veebipoe ja volitatud t\u00f6\u00f6tlejatega s\u00f5lmitud lepingute alusel. Volitatud t\u00f6\u00f6tlejaid on kohustatud tagama isikuandmete t\u00f6\u00f6tlemisel asjakohased kaitsemeetmed.<\/p>\n<h4><strong>Isikuandmetega tutvumine ja parandamine<span class=\"Apple-converted-space\">\u00a0<\/span><\/strong><\/h4>\n<p>Isikuandmetega saab tutvuda ja teha parandusi veebipoe kasutajaprofiilis. Kui ost on sooritatud ilma kasutajakontota, siis saab tutvuda isikuandmetega klinditoe vahendusel.<span class=\"Apple-converted-space\">\u00a0<\/span><\/p>\n<h4><strong>N\u00f5usoleku tagasiv\u00f5tmine<span class=\"Apple-converted-space\">\u00a0<\/span><\/strong><\/h4>\n<p>Kui isikundmete t\u00f6\u00f6tlemine toimub kliendi n\u00f5usoleku alusel, siis on kliendil \u00f5igus n\u00f5usolek tagasi v\u00f5tta teavitades sellest kliendituge e-posti teel.<span class=\"Apple-converted-space\">\u00a0<\/span><\/p>\n<h4><strong>S\u00e4ilitamine<\/strong><\/h4>\n<p>Veebipoe kliendikonto sulgemisel kustutatakse isikuandmed, va juhul kui selliseid andmeid on vaja s\u00e4ilitada raamatupidamise jaoks v\u00f5i tarbijavaidluste lahendamiseks.<span class=\"Apple-converted-space\">\u00a0<\/span><\/p>\n<p>Kui veebipoes on ost sooritatud ilma kliendikontota, siis s\u00e4ilitatakse ostuajalugu kolm aastat.<\/p>\n<p>Maksetega ja tarbijavaidlustega seotud vaidluste korral s\u00e4ilitatakse isikuandmed kuni n\u00f5ude t\u00e4itmiseni v\u00f5i aegumist\u00e4htaja l\u00f5puni.<span class=\"Apple-converted-space\">\u00a0<\/span><\/p>\n<p>Raamatupidamise jaoks vajalikud isikuandmed s\u00e4ilitatakse seitse aastat.<\/p>\n<h4><strong>Kustutamine<\/strong><\/h4>\n<p>Isikuandmete kustutamiseks tuleb v\u00f5tta \u00fchendust klienditoega e-posti teel lakaluk@lakaluk.com. Kustutamistaotlusele vastatakse mitte hiljem kui kuu aja jooksul ning t\u00e4psustakse andmete kustutamise perioodi.<span class=\"Apple-converted-space\">\u00a0<\/span><\/p>\n<h4><strong>\u00dclekandmine<span class=\"Apple-converted-space\">\u00a0<\/span><\/strong><\/h4>\n<p>E-posti teel esitatud isikuandmete \u00fclekandmise taotlusele vastatakse hiljemalt kuu aja jooksul. Klienditugi tuvastab isikusamasuse ja teavitab isikuandmetest, mis kuuluvad \u00fclekandmisele.<span class=\"Apple-converted-space\">\u00a0<\/span><\/p>\n<h4><strong>Otseturustusteated<\/strong><\/h4>\n<p>E-kirja aadressi ja telefoninumbrit kasutatakse otseturundusteadete saatmiseks, kui klient on andnud vastava n\u00f5usoleku. Kui klient ei soovi saada otseturustusteateid, siis tuleb valida e-kirja jaluses vastav viide v\u00f5i v\u00f5tta \u00fchendust klienditoega.<\/p>\n<h4><strong>Vaidluste lahendamine<\/strong><\/h4>\n<p>Meie e-poest ostu sooritades, eeldame, et olete meie privaatsuspoliitikaga tutvunud ning n\u00f5ustute nendega. K\u00f5igi privaatsuspoliitika v\u00f5i andmet\u00f6\u00f6tluse kohta tekkivate k\u00fcsimuste v\u00f5i muredega palume v\u00f5tta meiega \u00fchendust.<\/p>\n<p>Isikuandmete t\u00f6\u00f6tlemisega seotud vaidluste lahendamine toimub klienditoe vahendusel lakaluk@lakaluk.com\u00a0. J\u00e4relevalveasutus on Eesti Andmekaitse Inspektsioon (<a class=\"\" href=\"mailto:info@aki.ee\">info@aki.ee<\/a>).<\/p>\n","protected":false},"excerpt":{"rendered":"<p>Privaatsuspoliitika Veebipoe www.lakaluk.com isikuandmete vastutav t\u00f6\u00f6tleja on LAKALUK O\u00dc (registrikood 14723363) asukohaga R\u00f5ika 36, Tallinn, tel +372 555 26 413 ja e-kiri lakaluk@lakaluk.com Milliseid isikuandmeid t\u00f6\u00f6deldakse nimi, telefoninumber ja e-posti aadress; kauba kohaletoimetamise aadress; pangakonto number; kaupade ja teenuste maksumus ja maksetega seotud andmed (ostuajalugu); klienditoe andmed. Isikuandmete kogumine v\u00f5ib toimuda kliendi n\u00f5usolekul j\u00e4rgnevatel viisidel: [&hellip;]<\/p>\n","protected":false},"author":1,"featured_media":0,"parent":0,"menu_order":0,"comment_status":"closed","ping_status":"closed","template":"","meta":{"footnotes":""},"class_list":["post-3904","page","type-page","status-publish","hentry"],"yoast_head":"<!-- This site is optimized with the Yoast SEO plugin v24.3 - https:\/\/yoast.com\/wordpress\/plugins\/seo\/ -->\n<title>Privaatsuspoliitika - LAKALUK<\/title>\n<meta name=\"robots\" content=\"index, follow, max-snippet:-1, max-image-preview:large, max-video-preview:-1\" \/>\n<link rel=\"canonical\" href=\"https:\/\/lakaluk.com\/privacy-policy\/\" \/>\n<meta property=\"og:locale\" content=\"et_EE\" \/>\n<meta property=\"og:type\" content=\"article\" \/>\n<meta property=\"og:title\" content=\"Privaatsuspoliitika - LAKALUK\" \/>\n<meta property=\"og:description\" content=\"Privaatsuspoliitika Veebipoe www.lakaluk.com isikuandmete vastutav t\u00f6\u00f6tleja on LAKALUK O\u00dc (registrikood 14723363) asukohaga R\u00f5ika 36, Tallinn, tel +372 555 26 413 ja e-kiri lakaluk@lakaluk.com Milliseid isikuandmeid t\u00f6\u00f6deldakse nimi, telefoninumber ja e-posti aadress; kauba kohaletoimetamise aadress; pangakonto number; kaupade ja teenuste maksumus ja maksetega seotud andmed (ostuajalugu); klienditoe andmed. Isikuandmete kogumine v\u00f5ib toimuda kliendi n\u00f5usolekul j\u00e4rgnevatel viisidel: [&hellip;]\" \/>\n<meta property=\"og:url\" content=\"https:\/\/lakaluk.com\/privacy-policy\/\" \/>\n<meta property=\"og:site_name\" content=\"LAKALUK\" \/>\n<meta property=\"article:modified_time\" content=\"2020-01-09T08:27:55+00:00\" \/>\n<meta property=\"og:image\" content=\"https:\/\/lakaluk.com\/wp-content\/uploads\/2020\/02\/LAKALUK-1-1-1.png\" \/>\n\t<meta property=\"og:image:width\" content=\"324\" \/>\n\t<meta property=\"og:image:height\" content=\"324\" \/>\n\t<meta property=\"og:image:type\" content=\"image\/png\" \/>\n<meta name=\"twitter:card\" content=\"summary_large_image\" \/>\n<meta name=\"twitter:label1\" content=\"Est. reading time\" \/>\n\t<meta name=\"twitter:data1\" content=\"4 minutit\" \/>\n<script type=\"application\/ld+json\" class=\"yoast-schema-graph\">{\"@context\":\"https:\/\/schema.org\",\"@graph\":[{\"@type\":\"WebPage\",\"@id\":\"https:\/\/lakaluk.com\/privacy-policy\/\",\"url\":\"https:\/\/lakaluk.com\/privacy-policy\/\",\"name\":\"Privaatsuspoliitika - LAKALUK\",\"isPartOf\":{\"@id\":\"https:\/\/lakaluk.com\/et\/#website\"},\"datePublished\":\"2019-04-17T05:25:31+00:00\",\"dateModified\":\"2020-01-09T08:27:55+00:00\",\"breadcrumb\":{\"@id\":\"https:\/\/lakaluk.com\/privacy-policy\/#breadcrumb\"},\"inLanguage\":\"et\",\"potentialAction\":[{\"@type\":\"ReadAction\",\"target\":[\"https:\/\/lakaluk.com\/privacy-policy\/\"]}]},{\"@type\":\"BreadcrumbList\",\"@id\":\"https:\/\/lakaluk.com\/privacy-policy\/#breadcrumb\",\"itemListElement\":[{\"@type\":\"ListItem\",\"position\":1,\"name\":\"Esileht\",\"item\":\"https:\/\/lakaluk.com\/et\/\"},{\"@type\":\"ListItem\",\"position\":2,\"name\":\"Privaatsuspoliitika\"}]},{\"@type\":\"WebSite\",\"@id\":\"https:\/\/lakaluk.com\/et\/#website\",\"url\":\"https:\/\/lakaluk.com\/et\/\",\"name\":\"LAKALUK\",\"description\":\"\",\"publisher\":{\"@id\":\"https:\/\/lakaluk.com\/et\/#organization\"},\"potentialAction\":[{\"@type\":\"SearchAction\",\"target\":{\"@type\":\"EntryPoint\",\"urlTemplate\":\"https:\/\/lakaluk.com\/et\/?s={search_term_string}\"},\"query-input\":{\"@type\":\"PropertyValueSpecification\",\"valueRequired\":true,\"valueName\":\"search_term_string\"}}],\"inLanguage\":\"et\"},{\"@type\":\"Organization\",\"@id\":\"https:\/\/lakaluk.com\/et\/#organization\",\"name\":\"LAKALUK O\u00dc\",\"url\":\"https:\/\/lakaluk.com\/et\/\",\"logo\":{\"@type\":\"ImageObject\",\"inLanguage\":\"et\",\"@id\":\"https:\/\/lakaluk.com\/et\/#\/schema\/logo\/image\/\",\"url\":\"https:\/\/lakaluk.com\/wp-content\/uploads\/2020\/02\/LAKALUK-1-1-1.png\",\"contentUrl\":\"https:\/\/lakaluk.com\/wp-content\/uploads\/2020\/02\/LAKALUK-1-1-1.png\",\"width\":324,\"height\":324,\"caption\":\"LAKALUK O\u00dc\"},\"image\":{\"@id\":\"https:\/\/lakaluk.com\/et\/#\/schema\/logo\/image\/\"},\"sameAs\":[\"https:\/\/www.instagram.com\/kekonigram\/\"]}]}<\/script>\n<!-- \/ Yoast SEO plugin. -->","yoast_head_json":{"title":"Privaatsuspoliitika - LAKALUK","robots":{"index":"index","follow":"follow","max-snippet":"max-snippet:-1","max-image-preview":"max-image-preview:large","max-video-preview":"max-video-preview:-1"},"canonical":"https:\/\/lakaluk.com\/privacy-policy\/","og_locale":"et_EE","og_type":"article","og_title":"Privaatsuspoliitika - LAKALUK","og_description":"Privaatsuspoliitika Veebipoe www.lakaluk.com isikuandmete vastutav t\u00f6\u00f6tleja on LAKALUK O\u00dc (registrikood 14723363) asukohaga R\u00f5ika 36, Tallinn, tel +372 555 26 413 ja e-kiri lakaluk@lakaluk.com Milliseid isikuandmeid t\u00f6\u00f6deldakse nimi, telefoninumber ja e-posti aadress; kauba kohaletoimetamise aadress; pangakonto number; kaupade ja teenuste maksumus ja maksetega seotud andmed (ostuajalugu); klienditoe andmed. Isikuandmete kogumine v\u00f5ib toimuda kliendi n\u00f5usolekul j\u00e4rgnevatel viisidel: [&hellip;]","og_url":"https:\/\/lakaluk.com\/privacy-policy\/","og_site_name":"LAKALUK","article_modified_time":"2020-01-09T08:27:55+00:00","og_image":[{"width":324,"height":324,"url":"https:\/\/lakaluk.com\/wp-content\/uploads\/2020\/02\/LAKALUK-1-1-1.png","type":"image\/png"}],"twitter_card":"summary_large_image","twitter_misc":{"Est. reading time":"4 minutit"},"schema":{"@context":"https:\/\/schema.org","@graph":[{"@type":"WebPage","@id":"https:\/\/lakaluk.com\/privacy-policy\/","url":"https:\/\/lakaluk.com\/privacy-policy\/","name":"Privaatsuspoliitika - LAKALUK","isPartOf":{"@id":"https:\/\/lakaluk.com\/et\/#website"},"datePublished":"2019-04-17T05:25:31+00:00","dateModified":"2020-01-09T08:27:55+00:00","breadcrumb":{"@id":"https:\/\/lakaluk.com\/privacy-policy\/#breadcrumb"},"inLanguage":"et","potentialAction":[{"@type":"ReadAction","target":["https:\/\/lakaluk.com\/privacy-policy\/"]}]},{"@type":"BreadcrumbList","@id":"https:\/\/lakaluk.com\/privacy-policy\/#breadcrumb","itemListElement":[{"@type":"ListItem","position":1,"name":"Esileht","item":"https:\/\/lakaluk.com\/et\/"},{"@type":"ListItem","position":2,"name":"Privaatsuspoliitika"}]},{"@type":"WebSite","@id":"https:\/\/lakaluk.com\/et\/#website","url":"https:\/\/lakaluk.com\/et\/","name":"LAKALUK","description":"","publisher":{"@id":"https:\/\/lakaluk.com\/et\/#organization"},"potentialAction":[{"@type":"SearchAction","target":{"@type":"EntryPoint","urlTemplate":"https:\/\/lakaluk.com\/et\/?s={search_term_string}"},"query-input":{"@type":"PropertyValueSpecification","valueRequired":true,"valueName":"search_term_string"}}],"inLanguage":"et"},{"@type":"Organization","@id":"https:\/\/lakaluk.com\/et\/#organization","name":"LAKALUK O\u00dc","url":"https:\/\/lakaluk.com\/et\/","logo":{"@type":"ImageObject","inLanguage":"et","@id":"https:\/\/lakaluk.com\/et\/#\/schema\/logo\/image\/","url":"https:\/\/lakaluk.com\/wp-content\/uploads\/2020\/02\/LAKALUK-1-1-1.png","contentUrl":"https:\/\/lakaluk.com\/wp-content\/uploads\/2020\/02\/LAKALUK-1-1-1.png","width":324,"height":324,"caption":"LAKALUK O\u00dc"},"image":{"@id":"https:\/\/lakaluk.com\/et\/#\/schema\/logo\/image\/"},"sameAs":["https:\/\/www.instagram.com\/kekonigram\/"]}]}},"_links":{"self":[{"href":"https:\/\/lakaluk.com\/et\/wp-json\/wp\/v2\/pages\/3904","targetHints":{"allow":["GET"]}}],"collection":[{"href":"https:\/\/lakaluk.com\/et\/wp-json\/wp\/v2\/pages"}],"about":[{"href":"https:\/\/lakaluk.com\/et\/wp-json\/wp\/v2\/types\/page"}],"author":[{"embeddable":true,"href":"https:\/\/lakaluk.com\/et\/wp-json\/wp\/v2\/users\/1"}],"replies":[{"embeddable":true,"href":"https:\/\/lakaluk.com\/et\/wp-json\/wp\/v2\/comments?post=3904"}],"version-history":[{"count":3,"href":"https:\/\/lakaluk.com\/et\/wp-json\/wp\/v2\/pages\/3904\/revisions"}],"predecessor-version":[{"id":5727,"href":"https:\/\/lakaluk.com\/et\/wp-json\/wp\/v2\/pages\/3904\/revisions\/5727"}],"wp:attachment":[{"href":"https:\/\/lakaluk.com\/et\/wp-json\/wp\/v2\/media?parent=3904"}],"curies":[{"name":"wp","href":"https:\/\/api.w.org\/{rel}","templated":true}]}}