{"id":3900,"date":"2019-04-17T08:20:15","date_gmt":"2019-04-17T05:20:15","guid":{"rendered":"https:\/\/lakaluk.com\/tarneviisid\/"},"modified":"2022-03-15T16:51:05","modified_gmt":"2022-03-15T14:51:05","slug":"tarneviisid","status":"publish","type":"page","link":"https:\/\/lakaluk.com\/et\/tarneviisid\/","title":{"rendered":"Tarneviisid"},"content":{"rendered":"<h3>Tarneviisid<\/h3>\n<h4>Tellimuse t\u00e4itmise aeg<\/h4>\n<ul>\n<li>Ronimispukid 1-2 t\u00f6\u00f6p\u00e4eva<\/li>\n<li>Vaibad 1 t\u00f6\u00f6p\u00e4ev<\/li>\n<li>\u00dclej\u00e4\u00e4nud tooted\u00a0 1 &#8211; 5 t\u00f6\u00f6p\u00e4eva<\/li>\n<\/ul>\n<h4>Tarneajad<\/h4>\n<ul>\n<li>Eesti\u00a0 1 -3 t\u00f6\u00f6p\u00e4eva<\/li>\n<li>Euroopa 5 &#8211; 14 p\u00e4eva<\/li>\n<li>V\u00e4ljaspoole Euroopat 7-21 p\u00e4eva<\/li>\n<\/ul>\n<p>V\u00e4ljaspool Eestis toimetab kauba kohale kohalik rahvuslik postiasutus.<\/p>\n<p>Erijuhtudel ja meist mitte s\u00f5ltuvatel p\u00f5hjustel v\u00f5ib v\u00f5tta transport kauem aega, kui \u00fclevalpool v\u00e4ljatoodud nimekirjas.<\/p>\n<h4>Saatmine Eestis<\/h4>\n<p>Eestisisesed saadetised j\u00f5uavad \u00fcldjuhul ostja m\u00e4\u00e4ratud sihtpunkti 3-7 t\u00f6\u00f6p\u00e4eva jooksul alates m\u00fc\u00fcgilepingu j\u00f5ustumist. Erandlikel juhtumitel on \u00f5igus kaup kohale toimetada kuni 30 kalendrip\u00e4eva jooksul. Info tavap\u00e4rasest pikema kohaletoimetamise aja kohta asub tootekirjelduses v\u00f5i teavitatakse ostjale esimesel v\u00f5imalusel peale ostu sooritamist.<\/p>\n<p>K\u00f5ikide toodete tarne pakiautomaati on tasuta.<\/p>\n<p>Saatmisviisid:<\/p>\n<ul>\n<li>Omniva Eesti pakiautomaadid<\/li>\n<li>Kuller<\/li>\n<li>Tulen ise j\u00e4rgi (R\u00f5ika 36, Tallinn)<\/li>\n<\/ul>\n<h4>Saatmine Soome<\/h4>\n<p>Kauba saatmiskulud kannab ostja ning vastav hinnainfo on kuvatud saatmisviisi juures. Soomes toimub kohaletoimetamine 10 kalendrip\u00e4eva jooksul. Erandlikel juhtumitel on \u00f5igus kaup kohale toimetada kuni 30 kalendrip\u00e4eva jooksul. Info tavap\u00e4rasest pikema kohaletoimetamise aja kohta asub tootekirjelduses v\u00f5i teavitatakse ostjale esimesel v\u00f5imalusel peale ostu sooritamist.<\/p>\n<p>K\u00f5ikide toodete tarne on tasuta.<\/p>\n<ul>\n<li>Smartpost Soome pakiautomaadid<\/li>\n<li>Omniva Standardpakk<\/li>\n<\/ul>\n<h4>Saatmine Euroopasse<\/h4>\n<p>Enamasti v\u00f5tab paki kohalej\u00f5udmine Euroopas aega 5-14 p\u00e4eva. Erandlikel juhtumitel on \u00f5igus kaup kohale toimetada kuni 30 kalendrip\u00e4eva jooksul. Info tavap\u00e4rasest pikema kohaletoimetamise aja kohta asub tootekirjelduses v\u00f5i teavitatakse ostjale esimesel v\u00f5imalusel peale ostu sooritamist.<\/p>\n<p>K\u00f5ikide toodete tarne on tasuta.<\/p>\n<ul>\n<li>Omniva Standardpakk<\/li>\n<\/ul>\n<h4>Saatmine v\u00e4ljaspoole Euroopat<\/h4>\n<p>Enamasti v\u00f5tab paki kohalej\u00f5udmine Euroopas aega 10-21 p\u00e4eva. Erandlikel juhtumitel on \u00f5igus kaup kohale toimetada kuni 45 kalendrip\u00e4eva jooksul. Info tavap\u00e4rasest pikema kohaletoimetamise aja kohta asub tootekirjelduses v\u00f5i teavitatakse ostjale esimesel v\u00f5imalusel peale ostu sooritamist.<\/p>\n<p>K\u00f5ikide toodete tarne on tasuta.<\/p>\n<ul>\n<li>Omniva Standardpakk<\/li>\n<\/ul>\n","protected":false},"excerpt":{"rendered":"<p>Tarneviisid Tellimuse t\u00e4itmise aeg Ronimispukid 1-2 t\u00f6\u00f6p\u00e4eva Vaibad 1 t\u00f6\u00f6p\u00e4ev \u00dclej\u00e4\u00e4nud tooted\u00a0 1 &#8211; 5 t\u00f6\u00f6p\u00e4eva Tarneajad Eesti\u00a0 1 -3 t\u00f6\u00f6p\u00e4eva Euroopa 5 &#8211; 14 p\u00e4eva V\u00e4ljaspoole Euroopat 7-21 p\u00e4eva V\u00e4ljaspool Eestis toimetab kauba kohale kohalik rahvuslik postiasutus. Erijuhtudel ja meist mitte s\u00f5ltuvatel p\u00f5hjustel v\u00f5ib v\u00f5tta transport kauem aega, kui \u00fclevalpool v\u00e4ljatoodud nimekirjas. Saatmine Eestis [&hellip;]<\/p>\n","protected":false},"author":1,"featured_media":0,"parent":0,"menu_order":0,"comment_status":"closed","ping_status":"closed","template":"","meta":{"footnotes":""},"class_list":["post-3900","page","type-page","status-publish","hentry"],"yoast_head":"<!-- This site is optimized with the Yoast SEO plugin v24.3 - https:\/\/yoast.com\/wordpress\/plugins\/seo\/ -->\n<title>Tarneviisid - LAKALUK<\/title>\n<meta name=\"robots\" content=\"index, follow, max-snippet:-1, max-image-preview:large, max-video-preview:-1\" \/>\n<link rel=\"canonical\" href=\"https:\/\/lakaluk.com\/shipping\/\" \/>\n<meta property=\"og:locale\" content=\"et_EE\" \/>\n<meta property=\"og:type\" content=\"article\" \/>\n<meta property=\"og:title\" content=\"Tarneviisid - LAKALUK\" \/>\n<meta property=\"og:description\" content=\"Tarneviisid Tellimuse t\u00e4itmise aeg Ronimispukid 1-2 t\u00f6\u00f6p\u00e4eva Vaibad 1 t\u00f6\u00f6p\u00e4ev \u00dclej\u00e4\u00e4nud tooted\u00a0 1 &#8211; 5 t\u00f6\u00f6p\u00e4eva Tarneajad Eesti\u00a0 1 -3 t\u00f6\u00f6p\u00e4eva Euroopa 5 &#8211; 14 p\u00e4eva V\u00e4ljaspoole Euroopat 7-21 p\u00e4eva V\u00e4ljaspool Eestis toimetab kauba kohale kohalik rahvuslik postiasutus. Erijuhtudel ja meist mitte s\u00f5ltuvatel p\u00f5hjustel v\u00f5ib v\u00f5tta transport kauem aega, kui \u00fclevalpool v\u00e4ljatoodud nimekirjas. Saatmine Eestis [&hellip;]\" \/>\n<meta property=\"og:url\" content=\"https:\/\/lakaluk.com\/shipping\/\" \/>\n<meta property=\"og:site_name\" content=\"LAKALUK\" \/>\n<meta property=\"article:modified_time\" content=\"2022-03-15T14:51:05+00:00\" \/>\n<meta property=\"og:image\" content=\"https:\/\/lakaluk.com\/wp-content\/uploads\/2020\/02\/LAKALUK-1-1-1.png\" \/>\n\t<meta property=\"og:image:width\" content=\"324\" \/>\n\t<meta property=\"og:image:height\" content=\"324\" \/>\n\t<meta property=\"og:image:type\" content=\"image\/png\" \/>\n<meta name=\"twitter:card\" content=\"summary_large_image\" \/>\n<meta name=\"twitter:label1\" content=\"Est. reading time\" \/>\n\t<meta name=\"twitter:data1\" content=\"2 minutit\" \/>\n<script type=\"application\/ld+json\" class=\"yoast-schema-graph\">{\"@context\":\"https:\/\/schema.org\",\"@graph\":[{\"@type\":\"WebPage\",\"@id\":\"https:\/\/lakaluk.com\/shipping\/\",\"url\":\"https:\/\/lakaluk.com\/shipping\/\",\"name\":\"Tarneviisid - LAKALUK\",\"isPartOf\":{\"@id\":\"https:\/\/lakaluk.com\/et\/#website\"},\"datePublished\":\"2019-04-17T05:20:15+00:00\",\"dateModified\":\"2022-03-15T14:51:05+00:00\",\"breadcrumb\":{\"@id\":\"https:\/\/lakaluk.com\/shipping\/#breadcrumb\"},\"inLanguage\":\"et\",\"potentialAction\":[{\"@type\":\"ReadAction\",\"target\":[\"https:\/\/lakaluk.com\/shipping\/\"]}]},{\"@type\":\"BreadcrumbList\",\"@id\":\"https:\/\/lakaluk.com\/shipping\/#breadcrumb\",\"itemListElement\":[{\"@type\":\"ListItem\",\"position\":1,\"name\":\"Esileht\",\"item\":\"https:\/\/lakaluk.com\/et\/\"},{\"@type\":\"ListItem\",\"position\":2,\"name\":\"Tarneviisid\"}]},{\"@type\":\"WebSite\",\"@id\":\"https:\/\/lakaluk.com\/et\/#website\",\"url\":\"https:\/\/lakaluk.com\/et\/\",\"name\":\"LAKALUK\",\"description\":\"\",\"publisher\":{\"@id\":\"https:\/\/lakaluk.com\/et\/#organization\"},\"potentialAction\":[{\"@type\":\"SearchAction\",\"target\":{\"@type\":\"EntryPoint\",\"urlTemplate\":\"https:\/\/lakaluk.com\/et\/?s={search_term_string}\"},\"query-input\":{\"@type\":\"PropertyValueSpecification\",\"valueRequired\":true,\"valueName\":\"search_term_string\"}}],\"inLanguage\":\"et\"},{\"@type\":\"Organization\",\"@id\":\"https:\/\/lakaluk.com\/et\/#organization\",\"name\":\"LAKALUK O\u00dc\",\"url\":\"https:\/\/lakaluk.com\/et\/\",\"logo\":{\"@type\":\"ImageObject\",\"inLanguage\":\"et\",\"@id\":\"https:\/\/lakaluk.com\/et\/#\/schema\/logo\/image\/\",\"url\":\"https:\/\/lakaluk.com\/wp-content\/uploads\/2020\/02\/LAKALUK-1-1-1.png\",\"contentUrl\":\"https:\/\/lakaluk.com\/wp-content\/uploads\/2020\/02\/LAKALUK-1-1-1.png\",\"width\":324,\"height\":324,\"caption\":\"LAKALUK O\u00dc\"},\"image\":{\"@id\":\"https:\/\/lakaluk.com\/et\/#\/schema\/logo\/image\/\"},\"sameAs\":[\"https:\/\/www.instagram.com\/kekonigram\/\"]}]}<\/script>\n<!-- \/ Yoast SEO plugin. -->","yoast_head_json":{"title":"Tarneviisid - LAKALUK","robots":{"index":"index","follow":"follow","max-snippet":"max-snippet:-1","max-image-preview":"max-image-preview:large","max-video-preview":"max-video-preview:-1"},"canonical":"https:\/\/lakaluk.com\/shipping\/","og_locale":"et_EE","og_type":"article","og_title":"Tarneviisid - LAKALUK","og_description":"Tarneviisid Tellimuse t\u00e4itmise aeg Ronimispukid 1-2 t\u00f6\u00f6p\u00e4eva Vaibad 1 t\u00f6\u00f6p\u00e4ev \u00dclej\u00e4\u00e4nud tooted\u00a0 1 &#8211; 5 t\u00f6\u00f6p\u00e4eva Tarneajad Eesti\u00a0 1 -3 t\u00f6\u00f6p\u00e4eva Euroopa 5 &#8211; 14 p\u00e4eva V\u00e4ljaspoole Euroopat 7-21 p\u00e4eva V\u00e4ljaspool Eestis toimetab kauba kohale kohalik rahvuslik postiasutus. Erijuhtudel ja meist mitte s\u00f5ltuvatel p\u00f5hjustel v\u00f5ib v\u00f5tta transport kauem aega, kui \u00fclevalpool v\u00e4ljatoodud nimekirjas. Saatmine Eestis [&hellip;]","og_url":"https:\/\/lakaluk.com\/shipping\/","og_site_name":"LAKALUK","article_modified_time":"2022-03-15T14:51:05+00:00","og_image":[{"width":324,"height":324,"url":"https:\/\/lakaluk.com\/wp-content\/uploads\/2020\/02\/LAKALUK-1-1-1.png","type":"image\/png"}],"twitter_card":"summary_large_image","twitter_misc":{"Est. reading time":"2 minutit"},"schema":{"@context":"https:\/\/schema.org","@graph":[{"@type":"WebPage","@id":"https:\/\/lakaluk.com\/shipping\/","url":"https:\/\/lakaluk.com\/shipping\/","name":"Tarneviisid - LAKALUK","isPartOf":{"@id":"https:\/\/lakaluk.com\/et\/#website"},"datePublished":"2019-04-17T05:20:15+00:00","dateModified":"2022-03-15T14:51:05+00:00","breadcrumb":{"@id":"https:\/\/lakaluk.com\/shipping\/#breadcrumb"},"inLanguage":"et","potentialAction":[{"@type":"ReadAction","target":["https:\/\/lakaluk.com\/shipping\/"]}]},{"@type":"BreadcrumbList","@id":"https:\/\/lakaluk.com\/shipping\/#breadcrumb","itemListElement":[{"@type":"ListItem","position":1,"name":"Esileht","item":"https:\/\/lakaluk.com\/et\/"},{"@type":"ListItem","position":2,"name":"Tarneviisid"}]},{"@type":"WebSite","@id":"https:\/\/lakaluk.com\/et\/#website","url":"https:\/\/lakaluk.com\/et\/","name":"LAKALUK","description":"","publisher":{"@id":"https:\/\/lakaluk.com\/et\/#organization"},"potentialAction":[{"@type":"SearchAction","target":{"@type":"EntryPoint","urlTemplate":"https:\/\/lakaluk.com\/et\/?s={search_term_string}"},"query-input":{"@type":"PropertyValueSpecification","valueRequired":true,"valueName":"search_term_string"}}],"inLanguage":"et"},{"@type":"Organization","@id":"https:\/\/lakaluk.com\/et\/#organization","name":"LAKALUK O\u00dc","url":"https:\/\/lakaluk.com\/et\/","logo":{"@type":"ImageObject","inLanguage":"et","@id":"https:\/\/lakaluk.com\/et\/#\/schema\/logo\/image\/","url":"https:\/\/lakaluk.com\/wp-content\/uploads\/2020\/02\/LAKALUK-1-1-1.png","contentUrl":"https:\/\/lakaluk.com\/wp-content\/uploads\/2020\/02\/LAKALUK-1-1-1.png","width":324,"height":324,"caption":"LAKALUK O\u00dc"},"image":{"@id":"https:\/\/lakaluk.com\/et\/#\/schema\/logo\/image\/"},"sameAs":["https:\/\/www.instagram.com\/kekonigram\/"]}]}},"_links":{"self":[{"href":"https:\/\/lakaluk.com\/et\/wp-json\/wp\/v2\/pages\/3900","targetHints":{"allow":["GET"]}}],"collection":[{"href":"https:\/\/lakaluk.com\/et\/wp-json\/wp\/v2\/pages"}],"about":[{"href":"https:\/\/lakaluk.com\/et\/wp-json\/wp\/v2\/types\/page"}],"author":[{"embeddable":true,"href":"https:\/\/lakaluk.com\/et\/wp-json\/wp\/v2\/users\/1"}],"replies":[{"embeddable":true,"href":"https:\/\/lakaluk.com\/et\/wp-json\/wp\/v2\/comments?post=3900"}],"version-history":[{"count":10,"href":"https:\/\/lakaluk.com\/et\/wp-json\/wp\/v2\/pages\/3900\/revisions"}],"predecessor-version":[{"id":6822,"href":"https:\/\/lakaluk.com\/et\/wp-json\/wp\/v2\/pages\/3900\/revisions\/6822"}],"wp:attachment":[{"href":"https:\/\/lakaluk.com\/et\/wp-json\/wp\/v2\/media?parent=3900"}],"curies":[{"name":"wp","href":"https:\/\/api.w.org\/{rel}","templated":true}]}}