{"id":3865,"date":"2019-04-16T15:13:24","date_gmt":"2019-04-16T12:13:24","guid":{"rendered":"https:\/\/lakaluk.com\/meist\/"},"modified":"2024-10-07T15:24:39","modified_gmt":"2024-10-07T12:24:39","slug":"meist","status":"publish","type":"page","link":"https:\/\/lakaluk.com\/et\/meist\/","title":{"rendered":"Meist"},"content":{"rendered":"<div class=\"wpb-content-wrapper\"><p>[vc_row][vc_column width=&#8221;1\/6&#8243;][\/vc_column][vc_column width=&#8221;2\/3&#8243;][vc_column_text css=&#8221;&#8221;]<\/p>\n<p>Lakaluk on tilluke loovstuudio, mis on keskendunud k\u00e4sitsi tootmisele \u2013 lastetoa aksessuaaridele ja m\u00e4nguasjadele, disainiteadlikele perekondadele. Lakaluki br\u00e4nd on Kertu tegu ja n\u00e4gu, kes on ka peamiseks disaineriks ja toodete valmistajaks. Kertu suurimaks inspiratsiooniks oli tema poja s\u00fcnd 2017. aasta septembris, kui ta avastas enda jaoks t\u00e4iesti uue maailma \u2013 mis on t\u00e4is m\u00e4nguasju ja lastetoa ilu. Inspiratsiooni pakub talle Sknadinaavia disaini lihtsus, minimalism, geomeetria ja loodus.<\/p>\n<p>Lakaluki missioon on luua unikaalsust, kvalteeti ja lapses\u00f5bralikke tooteid just k\u00f5ige pisematele, mis pakuks silmailu ja naudingut ka t\u00e4iskasvanutele. Lakaluki jaoks on oluline, et lapse loomingulisuse areng ja maailma avastamamine k\u00e4iks l\u00e4bi naturaalsete materjalide.<\/p>\n<p>K\u00f5ik Lakaluki tooted on k\u00e4sitsi toodetud ja k\u00e4sitsi v\u00e4rvitud Eestis. Kertu t\u00f6\u00f6tab oma kodustuudios Tallinnas.<\/p>\n<p>[\/vc_column_text][vc_single_image image=&#8221;3815&#8243; img_size=&#8221;large&#8221; alignment=&#8221;center&#8221; css=&#8221;&#8221;][\/vc_column][vc_column width=&#8221;1\/6&#8243;][\/vc_column][\/vc_row]<\/p>\n<p>&nbsp;<\/p>\n<p>&nbsp;<\/p>\n<p>&nbsp;<\/p>\n<\/div>","protected":false},"excerpt":{"rendered":"<p>[vc_row][vc_column width=&#8221;1\/6&#8243;][\/vc_column][vc_column width=&#8221;2\/3&#8243;][vc_column_text css=&#8221;&#8221;] Lakaluk on tilluke loovstuudio, mis on keskendunud k\u00e4sitsi tootmisele \u2013 lastetoa aksessuaaridele ja m\u00e4nguasjadele, disainiteadlikele perekondadele. Lakaluki br\u00e4nd on Kertu tegu ja n\u00e4gu, kes on ka peamiseks disaineriks ja toodete valmistajaks. Kertu suurimaks inspiratsiooniks oli tema poja s\u00fcnd 2017. aasta septembris, kui ta avastas enda jaoks t\u00e4iesti uue maailma \u2013 mis [&hellip;]<\/p>\n","protected":false},"author":1,"featured_media":0,"parent":0,"menu_order":0,"comment_status":"closed","ping_status":"closed","template":"","meta":{"footnotes":""},"class_list":["post-3865","page","type-page","status-publish","hentry"],"yoast_head":"<!-- This site is optimized with the Yoast SEO plugin v24.3 - https:\/\/yoast.com\/wordpress\/plugins\/seo\/ -->\n<title>Meist - LAKALUK<\/title>\n<meta name=\"robots\" content=\"index, follow, max-snippet:-1, max-image-preview:large, max-video-preview:-1\" \/>\n<link rel=\"canonical\" href=\"https:\/\/lakaluk.com\/et\/meist\/\" \/>\n<meta property=\"og:locale\" content=\"et_EE\" \/>\n<meta property=\"og:type\" content=\"article\" \/>\n<meta property=\"og:title\" content=\"Meist - LAKALUK\" \/>\n<meta property=\"og:description\" content=\"[vc_row][vc_column width=&#8221;1\/6&#8243;][\/vc_column][vc_column width=&#8221;2\/3&#8243;][vc_column_text css=&#8221;&#8221;] Lakaluk on tilluke loovstuudio, mis on keskendunud k\u00e4sitsi tootmisele \u2013 lastetoa aksessuaaridele ja m\u00e4nguasjadele, disainiteadlikele perekondadele. Lakaluki br\u00e4nd on Kertu tegu ja n\u00e4gu, kes on ka peamiseks disaineriks ja toodete valmistajaks. Kertu suurimaks inspiratsiooniks oli tema poja s\u00fcnd 2017. aasta septembris, kui ta avastas enda jaoks t\u00e4iesti uue maailma \u2013 mis [&hellip;]\" \/>\n<meta property=\"og:url\" content=\"https:\/\/lakaluk.com\/et\/meist\/\" \/>\n<meta property=\"og:site_name\" content=\"LAKALUK\" \/>\n<meta property=\"article:modified_time\" content=\"2024-10-07T12:24:39+00:00\" \/>\n<meta property=\"og:image\" content=\"https:\/\/lakaluk.com\/wp-content\/uploads\/2020\/02\/LAKALUK-1-1-1.png\" \/>\n\t<meta property=\"og:image:width\" content=\"324\" \/>\n\t<meta property=\"og:image:height\" content=\"324\" \/>\n\t<meta property=\"og:image:type\" content=\"image\/png\" \/>\n<meta name=\"twitter:card\" content=\"summary_large_image\" \/>\n<meta name=\"twitter:label1\" content=\"Est. reading time\" \/>\n\t<meta name=\"twitter:data1\" content=\"1 minut\" \/>\n<script type=\"application\/ld+json\" class=\"yoast-schema-graph\">{\"@context\":\"https:\/\/schema.org\",\"@graph\":[{\"@type\":\"WebPage\",\"@id\":\"https:\/\/lakaluk.com\/et\/meist\/\",\"url\":\"https:\/\/lakaluk.com\/et\/meist\/\",\"name\":\"Meist - LAKALUK\",\"isPartOf\":{\"@id\":\"https:\/\/lakaluk.com\/et\/#website\"},\"datePublished\":\"2019-04-16T12:13:24+00:00\",\"dateModified\":\"2024-10-07T12:24:39+00:00\",\"breadcrumb\":{\"@id\":\"https:\/\/lakaluk.com\/et\/meist\/#breadcrumb\"},\"inLanguage\":\"et\",\"potentialAction\":[{\"@type\":\"ReadAction\",\"target\":[\"https:\/\/lakaluk.com\/et\/meist\/\"]}]},{\"@type\":\"BreadcrumbList\",\"@id\":\"https:\/\/lakaluk.com\/et\/meist\/#breadcrumb\",\"itemListElement\":[{\"@type\":\"ListItem\",\"position\":1,\"name\":\"Esileht\",\"item\":\"https:\/\/lakaluk.com\/et\/\"},{\"@type\":\"ListItem\",\"position\":2,\"name\":\"Meist\"}]},{\"@type\":\"WebSite\",\"@id\":\"https:\/\/lakaluk.com\/et\/#website\",\"url\":\"https:\/\/lakaluk.com\/et\/\",\"name\":\"LAKALUK\",\"description\":\"\",\"publisher\":{\"@id\":\"https:\/\/lakaluk.com\/et\/#organization\"},\"potentialAction\":[{\"@type\":\"SearchAction\",\"target\":{\"@type\":\"EntryPoint\",\"urlTemplate\":\"https:\/\/lakaluk.com\/et\/?s={search_term_string}\"},\"query-input\":{\"@type\":\"PropertyValueSpecification\",\"valueRequired\":true,\"valueName\":\"search_term_string\"}}],\"inLanguage\":\"et\"},{\"@type\":\"Organization\",\"@id\":\"https:\/\/lakaluk.com\/et\/#organization\",\"name\":\"LAKALUK O\u00dc\",\"url\":\"https:\/\/lakaluk.com\/et\/\",\"logo\":{\"@type\":\"ImageObject\",\"inLanguage\":\"et\",\"@id\":\"https:\/\/lakaluk.com\/et\/#\/schema\/logo\/image\/\",\"url\":\"https:\/\/lakaluk.com\/wp-content\/uploads\/2020\/02\/LAKALUK-1-1-1.png\",\"contentUrl\":\"https:\/\/lakaluk.com\/wp-content\/uploads\/2020\/02\/LAKALUK-1-1-1.png\",\"width\":324,\"height\":324,\"caption\":\"LAKALUK O\u00dc\"},\"image\":{\"@id\":\"https:\/\/lakaluk.com\/et\/#\/schema\/logo\/image\/\"},\"sameAs\":[\"https:\/\/www.instagram.com\/kekonigram\/\"]}]}<\/script>\n<!-- \/ Yoast SEO plugin. -->","yoast_head_json":{"title":"Meist - LAKALUK","robots":{"index":"index","follow":"follow","max-snippet":"max-snippet:-1","max-image-preview":"max-image-preview:large","max-video-preview":"max-video-preview:-1"},"canonical":"https:\/\/lakaluk.com\/et\/meist\/","og_locale":"et_EE","og_type":"article","og_title":"Meist - LAKALUK","og_description":"[vc_row][vc_column width=&#8221;1\/6&#8243;][\/vc_column][vc_column width=&#8221;2\/3&#8243;][vc_column_text css=&#8221;&#8221;] Lakaluk on tilluke loovstuudio, mis on keskendunud k\u00e4sitsi tootmisele \u2013 lastetoa aksessuaaridele ja m\u00e4nguasjadele, disainiteadlikele perekondadele. Lakaluki br\u00e4nd on Kertu tegu ja n\u00e4gu, kes on ka peamiseks disaineriks ja toodete valmistajaks. Kertu suurimaks inspiratsiooniks oli tema poja s\u00fcnd 2017. aasta septembris, kui ta avastas enda jaoks t\u00e4iesti uue maailma \u2013 mis [&hellip;]","og_url":"https:\/\/lakaluk.com\/et\/meist\/","og_site_name":"LAKALUK","article_modified_time":"2024-10-07T12:24:39+00:00","og_image":[{"width":324,"height":324,"url":"https:\/\/lakaluk.com\/wp-content\/uploads\/2020\/02\/LAKALUK-1-1-1.png","type":"image\/png"}],"twitter_card":"summary_large_image","twitter_misc":{"Est. reading time":"1 minut"},"schema":{"@context":"https:\/\/schema.org","@graph":[{"@type":"WebPage","@id":"https:\/\/lakaluk.com\/et\/meist\/","url":"https:\/\/lakaluk.com\/et\/meist\/","name":"Meist - LAKALUK","isPartOf":{"@id":"https:\/\/lakaluk.com\/et\/#website"},"datePublished":"2019-04-16T12:13:24+00:00","dateModified":"2024-10-07T12:24:39+00:00","breadcrumb":{"@id":"https:\/\/lakaluk.com\/et\/meist\/#breadcrumb"},"inLanguage":"et","potentialAction":[{"@type":"ReadAction","target":["https:\/\/lakaluk.com\/et\/meist\/"]}]},{"@type":"BreadcrumbList","@id":"https:\/\/lakaluk.com\/et\/meist\/#breadcrumb","itemListElement":[{"@type":"ListItem","position":1,"name":"Esileht","item":"https:\/\/lakaluk.com\/et\/"},{"@type":"ListItem","position":2,"name":"Meist"}]},{"@type":"WebSite","@id":"https:\/\/lakaluk.com\/et\/#website","url":"https:\/\/lakaluk.com\/et\/","name":"LAKALUK","description":"","publisher":{"@id":"https:\/\/lakaluk.com\/et\/#organization"},"potentialAction":[{"@type":"SearchAction","target":{"@type":"EntryPoint","urlTemplate":"https:\/\/lakaluk.com\/et\/?s={search_term_string}"},"query-input":{"@type":"PropertyValueSpecification","valueRequired":true,"valueName":"search_term_string"}}],"inLanguage":"et"},{"@type":"Organization","@id":"https:\/\/lakaluk.com\/et\/#organization","name":"LAKALUK O\u00dc","url":"https:\/\/lakaluk.com\/et\/","logo":{"@type":"ImageObject","inLanguage":"et","@id":"https:\/\/lakaluk.com\/et\/#\/schema\/logo\/image\/","url":"https:\/\/lakaluk.com\/wp-content\/uploads\/2020\/02\/LAKALUK-1-1-1.png","contentUrl":"https:\/\/lakaluk.com\/wp-content\/uploads\/2020\/02\/LAKALUK-1-1-1.png","width":324,"height":324,"caption":"LAKALUK O\u00dc"},"image":{"@id":"https:\/\/lakaluk.com\/et\/#\/schema\/logo\/image\/"},"sameAs":["https:\/\/www.instagram.com\/kekonigram\/"]}]}},"_links":{"self":[{"href":"https:\/\/lakaluk.com\/et\/wp-json\/wp\/v2\/pages\/3865","targetHints":{"allow":["GET"]}}],"collection":[{"href":"https:\/\/lakaluk.com\/et\/wp-json\/wp\/v2\/pages"}],"about":[{"href":"https:\/\/lakaluk.com\/et\/wp-json\/wp\/v2\/types\/page"}],"author":[{"embeddable":true,"href":"https:\/\/lakaluk.com\/et\/wp-json\/wp\/v2\/users\/1"}],"replies":[{"embeddable":true,"href":"https:\/\/lakaluk.com\/et\/wp-json\/wp\/v2\/comments?post=3865"}],"version-history":[{"count":11,"href":"https:\/\/lakaluk.com\/et\/wp-json\/wp\/v2\/pages\/3865\/revisions"}],"predecessor-version":[{"id":8513,"href":"https:\/\/lakaluk.com\/et\/wp-json\/wp\/v2\/pages\/3865\/revisions\/8513"}],"wp:attachment":[{"href":"https:\/\/lakaluk.com\/et\/wp-json\/wp\/v2\/media?parent=3865"}],"curies":[{"name":"wp","href":"https:\/\/api.w.org\/{rel}","templated":true}]}}